{"id":5937,"date":"2023-02-02T16:26:31","date_gmt":"2023-02-02T15:26:31","guid":{"rendered":"https:\/\/osterhus.testserver-seitlicht.de\/gtc\/"},"modified":"2025-05-23T10:47:12","modified_gmt":"2025-05-23T08:47:12","slug":"gtc","status":"publish","type":"page","link":"https:\/\/osterhus.testserver-seitlicht.de\/pl\/gtc\/","title":{"rendered":"GTC"},"content":{"rendered":"\t\t<div data-elementor-type=\"wp-page\" data-elementor-id=\"5937\" class=\"elementor elementor-5937 elementor-3884\" data-elementor-post-type=\"page\">\n\t\t\t\t\t\t<section class=\"elementor-section elementor-top-section elementor-element elementor-element-7403e4d elementor-section-boxed elementor-section-height-default elementor-section-height-default\" data-id=\"7403e4d\" data-element_type=\"section\">\n\t\t\t\t\t\t<div class=\"elementor-container elementor-column-gap-wide\">\n\t\t\t\t\t<div class=\"elementor-column elementor-col-100 elementor-top-column elementor-element elementor-element-59c7a68\" data-id=\"59c7a68\" data-element_type=\"column\">\n\t\t\t<div class=\"elementor-widget-wrap elementor-element-populated\">\n\t\t\t\t\t\t<div class=\"elementor-element elementor-element-fb31e0b elementor-widget elementor-widget-spacer\" data-id=\"fb31e0b\" data-element_type=\"widget\" data-widget_type=\"spacer.default\">\n\t\t\t\t<div class=\"elementor-widget-container\">\n\t\t\t\t\t\t\t<div class=\"elementor-spacer\">\n\t\t\t<div class=\"elementor-spacer-inner\"><\/div>\n\t\t<\/div>\n\t\t\t\t\t\t<\/div>\n\t\t\t\t<\/div>\n\t\t\t\t<div class=\"elementor-element elementor-element-5b4987c elementor-widget elementor-widget-text-editor\" data-id=\"5b4987c\" data-element_type=\"widget\" data-widget_type=\"text-editor.default\">\n\t\t\t\t<div class=\"elementor-widget-container\">\n\t\t\t\t\t\t\t\t\t<h2 class=\"elementor-heading-title elementor-size-default elementor-inline-editing pen\" contenteditable=\"true\" data-elementor-setting-key=\"title\" data-pen-placeholder=\"Eingabe hier...\">Og\u00f3lne warunki handlowe<\/h2>\n<h4>Warunki sprzeda\u017cy i p\u0142atno\u015bci.<\/h4>\n<h4>Warunki p\u0142atno\u015bci<\/h4>\nO ile wyra\u017anie nie uzgodniono inaczej, p\u0142atno\u015b\u0107 za nasze faktury jest wymagalna bez potr\u0105ce\u0144 w ci\u0105gu 4 tygodni od daty wystawienia faktury. W przypadku nieotrzymania p\u0142atno\u015bci w terminie, zastrzegamy sobie prawo do naliczenia odsetek za zw\u0142ok\u0119 w wysoko\u015bci odpowiedniej stopy dyskontowej krajowego banku centralnego.\nW przypadku uzgodnienia p\u0142atno\u015bci ratalnych, raty musz\u0105 zosta\u0107 zap\u0142acone w terminie. Je\u015bli kupuj\u0105cy nie sp\u0142aci raty, ca\u0142a pozosta\u0142a cena zakupu staje si\u0119 natychmiast wymagalna.\nW przypadku finansowania wekslowego koszty weksla ponosi kupuj\u0105cy.  \n<h4>Zachowanie tytu\u0142u w\u0142asno\u015bci<\/h4>\nWszystkie przedmioty zakupu pozostaj\u0105 w\u0142asno\u015bci\u0105 sprzedaj\u0105cego do momentu ca\u0142kowitego uregulowania wszystkich zobowi\u0105za\u0144 kupuj\u0105cego wynikaj\u0105cych z umowy kupna.\n<h4>Miejsce realizacji<\/h4>\nMiejscem spe\u0142nienia \u015bwiadczenia dla obu stron i miejscem jurysdykcji dla obu stron jest Cloppenburg we wszystkich przypadkach, niezale\u017cnie od miejsca p\u0142atno\u015bci.\n<h4>Wskaz\u00f3wka<\/h4>\nNiniejszym zwracamy uwag\u0119 na dwuletni obowi\u0105zek zatrzymania dla us\u0142ugobiorc\u00f3w nieb\u0119d\u0105cych przedsi\u0119biorcami zgodnie z \u00a7 14b ust. 1 niemieckiej ustawy o podatku od towar\u00f3w i us\u0142ug. \t\t\t\t\t\t\t\t<\/div>\n\t\t\t\t<\/div>\n\t\t\t\t<div class=\"elementor-element elementor-element-d9d1c39 elementor-widget elementor-widget-spacer\" data-id=\"d9d1c39\" data-element_type=\"widget\" data-widget_type=\"spacer.default\">\n\t\t\t\t<div class=\"elementor-widget-container\">\n\t\t\t\t\t\t\t<div class=\"elementor-spacer\">\n\t\t\t<div class=\"elementor-spacer-inner\"><\/div>\n\t\t<\/div>\n\t\t\t\t\t\t<\/div>\n\t\t\t\t<\/div>\n\t\t\t\t\t<\/div>\n\t\t<\/div>\n\t\t\t\t\t<\/div>\n\t\t<\/section>\n\t\t\t\t<\/div>\n\t\t","protected":false},"excerpt":{"rendered":"<p>Og\u00f3lne warunki handlowe Warunki sprzeda\u017cy i p\u0142atno\u015bci. Warunki p\u0142atno\u015bci O ile wyra\u017anie nie uzgodniono inaczej, p\u0142atno\u015b\u0107 za nasze faktury jest wymagalna bez potr\u0105ce\u0144 w ci\u0105gu 4 tygodni od daty wystawienia faktury. W przypadku nieotrzymania p\u0142atno\u015bci w terminie, zastrzegamy sobie prawo do naliczenia odsetek za zw\u0142ok\u0119 w wysoko\u015bci odpowiedniej stopy dyskontowej krajowego banku centralnego. W przypadku [&hellip;]<\/p>\n","protected":false},"author":1,"featured_media":0,"parent":0,"menu_order":0,"comment_status":"closed","ping_status":"closed","template":"","meta":{"footnotes":""},"class_list":["post-5937","page","type-page","status-publish","hentry"],"yoast_head":"<!-- This site is optimized with the Yoast SEO plugin v25.1 - https:\/\/yoast.com\/wordpress\/plugins\/seo\/ -->\n<title>GTC - Clemens Osterhus GmbH &amp; Co. KG<\/title>\n<meta name=\"robots\" content=\"index, follow, max-snippet:-1, max-image-preview:large, max-video-preview:-1\" \/>\n<link rel=\"canonical\" href=\"https:\/\/osterhus.testserver-seitlicht.de\/pl\/gtc\/\" \/>\n<meta property=\"og:locale\" content=\"pl_PL\" \/>\n<meta property=\"og:type\" content=\"article\" \/>\n<meta property=\"og:title\" content=\"GTC - Clemens Osterhus GmbH &amp; Co. KG\" \/>\n<meta property=\"og:description\" content=\"Og\u00f3lne warunki handlowe Warunki sprzeda\u017cy i p\u0142atno\u015bci. Warunki p\u0142atno\u015bci O ile wyra\u017anie nie uzgodniono inaczej, p\u0142atno\u015b\u0107 za nasze faktury jest wymagalna bez potr\u0105ce\u0144 w ci\u0105gu 4 tygodni od daty wystawienia faktury. W przypadku nieotrzymania p\u0142atno\u015bci w terminie, zastrzegamy sobie prawo do naliczenia odsetek za zw\u0142ok\u0119 w wysoko\u015bci odpowiedniej stopy dyskontowej krajowego banku centralnego. W przypadku [&hellip;]\" \/>\n<meta property=\"og:url\" content=\"https:\/\/osterhus.testserver-seitlicht.de\/pl\/gtc\/\" \/>\n<meta property=\"og:site_name\" content=\"Clemens Osterhus GmbH &amp; Co. KG\" \/>\n<meta property=\"article:modified_time\" content=\"2025-05-23T08:47:12+00:00\" \/>\n<meta name=\"twitter:card\" content=\"summary_large_image\" \/>\n<meta name=\"twitter:label1\" content=\"Szacowany czas czytania\" \/>\n\t<meta name=\"twitter:data1\" content=\"1 minuta\" \/>\n<script type=\"application\/ld+json\" class=\"yoast-schema-graph\">{\"@context\":\"https:\/\/schema.org\",\"@graph\":[{\"@type\":\"WebPage\",\"@id\":\"https:\/\/osterhus.testserver-seitlicht.de\/pl\/gtc\/\",\"url\":\"https:\/\/osterhus.testserver-seitlicht.de\/pl\/gtc\/\",\"name\":\"GTC - Clemens Osterhus GmbH &amp; Co. KG\",\"isPartOf\":{\"@id\":\"https:\/\/osterhus.testserver-seitlicht.de\/pl\/#website\"},\"datePublished\":\"2023-02-02T15:26:31+00:00\",\"dateModified\":\"2025-05-23T08:47:12+00:00\",\"breadcrumb\":{\"@id\":\"https:\/\/osterhus.testserver-seitlicht.de\/pl\/gtc\/#breadcrumb\"},\"inLanguage\":\"pl-PL\",\"potentialAction\":[{\"@type\":\"ReadAction\",\"target\":[\"https:\/\/osterhus.testserver-seitlicht.de\/pl\/gtc\/\"]}]},{\"@type\":\"BreadcrumbList\",\"@id\":\"https:\/\/osterhus.testserver-seitlicht.de\/pl\/gtc\/#breadcrumb\",\"itemListElement\":[{\"@type\":\"ListItem\",\"position\":1,\"name\":\"Startseite\",\"item\":\"https:\/\/osterhus.testserver-seitlicht.de\/pl\/strona-glowna\/\"},{\"@type\":\"ListItem\",\"position\":2,\"name\":\"GTC\"}]},{\"@type\":\"WebSite\",\"@id\":\"https:\/\/osterhus.testserver-seitlicht.de\/pl\/#website\",\"url\":\"https:\/\/osterhus.testserver-seitlicht.de\/pl\/\",\"name\":\"Clemens Osterhus GmbH &amp; Co. KG\",\"description\":\"Clemens Osterhus GmbH &amp; Co. KG\",\"publisher\":{\"@id\":\"https:\/\/osterhus.testserver-seitlicht.de\/pl\/#organization\"},\"potentialAction\":[{\"@type\":\"SearchAction\",\"target\":{\"@type\":\"EntryPoint\",\"urlTemplate\":\"https:\/\/osterhus.testserver-seitlicht.de\/pl\/?s={search_term_string}\"},\"query-input\":{\"@type\":\"PropertyValueSpecification\",\"valueRequired\":true,\"valueName\":\"search_term_string\"}}],\"inLanguage\":\"pl-PL\"},{\"@type\":\"Organization\",\"@id\":\"https:\/\/osterhus.testserver-seitlicht.de\/pl\/#organization\",\"name\":\"Clemens Osterhus GmbH &amp; Co. KG\",\"url\":\"https:\/\/osterhus.testserver-seitlicht.de\/pl\/\",\"logo\":{\"@type\":\"ImageObject\",\"inLanguage\":\"pl-PL\",\"@id\":\"https:\/\/osterhus.testserver-seitlicht.de\/pl\/#\/schema\/logo\/image\/\",\"url\":\"https:\/\/www.osterhus.de\/wp-content\/uploads\/2022\/04\/Osterhus_MolbLogo_2022-03-14-1.svg\",\"contentUrl\":\"https:\/\/www.osterhus.de\/wp-content\/uploads\/2022\/04\/Osterhus_MolbLogo_2022-03-14-1.svg\",\"width\":14649,\"height\":7049,\"caption\":\"Clemens Osterhus GmbH &amp; Co. KG\"},\"image\":{\"@id\":\"https:\/\/osterhus.testserver-seitlicht.de\/pl\/#\/schema\/logo\/image\/\"}}]}<\/script>\n<!-- \/ Yoast SEO plugin. -->","yoast_head_json":{"title":"GTC - Clemens Osterhus GmbH &amp; Co. KG","robots":{"index":"index","follow":"follow","max-snippet":"max-snippet:-1","max-image-preview":"max-image-preview:large","max-video-preview":"max-video-preview:-1"},"canonical":"https:\/\/osterhus.testserver-seitlicht.de\/pl\/gtc\/","og_locale":"pl_PL","og_type":"article","og_title":"GTC - Clemens Osterhus GmbH &amp; Co. KG","og_description":"Og\u00f3lne warunki handlowe Warunki sprzeda\u017cy i p\u0142atno\u015bci. Warunki p\u0142atno\u015bci O ile wyra\u017anie nie uzgodniono inaczej, p\u0142atno\u015b\u0107 za nasze faktury jest wymagalna bez potr\u0105ce\u0144 w ci\u0105gu 4 tygodni od daty wystawienia faktury. W przypadku nieotrzymania p\u0142atno\u015bci w terminie, zastrzegamy sobie prawo do naliczenia odsetek za zw\u0142ok\u0119 w wysoko\u015bci odpowiedniej stopy dyskontowej krajowego banku centralnego. W przypadku [&hellip;]","og_url":"https:\/\/osterhus.testserver-seitlicht.de\/pl\/gtc\/","og_site_name":"Clemens Osterhus GmbH &amp; Co. KG","article_modified_time":"2025-05-23T08:47:12+00:00","twitter_card":"summary_large_image","twitter_misc":{"Szacowany czas czytania":"1 minuta"},"schema":{"@context":"https:\/\/schema.org","@graph":[{"@type":"WebPage","@id":"https:\/\/osterhus.testserver-seitlicht.de\/pl\/gtc\/","url":"https:\/\/osterhus.testserver-seitlicht.de\/pl\/gtc\/","name":"GTC - Clemens Osterhus GmbH &amp; Co. KG","isPartOf":{"@id":"https:\/\/osterhus.testserver-seitlicht.de\/pl\/#website"},"datePublished":"2023-02-02T15:26:31+00:00","dateModified":"2025-05-23T08:47:12+00:00","breadcrumb":{"@id":"https:\/\/osterhus.testserver-seitlicht.de\/pl\/gtc\/#breadcrumb"},"inLanguage":"pl-PL","potentialAction":[{"@type":"ReadAction","target":["https:\/\/osterhus.testserver-seitlicht.de\/pl\/gtc\/"]}]},{"@type":"BreadcrumbList","@id":"https:\/\/osterhus.testserver-seitlicht.de\/pl\/gtc\/#breadcrumb","itemListElement":[{"@type":"ListItem","position":1,"name":"Startseite","item":"https:\/\/osterhus.testserver-seitlicht.de\/pl\/strona-glowna\/"},{"@type":"ListItem","position":2,"name":"GTC"}]},{"@type":"WebSite","@id":"https:\/\/osterhus.testserver-seitlicht.de\/pl\/#website","url":"https:\/\/osterhus.testserver-seitlicht.de\/pl\/","name":"Clemens Osterhus GmbH &amp; Co. KG","description":"Clemens Osterhus GmbH &amp; Co. KG","publisher":{"@id":"https:\/\/osterhus.testserver-seitlicht.de\/pl\/#organization"},"potentialAction":[{"@type":"SearchAction","target":{"@type":"EntryPoint","urlTemplate":"https:\/\/osterhus.testserver-seitlicht.de\/pl\/?s={search_term_string}"},"query-input":{"@type":"PropertyValueSpecification","valueRequired":true,"valueName":"search_term_string"}}],"inLanguage":"pl-PL"},{"@type":"Organization","@id":"https:\/\/osterhus.testserver-seitlicht.de\/pl\/#organization","name":"Clemens Osterhus GmbH &amp; Co. KG","url":"https:\/\/osterhus.testserver-seitlicht.de\/pl\/","logo":{"@type":"ImageObject","inLanguage":"pl-PL","@id":"https:\/\/osterhus.testserver-seitlicht.de\/pl\/#\/schema\/logo\/image\/","url":"https:\/\/www.osterhus.de\/wp-content\/uploads\/2022\/04\/Osterhus_MolbLogo_2022-03-14-1.svg","contentUrl":"https:\/\/www.osterhus.de\/wp-content\/uploads\/2022\/04\/Osterhus_MolbLogo_2022-03-14-1.svg","width":14649,"height":7049,"caption":"Clemens Osterhus GmbH &amp; Co. KG"},"image":{"@id":"https:\/\/osterhus.testserver-seitlicht.de\/pl\/#\/schema\/logo\/image\/"}}]}},"_links":{"self":[{"href":"https:\/\/osterhus.testserver-seitlicht.de\/pl\/wp-json\/wp\/v2\/pages\/5937","targetHints":{"allow":["GET"]}}],"collection":[{"href":"https:\/\/osterhus.testserver-seitlicht.de\/pl\/wp-json\/wp\/v2\/pages"}],"about":[{"href":"https:\/\/osterhus.testserver-seitlicht.de\/pl\/wp-json\/wp\/v2\/types\/page"}],"author":[{"embeddable":true,"href":"https:\/\/osterhus.testserver-seitlicht.de\/pl\/wp-json\/wp\/v2\/users\/1"}],"replies":[{"embeddable":true,"href":"https:\/\/osterhus.testserver-seitlicht.de\/pl\/wp-json\/wp\/v2\/comments?post=5937"}],"version-history":[{"count":1,"href":"https:\/\/osterhus.testserver-seitlicht.de\/pl\/wp-json\/wp\/v2\/pages\/5937\/revisions"}],"predecessor-version":[{"id":5938,"href":"https:\/\/osterhus.testserver-seitlicht.de\/pl\/wp-json\/wp\/v2\/pages\/5937\/revisions\/5938"}],"wp:attachment":[{"href":"https:\/\/osterhus.testserver-seitlicht.de\/pl\/wp-json\/wp\/v2\/media?parent=5937"}],"curies":[{"name":"wp","href":"https:\/\/api.w.org\/{rel}","templated":true}]}}