{"id":6007,"date":"2020-11-25T08:47:38","date_gmt":"2020-11-25T07:47:38","guid":{"rendered":"https:\/\/osterhus.testserver-seitlicht.de\/firma\/historia\/"},"modified":"2025-06-18T16:23:09","modified_gmt":"2025-06-18T14:23:09","slug":"historia","status":"publish","type":"page","link":"https:\/\/osterhus.testserver-seitlicht.de\/pl\/firma\/historia\/","title":{"rendered":"Historia"},"content":{"rendered":"\t\t<div data-elementor-type=\"wp-page\" data-elementor-id=\"6007\" class=\"elementor elementor-6007 elementor-46\" data-elementor-post-type=\"page\">\n\t\t\t\t\t\t<section class=\"elementor-section elementor-top-section elementor-element elementor-element-131c1fb6 elementor-section-height-min-height elementor-section-boxed elementor-section-height-default elementor-section-items-middle\" data-id=\"131c1fb6\" data-element_type=\"section\" data-settings=\"{&quot;background_background&quot;:&quot;classic&quot;}\">\n\t\t\t\t\t\t\t<div class=\"elementor-background-overlay\"><\/div>\n\t\t\t\t\t\t\t<div class=\"elementor-container elementor-column-gap-default\">\n\t\t\t\t\t<div class=\"elementor-column elementor-col-100 elementor-top-column elementor-element elementor-element-4e33135e\" data-id=\"4e33135e\" data-element_type=\"column\">\n\t\t\t<div class=\"elementor-widget-wrap elementor-element-populated\">\n\t\t\t\t\t\t<div class=\"elementor-element elementor-element-4231d470 elementor-widget elementor-widget-heading\" data-id=\"4231d470\" data-element_type=\"widget\" data-widget_type=\"heading.default\">\n\t\t\t\t<div class=\"elementor-widget-container\">\n\t\t\t\t\t<h2 class=\"elementor-heading-title elementor-size-default\">Historia<\/h2>\t\t\t\t<\/div>\n\t\t\t\t<\/div>\n\t\t\t\t\t<\/div>\n\t\t<\/div>\n\t\t\t\t\t<\/div>\n\t\t<\/section>\n\t\t\t\t<section class=\"elementor-section elementor-top-section elementor-element elementor-element-20ff2857 elementor-section-boxed elementor-section-height-default elementor-section-height-default\" data-id=\"20ff2857\" data-element_type=\"section\">\n\t\t\t\t\t\t<div class=\"elementor-container elementor-column-gap-wide\">\n\t\t\t\t\t<div class=\"elementor-column elementor-col-50 elementor-top-column elementor-element elementor-element-7011d571\" data-id=\"7011d571\" data-element_type=\"column\">\n\t\t\t<div class=\"elementor-widget-wrap elementor-element-populated\">\n\t\t\t\t\t\t<div class=\"elementor-element elementor-element-78d3cb30 elementor-widget elementor-widget-spacer\" data-id=\"78d3cb30\" data-element_type=\"widget\" data-widget_type=\"spacer.default\">\n\t\t\t\t<div class=\"elementor-widget-container\">\n\t\t\t\t\t\t\t<div class=\"elementor-spacer\">\n\t\t\t<div class=\"elementor-spacer-inner\"><\/div>\n\t\t<\/div>\n\t\t\t\t\t\t<\/div>\n\t\t\t\t<\/div>\n\t\t\t\t<div class=\"elementor-element elementor-element-1e8f3838 elementor-widget elementor-widget-text-editor\" data-id=\"1e8f3838\" data-element_type=\"widget\" data-widget_type=\"text-editor.default\">\n\t\t\t\t<div class=\"elementor-widget-container\">\n\t\t\t\t\t\t\t\t\t<p>W dniu 1 wrze\u015bnia 1952 r. w Molbergen zosta\u0142a za\u0142o\u017cona firma Clemens Osterhus zajmuj\u0105ca si\u0119 instalacjami elektrycznymi. Po wybudowaniu nowego budynku biurowego w 1956 r. zakres us\u0142ug zosta\u0142 rozszerzony o technologi\u0119 elektryczn\u0105, radiow\u0105 i telewizyjn\u0105, instalacje gazowe i wodne oraz budow\u0119 linii napowietrznych. W 1962 r. rozpocz\u0119to dzia\u0142alno\u015b\u0107 w bran\u017cy kablowej, a w 1987 r. uruchomiono biuro projektowe.  <br><br>G\u0142\u00f3wnym zadaniem eksploatacji ruroci\u0105g\u00f3w jest uk\u0142adanie i konserwacja sieci ruroci\u0105g\u00f3w w imieniu r\u00f3\u017cnych klient\u00f3w (np. dostawc\u00f3w energii). Odpowiednie obowi\u0105zuj\u0105ce przepisy, np. DVGW, maj\u0105 fundamentalne znaczenie dla tej pracy. <\/p>\t\t\t\t\t\t\t\t<\/div>\n\t\t\t\t<\/div>\n\t\t\t\t<div class=\"elementor-element elementor-element-45c13ff elementor-hidden-tablet elementor-hidden-mobile elementor-widget elementor-widget-image\" data-id=\"45c13ff\" data-element_type=\"widget\" data-widget_type=\"image.default\">\n\t\t\t\t<div class=\"elementor-widget-container\">\n\t\t\t\t\t\t\t\t\t\t\t\t\t\t\t<img fetchpriority=\"high\" decoding=\"async\" width=\"789\" height=\"354\" src=\"https:\/\/osterhus.testserver-seitlicht.de\/wp-content\/uploads\/2020\/12\/co_historie_b02.gif\" class=\"attachment-large size-large wp-image-5085\" alt=\"\" \/>\t\t\t\t\t\t\t\t\t\t\t\t\t\t\t<\/div>\n\t\t\t\t<\/div>\n\t\t\t\t\t<\/div>\n\t\t<\/div>\n\t\t\t\t<div class=\"elementor-column elementor-col-50 elementor-top-column elementor-element elementor-element-5c1233d8\" data-id=\"5c1233d8\" data-element_type=\"column\">\n\t\t\t<div class=\"elementor-widget-wrap elementor-element-populated\">\n\t\t\t\t\t\t<div class=\"elementor-element elementor-element-6adfbbd elementor-widget elementor-widget-spacer\" data-id=\"6adfbbd\" data-element_type=\"widget\" data-widget_type=\"spacer.default\">\n\t\t\t\t<div class=\"elementor-widget-container\">\n\t\t\t\t\t\t\t<div class=\"elementor-spacer\">\n\t\t\t<div class=\"elementor-spacer-inner\"><\/div>\n\t\t<\/div>\n\t\t\t\t\t\t<\/div>\n\t\t\t\t<\/div>\n\t\t\t\t<div class=\"elementor-element elementor-element-7147451e elementor-widget elementor-widget-image\" data-id=\"7147451e\" data-element_type=\"widget\" data-widget_type=\"image.default\">\n\t\t\t\t<div class=\"elementor-widget-container\">\n\t\t\t\t\t\t\t\t\t\t\t\t\t\t\t<img decoding=\"async\" width=\"409\" height=\"490\" src=\"https:\/\/osterhus.testserver-seitlicht.de\/wp-content\/uploads\/2020\/12\/co_historie_b01-2.gif\" class=\"attachment-large size-large wp-image-5080\" alt=\"\" \/>\t\t\t\t\t\t\t\t\t\t\t\t\t\t\t<\/div>\n\t\t\t\t<\/div>\n\t\t\t\t<div class=\"elementor-element elementor-element-3f420bf elementor-hidden-desktop elementor-widget elementor-widget-image\" data-id=\"3f420bf\" data-element_type=\"widget\" data-widget_type=\"image.default\">\n\t\t\t\t<div class=\"elementor-widget-container\">\n\t\t\t\t\t\t\t\t\t\t\t\t\t\t\t<img fetchpriority=\"high\" decoding=\"async\" width=\"789\" height=\"354\" src=\"https:\/\/osterhus.testserver-seitlicht.de\/wp-content\/uploads\/2020\/12\/co_historie_b02.gif\" class=\"attachment-large size-large wp-image-5085\" alt=\"\" \/>\t\t\t\t\t\t\t\t\t\t\t\t\t\t\t<\/div>\n\t\t\t\t<\/div>\n\t\t\t\t<div class=\"elementor-element elementor-element-1651eea6 elementor-widget elementor-widget-spacer\" data-id=\"1651eea6\" data-element_type=\"widget\" data-widget_type=\"spacer.default\">\n\t\t\t\t<div class=\"elementor-widget-container\">\n\t\t\t\t\t\t\t<div class=\"elementor-spacer\">\n\t\t\t<div class=\"elementor-spacer-inner\"><\/div>\n\t\t<\/div>\n\t\t\t\t\t\t<\/div>\n\t\t\t\t<\/div>\n\t\t\t\t\t<\/div>\n\t\t<\/div>\n\t\t\t\t\t<\/div>\n\t\t<\/section>\n\t\t\t\t<section class=\"elementor-section elementor-top-section elementor-element elementor-element-20fd96ff elementor-section-boxed elementor-section-height-default elementor-section-height-default\" data-id=\"20fd96ff\" data-element_type=\"section\">\n\t\t\t\t\t\t<div class=\"elementor-container elementor-column-gap-default\">\n\t\t\t\t\t<div class=\"elementor-column elementor-col-100 elementor-top-column elementor-element elementor-element-4ab85851\" data-id=\"4ab85851\" data-element_type=\"column\">\n\t\t\t<div class=\"elementor-widget-wrap elementor-element-populated\">\n\t\t\t\t\t\t<div class=\"elementor-element elementor-element-3979b824 elementor-widget elementor-widget-spacer\" data-id=\"3979b824\" data-element_type=\"widget\" data-widget_type=\"spacer.default\">\n\t\t\t\t<div class=\"elementor-widget-container\">\n\t\t\t\t\t\t\t<div class=\"elementor-spacer\">\n\t\t\t<div class=\"elementor-spacer-inner\"><\/div>\n\t\t<\/div>\n\t\t\t\t\t\t<\/div>\n\t\t\t\t<\/div>\n\t\t\t\t\t<\/div>\n\t\t<\/div>\n\t\t\t\t\t<\/div>\n\t\t<\/section>\n\t\t\t\t<section class=\"elementor-section elementor-top-section elementor-element elementor-element-76b3c87f elementor-section-boxed elementor-section-height-default elementor-section-height-default\" data-id=\"76b3c87f\" data-element_type=\"section\" data-settings=\"{&quot;background_background&quot;:&quot;classic&quot;}\">\n\t\t\t\t\t\t<div class=\"elementor-container elementor-column-gap-default\">\n\t\t\t\t\t<div class=\"elementor-column elementor-col-100 elementor-top-column elementor-element elementor-element-435f1178\" data-id=\"435f1178\" data-element_type=\"column\">\n\t\t\t<div class=\"elementor-widget-wrap elementor-element-populated\">\n\t\t\t\t\t\t<div class=\"elementor-element elementor-element-4586d2bd elementor-widget elementor-widget-spacer\" data-id=\"4586d2bd\" data-element_type=\"widget\" data-widget_type=\"spacer.default\">\n\t\t\t\t<div class=\"elementor-widget-container\">\n\t\t\t\t\t\t\t<div class=\"elementor-spacer\">\n\t\t\t<div class=\"elementor-spacer-inner\"><\/div>\n\t\t<\/div>\n\t\t\t\t\t\t<\/div>\n\t\t\t\t<\/div>\n\t\t\t\t<div class=\"elementor-element elementor-element-6ab2076e elementor-widget elementor-widget-heading\" data-id=\"6ab2076e\" data-element_type=\"widget\" data-widget_type=\"heading.default\">\n\t\t\t\t<div class=\"elementor-widget-container\">\n\t\t\t\t\t<h2 class=\"elementor-heading-title elementor-size-default\">Z przyjemno\u015bci\u0105 doradzimy!<\/h2>\t\t\t\t<\/div>\n\t\t\t\t<\/div>\n\t\t\t\t<div class=\"elementor-element elementor-element-3f3605a2 elementor-hidden-mobile elementor-widget elementor-widget-spacer\" data-id=\"3f3605a2\" data-element_type=\"widget\" data-widget_type=\"spacer.default\">\n\t\t\t\t<div class=\"elementor-widget-container\">\n\t\t\t\t\t\t\t<div class=\"elementor-spacer\">\n\t\t\t<div class=\"elementor-spacer-inner\"><\/div>\n\t\t<\/div>\n\t\t\t\t\t\t<\/div>\n\t\t\t\t<\/div>\n\t\t\t\t<div class=\"elementor-element elementor-element-63f6166 elementor-align-center elementor-widget elementor-widget-button\" data-id=\"63f6166\" data-element_type=\"widget\" data-widget_type=\"button.default\">\n\t\t\t\t<div class=\"elementor-widget-container\">\n\t\t\t\t\t\t\t\t\t<div class=\"elementor-button-wrapper\">\n\t\t\t\t\t<a class=\"elementor-button elementor-button-link elementor-size-sm elementor-animation-grow\" href=\"mailto:info@osterhus.de\">\n\t\t\t\t\t\t<span class=\"elementor-button-content-wrapper\">\n\t\t\t\t\t\t\t\t\t<span class=\"elementor-button-text\">Skontaktuj si\u0119 teraz<\/span>\n\t\t\t\t\t<\/span>\n\t\t\t\t\t<\/a>\n\t\t\t\t<\/div>\n\t\t\t\t\t\t\t\t<\/div>\n\t\t\t\t<\/div>\n\t\t\t\t<div class=\"elementor-element elementor-element-4d79df13 elementor-widget elementor-widget-spacer\" data-id=\"4d79df13\" data-element_type=\"widget\" data-widget_type=\"spacer.default\">\n\t\t\t\t<div class=\"elementor-widget-container\">\n\t\t\t\t\t\t\t<div class=\"elementor-spacer\">\n\t\t\t<div class=\"elementor-spacer-inner\"><\/div>\n\t\t<\/div>\n\t\t\t\t\t\t<\/div>\n\t\t\t\t<\/div>\n\t\t\t\t\t<\/div>\n\t\t<\/div>\n\t\t\t\t\t<\/div>\n\t\t<\/section>\n\t\t\t\t<section class=\"elementor-section elementor-top-section elementor-element elementor-element-2509cdf8 elementor-section-boxed elementor-section-height-default elementor-section-height-default\" data-id=\"2509cdf8\" data-element_type=\"section\">\n\t\t\t\t\t\t<div class=\"elementor-container elementor-column-gap-default\">\n\t\t\t\t\t<div class=\"elementor-column elementor-col-100 elementor-top-column elementor-element elementor-element-6fc95bc0\" data-id=\"6fc95bc0\" data-element_type=\"column\">\n\t\t\t<div class=\"elementor-widget-wrap elementor-element-populated\">\n\t\t\t\t\t\t<div class=\"elementor-element elementor-element-638d84bc elementor-widget elementor-widget-spacer\" data-id=\"638d84bc\" data-element_type=\"widget\" data-widget_type=\"spacer.default\">\n\t\t\t\t<div class=\"elementor-widget-container\">\n\t\t\t\t\t\t\t<div class=\"elementor-spacer\">\n\t\t\t<div class=\"elementor-spacer-inner\"><\/div>\n\t\t<\/div>\n\t\t\t\t\t\t<\/div>\n\t\t\t\t<\/div>\n\t\t\t\t<div class=\"elementor-element elementor-element-15e2db22 elementor-widget elementor-widget-heading\" data-id=\"15e2db22\" data-element_type=\"widget\" data-widget_type=\"heading.default\">\n\t\t\t\t<div class=\"elementor-widget-container\">\n\t\t\t\t\t<h2 class=\"elementor-heading-title elementor-size-default\">Clemens Osterhus GmbH &amp; Co. Leitungsbau KG<\/h2>\t\t\t\t<\/div>\n\t\t\t\t<\/div>\n\t\t\t\t<div class=\"elementor-element elementor-element-44fcd862 elementor-align-center elementor-icon-list--layout-traditional elementor-list-item-link-full_width elementor-widget elementor-widget-icon-list\" data-id=\"44fcd862\" data-element_type=\"widget\" data-widget_type=\"icon-list.default\">\n\t\t\t\t<div class=\"elementor-widget-container\">\n\t\t\t\t\t\t\t<ul class=\"elementor-icon-list-items\">\n\t\t\t\t\t\t\t<li class=\"elementor-icon-list-item\">\n\t\t\t\t\t\t\t\t\t\t<span class=\"elementor-icon-list-text\">Industriestr. 15<\/span>\n\t\t\t\t\t\t\t\t\t<\/li>\n\t\t\t\t\t\t\t\t<li class=\"elementor-icon-list-item\">\n\t\t\t\t\t\t\t\t\t\t<span class=\"elementor-icon-list-text\">49696 Molbergen<\/span>\n\t\t\t\t\t\t\t\t\t<\/li>\n\t\t\t\t\t\t\t\t<li class=\"elementor-icon-list-item\">\n\t\t\t\t\t\t\t\t\t\t\t<span class=\"elementor-icon-list-icon\">\n\t\t\t\t\t\t\t<i aria-hidden=\"true\" class=\"fas fa-phone-alt\"><\/i>\t\t\t\t\t\t<\/span>\n\t\t\t\t\t\t\t\t\t\t<span class=\"elementor-icon-list-text\">04475 940-0<\/span>\n\t\t\t\t\t\t\t\t\t<\/li>\n\t\t\t\t\t\t\t\t<li class=\"elementor-icon-list-item\">\n\t\t\t\t\t\t\t\t\t\t\t<span class=\"elementor-icon-list-icon\">\n\t\t\t\t\t\t\t<i aria-hidden=\"true\" class=\"far fa-envelope\"><\/i>\t\t\t\t\t\t<\/span>\n\t\t\t\t\t\t\t\t\t\t<span class=\"elementor-icon-list-text\">info@osterhus.de<\/span>\n\t\t\t\t\t\t\t\t\t<\/li>\n\t\t\t\t\t\t<\/ul>\n\t\t\t\t\t\t<\/div>\n\t\t\t\t<\/div>\n\t\t\t\t<div class=\"elementor-element elementor-element-737a5f57 elementor-widget elementor-widget-spacer\" data-id=\"737a5f57\" data-element_type=\"widget\" data-widget_type=\"spacer.default\">\n\t\t\t\t<div class=\"elementor-widget-container\">\n\t\t\t\t\t\t\t<div class=\"elementor-spacer\">\n\t\t\t<div class=\"elementor-spacer-inner\"><\/div>\n\t\t<\/div>\n\t\t\t\t\t\t<\/div>\n\t\t\t\t<\/div>\n\t\t\t\t\t<\/div>\n\t\t<\/div>\n\t\t\t\t\t<\/div>\n\t\t<\/section>\n\t\t\t\t<\/div>\n\t\t","protected":false},"excerpt":{"rendered":"<p>Historia W dniu 1 wrze\u015bnia 1952 r. w Molbergen zosta\u0142a za\u0142o\u017cona firma Clemens Osterhus zajmuj\u0105ca si\u0119 instalacjami elektrycznymi. Po wybudowaniu nowego budynku biurowego w 1956 r. zakres us\u0142ug zosta\u0142 rozszerzony o technologi\u0119 elektryczn\u0105, radiow\u0105 i telewizyjn\u0105, instalacje gazowe i wodne oraz budow\u0119 linii napowietrznych. W 1962 r. rozpocz\u0119to dzia\u0142alno\u015b\u0107 w bran\u017cy kablowej, a w 1987 [&hellip;]<\/p>\n","protected":false},"author":1,"featured_media":0,"parent":5990,"menu_order":0,"comment_status":"closed","ping_status":"closed","template":"elementor_header_footer","meta":{"footnotes":""},"class_list":["post-6007","page","type-page","status-publish","hentry"],"yoast_head":"<!-- This site is optimized with the Yoast SEO plugin v25.1 - https:\/\/yoast.com\/wordpress\/plugins\/seo\/ -->\n<title>Historia | Ponad 50 lat do\u015bwiadczenia | Osterhus<\/title>\n<meta name=\"description\" content=\"Historia | Ekspertyza i do\u015bwiadczenie w dziedzinie instalacji elektrycznych | Dowiedz si\u0119 wi\u0119cej na osterhus.de | Ch\u0119tnie Ci doradzimy\" \/>\n<meta name=\"robots\" content=\"index, follow, max-snippet:-1, max-image-preview:large, max-video-preview:-1\" \/>\n<link rel=\"canonical\" href=\"https:\/\/osterhus.testserver-seitlicht.de\/pl\/firma\/historia\/\" \/>\n<meta property=\"og:locale\" content=\"pl_PL\" \/>\n<meta property=\"og:type\" content=\"article\" \/>\n<meta property=\"og:title\" content=\"Historia | Ponad 50 lat do\u015bwiadczenia | Osterhus\" \/>\n<meta property=\"og:description\" content=\"Historia | Ekspertyza i do\u015bwiadczenie w dziedzinie instalacji elektrycznych | Dowiedz si\u0119 wi\u0119cej na osterhus.de | Ch\u0119tnie Ci doradzimy\" \/>\n<meta property=\"og:url\" content=\"https:\/\/osterhus.testserver-seitlicht.de\/pl\/firma\/historia\/\" \/>\n<meta property=\"og:site_name\" content=\"Clemens Osterhus GmbH &amp; Co. KG\" \/>\n<meta property=\"article:modified_time\" content=\"2025-06-18T14:23:09+00:00\" \/>\n<meta property=\"og:image\" content=\"https:\/\/osterhus.testserver-seitlicht.de\/wp-content\/uploads\/2020\/12\/co_historie_b02.gif\" \/>\n\t<meta property=\"og:image:width\" content=\"789\" \/>\n\t<meta property=\"og:image:height\" content=\"354\" \/>\n\t<meta property=\"og:image:type\" content=\"image\/gif\" \/>\n<meta name=\"twitter:card\" content=\"summary_large_image\" \/>\n<meta name=\"twitter:label1\" content=\"Szacowany czas czytania\" \/>\n\t<meta name=\"twitter:data1\" content=\"1 minuta\" \/>\n<script type=\"application\/ld+json\" class=\"yoast-schema-graph\">{\"@context\":\"https:\/\/schema.org\",\"@graph\":[{\"@type\":\"WebPage\",\"@id\":\"https:\/\/osterhus.testserver-seitlicht.de\/pl\/firma\/historia\/\",\"url\":\"https:\/\/osterhus.testserver-seitlicht.de\/pl\/firma\/historia\/\",\"name\":\"Historia | Ponad 50 lat do\u015bwiadczenia | Osterhus\",\"isPartOf\":{\"@id\":\"https:\/\/osterhus.testserver-seitlicht.de\/pl\/#website\"},\"primaryImageOfPage\":{\"@id\":\"https:\/\/osterhus.testserver-seitlicht.de\/pl\/firma\/historia\/#primaryimage\"},\"image\":{\"@id\":\"https:\/\/osterhus.testserver-seitlicht.de\/pl\/firma\/historia\/#primaryimage\"},\"thumbnailUrl\":\"https:\/\/osterhus.testserver-seitlicht.de\/wp-content\/uploads\/2020\/12\/co_historie_b02.gif\",\"datePublished\":\"2020-11-25T07:47:38+00:00\",\"dateModified\":\"2025-06-18T14:23:09+00:00\",\"description\":\"Historia | Ekspertyza i do\u015bwiadczenie w dziedzinie instalacji elektrycznych | Dowiedz si\u0119 wi\u0119cej na osterhus.de | Ch\u0119tnie Ci doradzimy\",\"breadcrumb\":{\"@id\":\"https:\/\/osterhus.testserver-seitlicht.de\/pl\/firma\/historia\/#breadcrumb\"},\"inLanguage\":\"pl-PL\",\"potentialAction\":[{\"@type\":\"ReadAction\",\"target\":[\"https:\/\/osterhus.testserver-seitlicht.de\/pl\/firma\/historia\/\"]}]},{\"@type\":\"ImageObject\",\"inLanguage\":\"pl-PL\",\"@id\":\"https:\/\/osterhus.testserver-seitlicht.de\/pl\/firma\/historia\/#primaryimage\",\"url\":\"https:\/\/osterhus.testserver-seitlicht.de\/wp-content\/uploads\/2020\/12\/co_historie_b02.gif\",\"contentUrl\":\"https:\/\/osterhus.testserver-seitlicht.de\/wp-content\/uploads\/2020\/12\/co_historie_b02.gif\"},{\"@type\":\"BreadcrumbList\",\"@id\":\"https:\/\/osterhus.testserver-seitlicht.de\/pl\/firma\/historia\/#breadcrumb\",\"itemListElement\":[{\"@type\":\"ListItem\",\"position\":1,\"name\":\"Startseite\",\"item\":\"https:\/\/osterhus.testserver-seitlicht.de\/pl\/strona-glowna\/\"},{\"@type\":\"ListItem\",\"position\":2,\"name\":\"Firma\",\"item\":\"https:\/\/osterhus.testserver-seitlicht.de\/pl\/firma\/\"},{\"@type\":\"ListItem\",\"position\":3,\"name\":\"Historia\"}]},{\"@type\":\"WebSite\",\"@id\":\"https:\/\/osterhus.testserver-seitlicht.de\/pl\/#website\",\"url\":\"https:\/\/osterhus.testserver-seitlicht.de\/pl\/\",\"name\":\"Clemens Osterhus GmbH &amp; Co. KG\",\"description\":\"Clemens Osterhus GmbH &amp; Co. KG\",\"publisher\":{\"@id\":\"https:\/\/osterhus.testserver-seitlicht.de\/pl\/#organization\"},\"potentialAction\":[{\"@type\":\"SearchAction\",\"target\":{\"@type\":\"EntryPoint\",\"urlTemplate\":\"https:\/\/osterhus.testserver-seitlicht.de\/pl\/?s={search_term_string}\"},\"query-input\":{\"@type\":\"PropertyValueSpecification\",\"valueRequired\":true,\"valueName\":\"search_term_string\"}}],\"inLanguage\":\"pl-PL\"},{\"@type\":\"Organization\",\"@id\":\"https:\/\/osterhus.testserver-seitlicht.de\/pl\/#organization\",\"name\":\"Clemens Osterhus GmbH &amp; Co. KG\",\"url\":\"https:\/\/osterhus.testserver-seitlicht.de\/pl\/\",\"logo\":{\"@type\":\"ImageObject\",\"inLanguage\":\"pl-PL\",\"@id\":\"https:\/\/osterhus.testserver-seitlicht.de\/pl\/#\/schema\/logo\/image\/\",\"url\":\"https:\/\/www.osterhus.de\/wp-content\/uploads\/2022\/04\/Osterhus_MolbLogo_2022-03-14-1.svg\",\"contentUrl\":\"https:\/\/www.osterhus.de\/wp-content\/uploads\/2022\/04\/Osterhus_MolbLogo_2022-03-14-1.svg\",\"width\":14649,\"height\":7049,\"caption\":\"Clemens Osterhus GmbH &amp; Co. KG\"},\"image\":{\"@id\":\"https:\/\/osterhus.testserver-seitlicht.de\/pl\/#\/schema\/logo\/image\/\"}}]}<\/script>\n<!-- \/ Yoast SEO plugin. -->","yoast_head_json":{"title":"Historia | Ponad 50 lat do\u015bwiadczenia | Osterhus","description":"Historia | Ekspertyza i do\u015bwiadczenie w dziedzinie instalacji elektrycznych | Dowiedz si\u0119 wi\u0119cej na osterhus.de | Ch\u0119tnie Ci doradzimy","robots":{"index":"index","follow":"follow","max-snippet":"max-snippet:-1","max-image-preview":"max-image-preview:large","max-video-preview":"max-video-preview:-1"},"canonical":"https:\/\/osterhus.testserver-seitlicht.de\/pl\/firma\/historia\/","og_locale":"pl_PL","og_type":"article","og_title":"Historia | Ponad 50 lat do\u015bwiadczenia | Osterhus","og_description":"Historia | Ekspertyza i do\u015bwiadczenie w dziedzinie instalacji elektrycznych | Dowiedz si\u0119 wi\u0119cej na osterhus.de | Ch\u0119tnie Ci doradzimy","og_url":"https:\/\/osterhus.testserver-seitlicht.de\/pl\/firma\/historia\/","og_site_name":"Clemens Osterhus GmbH &amp; Co. KG","article_modified_time":"2025-06-18T14:23:09+00:00","og_image":[{"width":789,"height":354,"url":"https:\/\/osterhus.testserver-seitlicht.de\/wp-content\/uploads\/2020\/12\/co_historie_b02.gif","type":"image\/gif"}],"twitter_card":"summary_large_image","twitter_misc":{"Szacowany czas czytania":"1 minuta"},"schema":{"@context":"https:\/\/schema.org","@graph":[{"@type":"WebPage","@id":"https:\/\/osterhus.testserver-seitlicht.de\/pl\/firma\/historia\/","url":"https:\/\/osterhus.testserver-seitlicht.de\/pl\/firma\/historia\/","name":"Historia | Ponad 50 lat do\u015bwiadczenia | Osterhus","isPartOf":{"@id":"https:\/\/osterhus.testserver-seitlicht.de\/pl\/#website"},"primaryImageOfPage":{"@id":"https:\/\/osterhus.testserver-seitlicht.de\/pl\/firma\/historia\/#primaryimage"},"image":{"@id":"https:\/\/osterhus.testserver-seitlicht.de\/pl\/firma\/historia\/#primaryimage"},"thumbnailUrl":"https:\/\/osterhus.testserver-seitlicht.de\/wp-content\/uploads\/2020\/12\/co_historie_b02.gif","datePublished":"2020-11-25T07:47:38+00:00","dateModified":"2025-06-18T14:23:09+00:00","description":"Historia | Ekspertyza i do\u015bwiadczenie w dziedzinie instalacji elektrycznych | Dowiedz si\u0119 wi\u0119cej na osterhus.de | Ch\u0119tnie Ci doradzimy","breadcrumb":{"@id":"https:\/\/osterhus.testserver-seitlicht.de\/pl\/firma\/historia\/#breadcrumb"},"inLanguage":"pl-PL","potentialAction":[{"@type":"ReadAction","target":["https:\/\/osterhus.testserver-seitlicht.de\/pl\/firma\/historia\/"]}]},{"@type":"ImageObject","inLanguage":"pl-PL","@id":"https:\/\/osterhus.testserver-seitlicht.de\/pl\/firma\/historia\/#primaryimage","url":"https:\/\/osterhus.testserver-seitlicht.de\/wp-content\/uploads\/2020\/12\/co_historie_b02.gif","contentUrl":"https:\/\/osterhus.testserver-seitlicht.de\/wp-content\/uploads\/2020\/12\/co_historie_b02.gif"},{"@type":"BreadcrumbList","@id":"https:\/\/osterhus.testserver-seitlicht.de\/pl\/firma\/historia\/#breadcrumb","itemListElement":[{"@type":"ListItem","position":1,"name":"Startseite","item":"https:\/\/osterhus.testserver-seitlicht.de\/pl\/strona-glowna\/"},{"@type":"ListItem","position":2,"name":"Firma","item":"https:\/\/osterhus.testserver-seitlicht.de\/pl\/firma\/"},{"@type":"ListItem","position":3,"name":"Historia"}]},{"@type":"WebSite","@id":"https:\/\/osterhus.testserver-seitlicht.de\/pl\/#website","url":"https:\/\/osterhus.testserver-seitlicht.de\/pl\/","name":"Clemens Osterhus GmbH &amp; Co. KG","description":"Clemens Osterhus GmbH &amp; Co. KG","publisher":{"@id":"https:\/\/osterhus.testserver-seitlicht.de\/pl\/#organization"},"potentialAction":[{"@type":"SearchAction","target":{"@type":"EntryPoint","urlTemplate":"https:\/\/osterhus.testserver-seitlicht.de\/pl\/?s={search_term_string}"},"query-input":{"@type":"PropertyValueSpecification","valueRequired":true,"valueName":"search_term_string"}}],"inLanguage":"pl-PL"},{"@type":"Organization","@id":"https:\/\/osterhus.testserver-seitlicht.de\/pl\/#organization","name":"Clemens Osterhus GmbH &amp; Co. KG","url":"https:\/\/osterhus.testserver-seitlicht.de\/pl\/","logo":{"@type":"ImageObject","inLanguage":"pl-PL","@id":"https:\/\/osterhus.testserver-seitlicht.de\/pl\/#\/schema\/logo\/image\/","url":"https:\/\/www.osterhus.de\/wp-content\/uploads\/2022\/04\/Osterhus_MolbLogo_2022-03-14-1.svg","contentUrl":"https:\/\/www.osterhus.de\/wp-content\/uploads\/2022\/04\/Osterhus_MolbLogo_2022-03-14-1.svg","width":14649,"height":7049,"caption":"Clemens Osterhus GmbH &amp; Co. KG"},"image":{"@id":"https:\/\/osterhus.testserver-seitlicht.de\/pl\/#\/schema\/logo\/image\/"}}]}},"_links":{"self":[{"href":"https:\/\/osterhus.testserver-seitlicht.de\/pl\/wp-json\/wp\/v2\/pages\/6007","targetHints":{"allow":["GET"]}}],"collection":[{"href":"https:\/\/osterhus.testserver-seitlicht.de\/pl\/wp-json\/wp\/v2\/pages"}],"about":[{"href":"https:\/\/osterhus.testserver-seitlicht.de\/pl\/wp-json\/wp\/v2\/types\/page"}],"author":[{"embeddable":true,"href":"https:\/\/osterhus.testserver-seitlicht.de\/pl\/wp-json\/wp\/v2\/users\/1"}],"replies":[{"embeddable":true,"href":"https:\/\/osterhus.testserver-seitlicht.de\/pl\/wp-json\/wp\/v2\/comments?post=6007"}],"version-history":[{"count":9,"href":"https:\/\/osterhus.testserver-seitlicht.de\/pl\/wp-json\/wp\/v2\/pages\/6007\/revisions"}],"predecessor-version":[{"id":7556,"href":"https:\/\/osterhus.testserver-seitlicht.de\/pl\/wp-json\/wp\/v2\/pages\/6007\/revisions\/7556"}],"up":[{"embeddable":true,"href":"https:\/\/osterhus.testserver-seitlicht.de\/pl\/wp-json\/wp\/v2\/pages\/5990"}],"wp:attachment":[{"href":"https:\/\/osterhus.testserver-seitlicht.de\/pl\/wp-json\/wp\/v2\/media?parent=6007"}],"curies":[{"name":"wp","href":"https:\/\/api.w.org\/{rel}","templated":true}]}}