{"id":6135,"date":"2020-11-25T08:45:53","date_gmt":"2020-11-25T07:45:53","guid":{"rendered":"https:\/\/osterhus.testserver-seitlicht.de\/uslugi-budowlane\/male-oczyszczalnie-sciekow\/"},"modified":"2025-06-18T16:19:08","modified_gmt":"2025-06-18T14:19:08","slug":"male-oczyszczalnie-sciekow","status":"publish","type":"page","link":"https:\/\/osterhus.testserver-seitlicht.de\/pl\/uslugi-budowlane\/male-oczyszczalnie-sciekow\/","title":{"rendered":"Ma\u0142e oczyszczalnie \u015bciek\u00f3w"},"content":{"rendered":"\t\t<div data-elementor-type=\"wp-page\" data-elementor-id=\"6135\" class=\"elementor elementor-6135 elementor-30\" data-elementor-post-type=\"page\">\n\t\t\t\t\t\t<section class=\"elementor-section elementor-top-section elementor-element elementor-element-2f8ea0e8 elementor-section-height-min-height elementor-section-boxed elementor-section-height-default elementor-section-items-middle\" data-id=\"2f8ea0e8\" data-element_type=\"section\" data-settings=\"{&quot;background_background&quot;:&quot;classic&quot;}\">\n\t\t\t\t\t\t\t<div class=\"elementor-background-overlay\"><\/div>\n\t\t\t\t\t\t\t<div class=\"elementor-container elementor-column-gap-default\">\n\t\t\t\t\t<div class=\"elementor-column elementor-col-100 elementor-top-column elementor-element elementor-element-432c15a\" data-id=\"432c15a\" data-element_type=\"column\">\n\t\t\t<div class=\"elementor-widget-wrap elementor-element-populated\">\n\t\t\t\t\t\t<div class=\"elementor-element elementor-element-533a8ca8 elementor-hidden-phone elementor-widget elementor-widget-heading\" data-id=\"533a8ca8\" data-element_type=\"widget\" data-widget_type=\"heading.default\">\n\t\t\t\t<div class=\"elementor-widget-container\">\n\t\t\t\t\t<h2 class=\"elementor-heading-title elementor-size-default\">Ma\u0142e oczyszczalnie \u015bciek\u00f3w<\/h2>\t\t\t\t<\/div>\n\t\t\t\t<\/div>\n\t\t\t\t<div class=\"elementor-element elementor-element-a52bcae elementor-hidden-desktop elementor-hidden-tablet elementor-widget elementor-widget-heading\" data-id=\"a52bcae\" data-element_type=\"widget\" data-widget_type=\"heading.default\">\n\t\t\t\t<div class=\"elementor-widget-container\">\n\t\t\t\t\t<h2 class=\"elementor-heading-title elementor-size-default\">Ma\u0142e oczyszczalnie \u015bciek\u00f3w<br><\/h2>\t\t\t\t<\/div>\n\t\t\t\t<\/div>\n\t\t\t\t\t<\/div>\n\t\t<\/div>\n\t\t\t\t\t<\/div>\n\t\t<\/section>\n\t\t\t\t<section class=\"elementor-section elementor-top-section elementor-element elementor-element-4cd7972 elementor-section-boxed elementor-section-height-default elementor-section-height-default\" data-id=\"4cd7972\" data-element_type=\"section\">\n\t\t\t\t\t\t<div class=\"elementor-container elementor-column-gap-default\">\n\t\t\t\t\t<div class=\"elementor-column elementor-col-100 elementor-top-column elementor-element elementor-element-67b5c8b\" data-id=\"67b5c8b\" data-element_type=\"column\">\n\t\t\t<div class=\"elementor-widget-wrap elementor-element-populated\">\n\t\t\t\t\t\t<div class=\"elementor-element elementor-element-00761dc elementor-widget elementor-widget-spacer\" data-id=\"00761dc\" data-element_type=\"widget\" data-widget_type=\"spacer.default\">\n\t\t\t\t<div class=\"elementor-widget-container\">\n\t\t\t\t\t\t\t<div class=\"elementor-spacer\">\n\t\t\t<div class=\"elementor-spacer-inner\"><\/div>\n\t\t<\/div>\n\t\t\t\t\t\t<\/div>\n\t\t\t\t<\/div>\n\t\t\t\t\t<\/div>\n\t\t<\/div>\n\t\t\t\t\t<\/div>\n\t\t<\/section>\n\t\t\t\t<section class=\"elementor-section elementor-top-section elementor-element elementor-element-23a802a9 elementor-reverse-mobile elementor-reverse-tablet elementor-section-boxed elementor-section-height-default elementor-section-height-default\" data-id=\"23a802a9\" data-element_type=\"section\">\n\t\t\t\t\t\t<div class=\"elementor-container elementor-column-gap-wide\">\n\t\t\t\t\t<div class=\"elementor-column elementor-col-50 elementor-top-column elementor-element elementor-element-638980fb\" data-id=\"638980fb\" data-element_type=\"column\">\n\t\t\t<div class=\"elementor-widget-wrap elementor-element-populated\">\n\t\t\t\t\t\t<div class=\"elementor-element elementor-element-6b3c5cd elementor-widget elementor-widget-image\" data-id=\"6b3c5cd\" data-element_type=\"widget\" data-widget_type=\"image.default\">\n\t\t\t\t<div class=\"elementor-widget-container\">\n\t\t\t\t\t\t\t\t\t\t\t\t\t\t\t<img fetchpriority=\"high\" decoding=\"async\" width=\"16588\" height=\"9215\" src=\"https:\/\/osterhus.testserver-seitlicht.de\/wp-content\/uploads\/2022\/04\/Osterhus_Kleinklaeranlage-1.svg\" class=\"attachment-large size-large wp-image-5455\" alt=\"\" \/>\t\t\t\t\t\t\t\t\t\t\t\t\t\t\t<\/div>\n\t\t\t\t<\/div>\n\t\t\t\t<div class=\"elementor-element elementor-element-d76bdc2 elementor-widget elementor-widget-spacer\" data-id=\"d76bdc2\" data-element_type=\"widget\" data-widget_type=\"spacer.default\">\n\t\t\t\t<div class=\"elementor-widget-container\">\n\t\t\t\t\t\t\t<div class=\"elementor-spacer\">\n\t\t\t<div class=\"elementor-spacer-inner\"><\/div>\n\t\t<\/div>\n\t\t\t\t\t\t<\/div>\n\t\t\t\t<\/div>\n\t\t\t\t\t<\/div>\n\t\t<\/div>\n\t\t\t\t<div class=\"elementor-column elementor-col-50 elementor-top-column elementor-element elementor-element-57a2a85b\" data-id=\"57a2a85b\" data-element_type=\"column\">\n\t\t\t<div class=\"elementor-widget-wrap elementor-element-populated\">\n\t\t\t\t\t\t<div class=\"elementor-element elementor-element-44e3a1b4 elementor-widget elementor-widget-text-editor\" data-id=\"44e3a1b4\" data-element_type=\"widget\" data-widget_type=\"text-editor.default\">\n\t\t\t\t<div class=\"elementor-widget-container\">\n\t\t\t\t\t\t\t\t\t<p>Nie wszystkie indywidualne domy, restauracje, ma\u0142e firmy i przedsi\u0119biorstwa mog\u0105 by\u0107 pod\u0142\u0105czone do publicznej sieci kanalizacyjnej i korzysta\u0107 z jej system\u00f3w oczyszczania \u015bciek\u00f3w. Albo ze wzgl\u0119du na koszty, albo dlatego, \u017ce nie jest to technicznie wykonalne. <\/p>\n<p>W tym miejscu budowane s\u0105 ma\u0142e oczyszczalnie \u015bciek\u00f3w, aby zapewni\u0107 niezawodne oczyszczanie \u015bciek\u00f3w. W tym celu wymagana przydomowa oczyszczalnia \u015bciek\u00f3w jest nowo budowana lub istniej\u0105ce do\u0142y s\u0105 modernizowane do najnowszej technologii oczyszczania \u015bciek\u00f3w. <\/p>\n<p><\/p>\n<p>Ma\u0142a oczyszczalnia \u015bciek\u00f3w wykorzystuje zaawansowan\u0105 technologi\u0119 oczyszczania \u015bciek\u00f3w, kt\u00f3ra przebiega w kilku etapach. Podczas biologicznego oczyszczania \u015bciek\u00f3w s\u0105 one oczyszczane przez naturalnie wyst\u0119puj\u0105ce bakterie, podobnie jak w rzekach. Biomasa jest zbierana w osadniku wt\u00f3rnym, a osiad\u0142y osad jest nast\u0119pnie transportowany z powrotem do osadnika wst\u0119pnego oczyszczalni \u015bciek\u00f3w. Dzi\u0119ki temu oczyszczone \u015bcieki mog\u0105 sp\u0142yn\u0105\u0107 na powierzchni\u0119 lub zosta\u0107 wypompowane.   <\/p>\t\t\t\t\t\t\t\t<\/div>\n\t\t\t\t<\/div>\n\t\t\t\t<div class=\"elementor-element elementor-element-3ee741a1 elementor-hidden-mobile elementor-widget elementor-widget-spacer\" data-id=\"3ee741a1\" data-element_type=\"widget\" data-widget_type=\"spacer.default\">\n\t\t\t\t<div class=\"elementor-widget-container\">\n\t\t\t\t\t\t\t<div class=\"elementor-spacer\">\n\t\t\t<div class=\"elementor-spacer-inner\"><\/div>\n\t\t<\/div>\n\t\t\t\t\t\t<\/div>\n\t\t\t\t<\/div>\n\t\t\t\t\t<\/div>\n\t\t<\/div>\n\t\t\t\t\t<\/div>\n\t\t<\/section>\n\t\t\t\t<section class=\"elementor-section elementor-top-section elementor-element elementor-element-2a2e0617 elementor-section-boxed elementor-section-height-default elementor-section-height-default\" data-id=\"2a2e0617\" data-element_type=\"section\">\n\t\t\t\t\t\t<div class=\"elementor-container elementor-column-gap-default\">\n\t\t\t\t\t<div class=\"elementor-column elementor-col-100 elementor-top-column elementor-element elementor-element-33eecee9\" data-id=\"33eecee9\" data-element_type=\"column\">\n\t\t\t<div class=\"elementor-widget-wrap elementor-element-populated\">\n\t\t\t\t\t\t<div class=\"elementor-element elementor-element-65527a4f elementor-widget elementor-widget-spacer\" data-id=\"65527a4f\" data-element_type=\"widget\" data-widget_type=\"spacer.default\">\n\t\t\t\t<div class=\"elementor-widget-container\">\n\t\t\t\t\t\t\t<div class=\"elementor-spacer\">\n\t\t\t<div class=\"elementor-spacer-inner\"><\/div>\n\t\t<\/div>\n\t\t\t\t\t\t<\/div>\n\t\t\t\t<\/div>\n\t\t\t\t\t<\/div>\n\t\t<\/div>\n\t\t\t\t\t<\/div>\n\t\t<\/section>\n\t\t\t\t<section class=\"elementor-section elementor-top-section elementor-element elementor-element-abd799e elementor-section-boxed elementor-section-height-default elementor-section-height-default\" data-id=\"abd799e\" data-element_type=\"section\" data-settings=\"{&quot;background_background&quot;:&quot;classic&quot;}\">\n\t\t\t\t\t\t<div class=\"elementor-container elementor-column-gap-default\">\n\t\t\t\t\t<div class=\"elementor-column elementor-col-100 elementor-top-column elementor-element elementor-element-07c2932\" data-id=\"07c2932\" data-element_type=\"column\">\n\t\t\t<div class=\"elementor-widget-wrap elementor-element-populated\">\n\t\t\t\t\t\t<div class=\"elementor-element elementor-element-8fbd084 elementor-widget elementor-widget-spacer\" data-id=\"8fbd084\" data-element_type=\"widget\" data-widget_type=\"spacer.default\">\n\t\t\t\t<div class=\"elementor-widget-container\">\n\t\t\t\t\t\t\t<div class=\"elementor-spacer\">\n\t\t\t<div class=\"elementor-spacer-inner\"><\/div>\n\t\t<\/div>\n\t\t\t\t\t\t<\/div>\n\t\t\t\t<\/div>\n\t\t\t\t<div class=\"elementor-element elementor-element-b0f4907 elementor-widget elementor-widget-heading\" data-id=\"b0f4907\" data-element_type=\"widget\" data-widget_type=\"heading.default\">\n\t\t\t\t<div class=\"elementor-widget-container\">\n\t\t\t\t\t<h2 class=\"elementor-heading-title elementor-size-default\">Z przyjemno\u015bci\u0105 doradzimy!<\/h2>\t\t\t\t<\/div>\n\t\t\t\t<\/div>\n\t\t\t\t<div class=\"elementor-element elementor-element-f1e2219 elementor-widget elementor-widget-spacer\" data-id=\"f1e2219\" data-element_type=\"widget\" data-widget_type=\"spacer.default\">\n\t\t\t\t<div class=\"elementor-widget-container\">\n\t\t\t\t\t\t\t<div class=\"elementor-spacer\">\n\t\t\t<div class=\"elementor-spacer-inner\"><\/div>\n\t\t<\/div>\n\t\t\t\t\t\t<\/div>\n\t\t\t\t<\/div>\n\t\t\t\t<div class=\"elementor-element elementor-element-0e2baa9 elementor-align-center elementor-widget elementor-widget-button\" data-id=\"0e2baa9\" data-element_type=\"widget\" data-widget_type=\"button.default\">\n\t\t\t\t<div class=\"elementor-widget-container\">\n\t\t\t\t\t\t\t\t\t<div class=\"elementor-button-wrapper\">\n\t\t\t\t\t<a class=\"elementor-button elementor-button-link elementor-size-sm elementor-animation-grow\" href=\"mailto:info@osterhus.de\">\n\t\t\t\t\t\t<span class=\"elementor-button-content-wrapper\">\n\t\t\t\t\t\t\t\t\t<span class=\"elementor-button-text\">Skontaktuj si\u0119 teraz<\/span>\n\t\t\t\t\t<\/span>\n\t\t\t\t\t<\/a>\n\t\t\t\t<\/div>\n\t\t\t\t\t\t\t\t<\/div>\n\t\t\t\t<\/div>\n\t\t\t\t<div class=\"elementor-element elementor-element-5cc6e54 elementor-widget elementor-widget-spacer\" data-id=\"5cc6e54\" data-element_type=\"widget\" data-widget_type=\"spacer.default\">\n\t\t\t\t<div class=\"elementor-widget-container\">\n\t\t\t\t\t\t\t<div class=\"elementor-spacer\">\n\t\t\t<div class=\"elementor-spacer-inner\"><\/div>\n\t\t<\/div>\n\t\t\t\t\t\t<\/div>\n\t\t\t\t<\/div>\n\t\t\t\t\t<\/div>\n\t\t<\/div>\n\t\t\t\t\t<\/div>\n\t\t<\/section>\n\t\t\t\t<section class=\"elementor-section elementor-top-section elementor-element elementor-element-1d60cf1f elementor-section-boxed elementor-section-height-default elementor-section-height-default\" data-id=\"1d60cf1f\" data-element_type=\"section\">\n\t\t\t\t\t\t<div class=\"elementor-container elementor-column-gap-default\">\n\t\t\t\t\t<div class=\"elementor-column elementor-col-100 elementor-top-column elementor-element elementor-element-5b633190\" data-id=\"5b633190\" data-element_type=\"column\">\n\t\t\t<div class=\"elementor-widget-wrap elementor-element-populated\">\n\t\t\t\t\t\t<div class=\"elementor-element elementor-element-48e2db0 elementor-widget elementor-widget-spacer\" data-id=\"48e2db0\" data-element_type=\"widget\" data-widget_type=\"spacer.default\">\n\t\t\t\t<div class=\"elementor-widget-container\">\n\t\t\t\t\t\t\t<div class=\"elementor-spacer\">\n\t\t\t<div class=\"elementor-spacer-inner\"><\/div>\n\t\t<\/div>\n\t\t\t\t\t\t<\/div>\n\t\t\t\t<\/div>\n\t\t\t\t<div class=\"elementor-element elementor-element-4ed25d01 elementor-widget elementor-widget-heading\" data-id=\"4ed25d01\" data-element_type=\"widget\" data-widget_type=\"heading.default\">\n\t\t\t\t<div class=\"elementor-widget-container\">\n\t\t\t\t\t<h2 class=\"elementor-heading-title elementor-size-default\">Clemens Osterhus GmbH &amp; Co. Leitungsbau KG<\/h2>\t\t\t\t<\/div>\n\t\t\t\t<\/div>\n\t\t\t\t<div class=\"elementor-element elementor-element-593edbff elementor-align-center elementor-icon-list--layout-traditional elementor-list-item-link-full_width elementor-widget elementor-widget-icon-list\" data-id=\"593edbff\" data-element_type=\"widget\" data-widget_type=\"icon-list.default\">\n\t\t\t\t<div class=\"elementor-widget-container\">\n\t\t\t\t\t\t\t<ul class=\"elementor-icon-list-items\">\n\t\t\t\t\t\t\t<li class=\"elementor-icon-list-item\">\n\t\t\t\t\t\t\t\t\t\t<span class=\"elementor-icon-list-text\">Industriestr. 15<\/span>\n\t\t\t\t\t\t\t\t\t<\/li>\n\t\t\t\t\t\t\t\t<li class=\"elementor-icon-list-item\">\n\t\t\t\t\t\t\t\t\t\t<span class=\"elementor-icon-list-text\">49696 Molbergen<\/span>\n\t\t\t\t\t\t\t\t\t<\/li>\n\t\t\t\t\t\t\t\t<li class=\"elementor-icon-list-item\">\n\t\t\t\t\t\t\t\t\t\t\t<a href=\"tel:+4944759400\">\n\n\t\t\t\t\t\t\t\t\t\t\t\t<span class=\"elementor-icon-list-icon\">\n\t\t\t\t\t\t\t<i aria-hidden=\"true\" class=\"fas fa-phone-alt\"><\/i>\t\t\t\t\t\t<\/span>\n\t\t\t\t\t\t\t\t\t\t<span class=\"elementor-icon-list-text\">04475 940-0<\/span>\n\t\t\t\t\t\t\t\t\t\t\t<\/a>\n\t\t\t\t\t\t\t\t\t<\/li>\n\t\t\t\t\t\t\t\t<li class=\"elementor-icon-list-item\">\n\t\t\t\t\t\t\t\t\t\t\t<a href=\"mailto:info@osterhus.de\">\n\n\t\t\t\t\t\t\t\t\t\t\t\t<span class=\"elementor-icon-list-icon\">\n\t\t\t\t\t\t\t<i aria-hidden=\"true\" class=\"far fa-envelope\"><\/i>\t\t\t\t\t\t<\/span>\n\t\t\t\t\t\t\t\t\t\t<span class=\"elementor-icon-list-text\">info@osterhus.de<\/span>\n\t\t\t\t\t\t\t\t\t\t\t<\/a>\n\t\t\t\t\t\t\t\t\t<\/li>\n\t\t\t\t\t\t<\/ul>\n\t\t\t\t\t\t<\/div>\n\t\t\t\t<\/div>\n\t\t\t\t<div class=\"elementor-element elementor-element-2f5bb912 elementor-widget elementor-widget-spacer\" data-id=\"2f5bb912\" data-element_type=\"widget\" data-widget_type=\"spacer.default\">\n\t\t\t\t<div class=\"elementor-widget-container\">\n\t\t\t\t\t\t\t<div class=\"elementor-spacer\">\n\t\t\t<div class=\"elementor-spacer-inner\"><\/div>\n\t\t<\/div>\n\t\t\t\t\t\t<\/div>\n\t\t\t\t<\/div>\n\t\t\t\t\t<\/div>\n\t\t<\/div>\n\t\t\t\t\t<\/div>\n\t\t<\/section>\n\t\t\t\t<\/div>\n\t\t","protected":false},"excerpt":{"rendered":"<p>Ma\u0142e oczyszczalnie \u015bciek\u00f3w Ma\u0142e oczyszczalnie \u015bciek\u00f3w Nie wszystkie indywidualne domy, restauracje, ma\u0142e firmy i przedsi\u0119biorstwa mog\u0105 by\u0107 pod\u0142\u0105czone do publicznej sieci kanalizacyjnej i korzysta\u0107 z jej system\u00f3w oczyszczania \u015bciek\u00f3w. Albo ze wzgl\u0119du na koszty, albo dlatego, \u017ce nie jest to technicznie wykonalne. W tym miejscu budowane s\u0105 ma\u0142e oczyszczalnie \u015bciek\u00f3w, aby zapewni\u0107 niezawodne oczyszczanie \u015bciek\u00f3w. [&hellip;]<\/p>\n","protected":false},"author":1,"featured_media":0,"parent":6093,"menu_order":0,"comment_status":"closed","ping_status":"closed","template":"elementor_header_footer","meta":{"footnotes":""},"class_list":["post-6135","page","type-page","status-publish","hentry"],"yoast_head":"<!-- This site is optimized with the Yoast SEO plugin v25.1 - https:\/\/yoast.com\/wordpress\/plugins\/seo\/ -->\n<title>Ma\u0142a oczyszczalnia \u015bciek\u00f3w dla prywatnych gospodarstw domowych i firm | Osterhus<\/title>\n<meta name=\"description\" content=\"Ma\u0142a oczyszczalnia \u015bciek\u00f3w \u2713 Doradztwo \u2713 Planowanie \u2713 Instalacja system\u00f3w oczyszczania \u015bciek\u00f3w dla dom\u00f3w i ma\u0142ych firm \u2713 Ch\u0119tnie doradzimy!\" \/>\n<meta name=\"robots\" content=\"index, follow, max-snippet:-1, max-image-preview:large, max-video-preview:-1\" \/>\n<link rel=\"canonical\" href=\"https:\/\/osterhus.testserver-seitlicht.de\/pl\/uslugi-budowlane\/male-oczyszczalnie-sciekow\/\" \/>\n<meta property=\"og:locale\" content=\"pl_PL\" \/>\n<meta property=\"og:type\" content=\"article\" \/>\n<meta property=\"og:title\" content=\"Ma\u0142a oczyszczalnia \u015bciek\u00f3w dla prywatnych gospodarstw domowych i firm | Osterhus\" \/>\n<meta property=\"og:description\" content=\"Ma\u0142a oczyszczalnia \u015bciek\u00f3w \u2713 Doradztwo \u2713 Planowanie \u2713 Instalacja system\u00f3w oczyszczania \u015bciek\u00f3w dla dom\u00f3w i ma\u0142ych firm \u2713 Ch\u0119tnie doradzimy!\" \/>\n<meta property=\"og:url\" content=\"https:\/\/osterhus.testserver-seitlicht.de\/pl\/uslugi-budowlane\/male-oczyszczalnie-sciekow\/\" \/>\n<meta property=\"og:site_name\" content=\"Clemens Osterhus GmbH &amp; Co. KG\" \/>\n<meta property=\"article:modified_time\" content=\"2025-06-18T14:19:08+00:00\" \/>\n<meta name=\"twitter:card\" content=\"summary_large_image\" \/>\n<meta name=\"twitter:label1\" content=\"Szacowany czas czytania\" \/>\n\t<meta name=\"twitter:data1\" content=\"1 minuta\" \/>\n<script type=\"application\/ld+json\" class=\"yoast-schema-graph\">{\"@context\":\"https:\/\/schema.org\",\"@graph\":[{\"@type\":\"WebPage\",\"@id\":\"https:\/\/osterhus.testserver-seitlicht.de\/pl\/uslugi-budowlane\/male-oczyszczalnie-sciekow\/\",\"url\":\"https:\/\/osterhus.testserver-seitlicht.de\/pl\/uslugi-budowlane\/male-oczyszczalnie-sciekow\/\",\"name\":\"Ma\u0142a oczyszczalnia \u015bciek\u00f3w dla prywatnych gospodarstw domowych i firm | Osterhus\",\"isPartOf\":{\"@id\":\"https:\/\/osterhus.testserver-seitlicht.de\/pl\/#website\"},\"primaryImageOfPage\":{\"@id\":\"https:\/\/osterhus.testserver-seitlicht.de\/pl\/uslugi-budowlane\/male-oczyszczalnie-sciekow\/#primaryimage\"},\"image\":{\"@id\":\"https:\/\/osterhus.testserver-seitlicht.de\/pl\/uslugi-budowlane\/male-oczyszczalnie-sciekow\/#primaryimage\"},\"thumbnailUrl\":\"https:\/\/osterhus.testserver-seitlicht.de\/wp-content\/uploads\/2022\/04\/Osterhus_Kleinklaeranlage-1.svg\",\"datePublished\":\"2020-11-25T07:45:53+00:00\",\"dateModified\":\"2025-06-18T14:19:08+00:00\",\"description\":\"Ma\u0142a oczyszczalnia \u015bciek\u00f3w \u2713 Doradztwo \u2713 Planowanie \u2713 Instalacja system\u00f3w oczyszczania \u015bciek\u00f3w dla dom\u00f3w i ma\u0142ych firm \u2713 Ch\u0119tnie doradzimy!\",\"breadcrumb\":{\"@id\":\"https:\/\/osterhus.testserver-seitlicht.de\/pl\/uslugi-budowlane\/male-oczyszczalnie-sciekow\/#breadcrumb\"},\"inLanguage\":\"pl-PL\",\"potentialAction\":[{\"@type\":\"ReadAction\",\"target\":[\"https:\/\/osterhus.testserver-seitlicht.de\/pl\/uslugi-budowlane\/male-oczyszczalnie-sciekow\/\"]}]},{\"@type\":\"ImageObject\",\"inLanguage\":\"pl-PL\",\"@id\":\"https:\/\/osterhus.testserver-seitlicht.de\/pl\/uslugi-budowlane\/male-oczyszczalnie-sciekow\/#primaryimage\",\"url\":\"https:\/\/osterhus.testserver-seitlicht.de\/wp-content\/uploads\/2022\/04\/Osterhus_Kleinklaeranlage-1.svg\",\"contentUrl\":\"https:\/\/osterhus.testserver-seitlicht.de\/wp-content\/uploads\/2022\/04\/Osterhus_Kleinklaeranlage-1.svg\"},{\"@type\":\"BreadcrumbList\",\"@id\":\"https:\/\/osterhus.testserver-seitlicht.de\/pl\/uslugi-budowlane\/male-oczyszczalnie-sciekow\/#breadcrumb\",\"itemListElement\":[{\"@type\":\"ListItem\",\"position\":1,\"name\":\"Startseite\",\"item\":\"https:\/\/osterhus.testserver-seitlicht.de\/pl\/strona-glowna\/\"},{\"@type\":\"ListItem\",\"position\":2,\"name\":\"Us\u0142ugi budowlane\",\"item\":\"https:\/\/osterhus.testserver-seitlicht.de\/pl\/uslugi-budowlane\/\"},{\"@type\":\"ListItem\",\"position\":3,\"name\":\"Ma\u0142e oczyszczalnie \u015bciek\u00f3w\"}]},{\"@type\":\"WebSite\",\"@id\":\"https:\/\/osterhus.testserver-seitlicht.de\/pl\/#website\",\"url\":\"https:\/\/osterhus.testserver-seitlicht.de\/pl\/\",\"name\":\"Clemens Osterhus GmbH &amp; Co. KG\",\"description\":\"Clemens Osterhus GmbH &amp; Co. KG\",\"publisher\":{\"@id\":\"https:\/\/osterhus.testserver-seitlicht.de\/pl\/#organization\"},\"potentialAction\":[{\"@type\":\"SearchAction\",\"target\":{\"@type\":\"EntryPoint\",\"urlTemplate\":\"https:\/\/osterhus.testserver-seitlicht.de\/pl\/?s={search_term_string}\"},\"query-input\":{\"@type\":\"PropertyValueSpecification\",\"valueRequired\":true,\"valueName\":\"search_term_string\"}}],\"inLanguage\":\"pl-PL\"},{\"@type\":\"Organization\",\"@id\":\"https:\/\/osterhus.testserver-seitlicht.de\/pl\/#organization\",\"name\":\"Clemens Osterhus GmbH &amp; Co. KG\",\"url\":\"https:\/\/osterhus.testserver-seitlicht.de\/pl\/\",\"logo\":{\"@type\":\"ImageObject\",\"inLanguage\":\"pl-PL\",\"@id\":\"https:\/\/osterhus.testserver-seitlicht.de\/pl\/#\/schema\/logo\/image\/\",\"url\":\"https:\/\/www.osterhus.de\/wp-content\/uploads\/2022\/04\/Osterhus_MolbLogo_2022-03-14-1.svg\",\"contentUrl\":\"https:\/\/www.osterhus.de\/wp-content\/uploads\/2022\/04\/Osterhus_MolbLogo_2022-03-14-1.svg\",\"width\":14649,\"height\":7049,\"caption\":\"Clemens Osterhus GmbH &amp; Co. KG\"},\"image\":{\"@id\":\"https:\/\/osterhus.testserver-seitlicht.de\/pl\/#\/schema\/logo\/image\/\"}}]}<\/script>\n<!-- \/ Yoast SEO plugin. -->","yoast_head_json":{"title":"Ma\u0142a oczyszczalnia \u015bciek\u00f3w dla prywatnych gospodarstw domowych i firm | Osterhus","description":"Ma\u0142a oczyszczalnia \u015bciek\u00f3w \u2713 Doradztwo \u2713 Planowanie \u2713 Instalacja system\u00f3w oczyszczania \u015bciek\u00f3w dla dom\u00f3w i ma\u0142ych firm \u2713 Ch\u0119tnie doradzimy!","robots":{"index":"index","follow":"follow","max-snippet":"max-snippet:-1","max-image-preview":"max-image-preview:large","max-video-preview":"max-video-preview:-1"},"canonical":"https:\/\/osterhus.testserver-seitlicht.de\/pl\/uslugi-budowlane\/male-oczyszczalnie-sciekow\/","og_locale":"pl_PL","og_type":"article","og_title":"Ma\u0142a oczyszczalnia \u015bciek\u00f3w dla prywatnych gospodarstw domowych i firm | Osterhus","og_description":"Ma\u0142a oczyszczalnia \u015bciek\u00f3w \u2713 Doradztwo \u2713 Planowanie \u2713 Instalacja system\u00f3w oczyszczania \u015bciek\u00f3w dla dom\u00f3w i ma\u0142ych firm \u2713 Ch\u0119tnie doradzimy!","og_url":"https:\/\/osterhus.testserver-seitlicht.de\/pl\/uslugi-budowlane\/male-oczyszczalnie-sciekow\/","og_site_name":"Clemens Osterhus GmbH &amp; Co. KG","article_modified_time":"2025-06-18T14:19:08+00:00","twitter_card":"summary_large_image","twitter_misc":{"Szacowany czas czytania":"1 minuta"},"schema":{"@context":"https:\/\/schema.org","@graph":[{"@type":"WebPage","@id":"https:\/\/osterhus.testserver-seitlicht.de\/pl\/uslugi-budowlane\/male-oczyszczalnie-sciekow\/","url":"https:\/\/osterhus.testserver-seitlicht.de\/pl\/uslugi-budowlane\/male-oczyszczalnie-sciekow\/","name":"Ma\u0142a oczyszczalnia \u015bciek\u00f3w dla prywatnych gospodarstw domowych i firm | Osterhus","isPartOf":{"@id":"https:\/\/osterhus.testserver-seitlicht.de\/pl\/#website"},"primaryImageOfPage":{"@id":"https:\/\/osterhus.testserver-seitlicht.de\/pl\/uslugi-budowlane\/male-oczyszczalnie-sciekow\/#primaryimage"},"image":{"@id":"https:\/\/osterhus.testserver-seitlicht.de\/pl\/uslugi-budowlane\/male-oczyszczalnie-sciekow\/#primaryimage"},"thumbnailUrl":"https:\/\/osterhus.testserver-seitlicht.de\/wp-content\/uploads\/2022\/04\/Osterhus_Kleinklaeranlage-1.svg","datePublished":"2020-11-25T07:45:53+00:00","dateModified":"2025-06-18T14:19:08+00:00","description":"Ma\u0142a oczyszczalnia \u015bciek\u00f3w \u2713 Doradztwo \u2713 Planowanie \u2713 Instalacja system\u00f3w oczyszczania \u015bciek\u00f3w dla dom\u00f3w i ma\u0142ych firm \u2713 Ch\u0119tnie doradzimy!","breadcrumb":{"@id":"https:\/\/osterhus.testserver-seitlicht.de\/pl\/uslugi-budowlane\/male-oczyszczalnie-sciekow\/#breadcrumb"},"inLanguage":"pl-PL","potentialAction":[{"@type":"ReadAction","target":["https:\/\/osterhus.testserver-seitlicht.de\/pl\/uslugi-budowlane\/male-oczyszczalnie-sciekow\/"]}]},{"@type":"ImageObject","inLanguage":"pl-PL","@id":"https:\/\/osterhus.testserver-seitlicht.de\/pl\/uslugi-budowlane\/male-oczyszczalnie-sciekow\/#primaryimage","url":"https:\/\/osterhus.testserver-seitlicht.de\/wp-content\/uploads\/2022\/04\/Osterhus_Kleinklaeranlage-1.svg","contentUrl":"https:\/\/osterhus.testserver-seitlicht.de\/wp-content\/uploads\/2022\/04\/Osterhus_Kleinklaeranlage-1.svg"},{"@type":"BreadcrumbList","@id":"https:\/\/osterhus.testserver-seitlicht.de\/pl\/uslugi-budowlane\/male-oczyszczalnie-sciekow\/#breadcrumb","itemListElement":[{"@type":"ListItem","position":1,"name":"Startseite","item":"https:\/\/osterhus.testserver-seitlicht.de\/pl\/strona-glowna\/"},{"@type":"ListItem","position":2,"name":"Us\u0142ugi budowlane","item":"https:\/\/osterhus.testserver-seitlicht.de\/pl\/uslugi-budowlane\/"},{"@type":"ListItem","position":3,"name":"Ma\u0142e oczyszczalnie \u015bciek\u00f3w"}]},{"@type":"WebSite","@id":"https:\/\/osterhus.testserver-seitlicht.de\/pl\/#website","url":"https:\/\/osterhus.testserver-seitlicht.de\/pl\/","name":"Clemens Osterhus GmbH &amp; Co. KG","description":"Clemens Osterhus GmbH &amp; Co. KG","publisher":{"@id":"https:\/\/osterhus.testserver-seitlicht.de\/pl\/#organization"},"potentialAction":[{"@type":"SearchAction","target":{"@type":"EntryPoint","urlTemplate":"https:\/\/osterhus.testserver-seitlicht.de\/pl\/?s={search_term_string}"},"query-input":{"@type":"PropertyValueSpecification","valueRequired":true,"valueName":"search_term_string"}}],"inLanguage":"pl-PL"},{"@type":"Organization","@id":"https:\/\/osterhus.testserver-seitlicht.de\/pl\/#organization","name":"Clemens Osterhus GmbH &amp; Co. KG","url":"https:\/\/osterhus.testserver-seitlicht.de\/pl\/","logo":{"@type":"ImageObject","inLanguage":"pl-PL","@id":"https:\/\/osterhus.testserver-seitlicht.de\/pl\/#\/schema\/logo\/image\/","url":"https:\/\/www.osterhus.de\/wp-content\/uploads\/2022\/04\/Osterhus_MolbLogo_2022-03-14-1.svg","contentUrl":"https:\/\/www.osterhus.de\/wp-content\/uploads\/2022\/04\/Osterhus_MolbLogo_2022-03-14-1.svg","width":14649,"height":7049,"caption":"Clemens Osterhus GmbH &amp; Co. KG"},"image":{"@id":"https:\/\/osterhus.testserver-seitlicht.de\/pl\/#\/schema\/logo\/image\/"}}]}},"_links":{"self":[{"href":"https:\/\/osterhus.testserver-seitlicht.de\/pl\/wp-json\/wp\/v2\/pages\/6135","targetHints":{"allow":["GET"]}}],"collection":[{"href":"https:\/\/osterhus.testserver-seitlicht.de\/pl\/wp-json\/wp\/v2\/pages"}],"about":[{"href":"https:\/\/osterhus.testserver-seitlicht.de\/pl\/wp-json\/wp\/v2\/types\/page"}],"author":[{"embeddable":true,"href":"https:\/\/osterhus.testserver-seitlicht.de\/pl\/wp-json\/wp\/v2\/users\/1"}],"replies":[{"embeddable":true,"href":"https:\/\/osterhus.testserver-seitlicht.de\/pl\/wp-json\/wp\/v2\/comments?post=6135"}],"version-history":[{"count":9,"href":"https:\/\/osterhus.testserver-seitlicht.de\/pl\/wp-json\/wp\/v2\/pages\/6135\/revisions"}],"predecessor-version":[{"id":7500,"href":"https:\/\/osterhus.testserver-seitlicht.de\/pl\/wp-json\/wp\/v2\/pages\/6135\/revisions\/7500"}],"up":[{"embeddable":true,"href":"https:\/\/osterhus.testserver-seitlicht.de\/pl\/wp-json\/wp\/v2\/pages\/6093"}],"wp:attachment":[{"href":"https:\/\/osterhus.testserver-seitlicht.de\/pl\/wp-json\/wp\/v2\/media?parent=6135"}],"curies":[{"name":"wp","href":"https:\/\/api.w.org\/{rel}","templated":true}]}}