{"id":6287,"date":"2020-11-25T08:48:18","date_gmt":"2020-11-25T07:48:18","guid":{"rendered":"https:\/\/osterhus.testserver-seitlicht.de\/nadruk\/"},"modified":"2025-06-24T11:09:22","modified_gmt":"2025-06-24T09:09:22","slug":"nadruk","status":"publish","type":"page","link":"https:\/\/osterhus.testserver-seitlicht.de\/pl\/nadruk\/","title":{"rendered":"Nadruk"},"content":{"rendered":"\t\t<div data-elementor-type=\"wp-page\" data-elementor-id=\"6287\" class=\"elementor elementor-6287 elementor-52\" data-elementor-post-type=\"page\">\n\t\t\t\t\t\t<section class=\"elementor-section elementor-top-section elementor-element elementor-element-36c1a4e elementor-section-boxed elementor-section-height-default elementor-section-height-default\" data-id=\"36c1a4e\" data-element_type=\"section\">\n\t\t\t\t\t\t<div class=\"elementor-container elementor-column-gap-wide\">\n\t\t\t\t\t<div class=\"elementor-column elementor-col-100 elementor-top-column elementor-element elementor-element-285819d\" data-id=\"285819d\" data-element_type=\"column\">\n\t\t\t<div class=\"elementor-widget-wrap elementor-element-populated\">\n\t\t\t\t\t\t<div class=\"elementor-element elementor-element-f599603 elementor-widget elementor-widget-spacer\" data-id=\"f599603\" data-element_type=\"widget\" data-widget_type=\"spacer.default\">\n\t\t\t\t<div class=\"elementor-widget-container\">\n\t\t\t\t\t\t\t<div class=\"elementor-spacer\">\n\t\t\t<div class=\"elementor-spacer-inner\"><\/div>\n\t\t<\/div>\n\t\t\t\t\t\t<\/div>\n\t\t\t\t<\/div>\n\t\t\t\t<div class=\"elementor-element elementor-element-22f2dfe elementor-widget elementor-widget-text-editor\" data-id=\"22f2dfe\" data-element_type=\"widget\" data-widget_type=\"text-editor.default\">\n\t\t\t\t<div class=\"elementor-widget-container\">\n\t\t\t\t\t\t\t\t\t<h1>Nadruk<\/h1><h2>Informacje zgodnie z \u00a7 5 TMG<\/h2><p>Clemens Osterhus GmbH &amp; Co. Leitungsbau KG<br>Industriestrasse 15<br>49696 Molbergen<\/p><p>Rejestr handlowy: HRA 150118<br>S\u0105d rejestrowy: S\u0105d lokalny w Oldenburgu<\/p><p><strong>Reprezentowany przez:<\/strong><br>Clemens Osterhus GmbH<\/p><p>Reprezentowany przez:<br>Clemens Osterhus<br> Cornelia Osterhus<\/p><p>Rejestr handlowy: HRB 150024<br>S\u0105d rejestrowy: S\u0105d lokalny w Oldenburgu<\/p><h2>Skontaktuj si\u0119 z nami<\/h2><p>Telefon: +49 4475 940-0<br>Faks: +49 4475 940-50<br>E-mail: info@osterhus.de<\/p><h2>Identyfikator podatkowy sprzeda\u017cy<\/h2><p>Numer identyfikacji podatkowej zgodnie z \u00a7 27 ustawy o podatku od sprzeda\u017cy:<br>DE 117106900<\/p><h2>Rozstrzyganie spor\u00f3w w UE<\/h2><p>Komisja Europejska zapewnia platform\u0119 internetowego rozstrzygania spor\u00f3w (OS): <a href=\"https:\/\/ec.europa.eu\/consumers\/odr\/\" target=\"_blank\" rel=\"noopener noreferrer\">https:\/\/ec.europa.eu\/consumers\/odr\/.<\/a><br>Nasz adres e-mail mo\u017cna znale\u017a\u0107 w powy\u017cszej nocie prawnej.<\/p><h2>Rozstrzyganie spor\u00f3w konsumenckich\/uniwersalne centrum arbitra\u017cowe<\/h2><p>Nie jeste\u015bmy sk\u0142onni ani zobowi\u0105zani do udzia\u0142u w post\u0119powaniu rozstrzygaj\u0105cym spory przed komisj\u0105 arbitra\u017cow\u0105 ds. konsument\u00f3w.<\/p><h3>Odpowiedzialno\u015b\u0107 za tre\u015b\u0107<\/h3><p>Jako dostawca us\u0142ug jeste\u015bmy odpowiedzialni za w\u0142asne tre\u015bci na tych stronach zgodnie z \u00a7 7 (1) TMG (niemiecka ustawa o telemediach) i og\u00f3lnymi przepisami prawa. Zgodnie z \u00a7\u00a7 8 do 10 TMG, jako us\u0142ugodawca nie jeste\u015bmy jednak zobowi\u0105zani do monitorowania przesy\u0142anych lub przechowywanych informacji os\u00f3b trzecich ani do badania okoliczno\u015bci wskazuj\u0105cych na nielegaln\u0105 dzia\u0142alno\u015b\u0107.  <\/p><p>Nie ma to wp\u0142ywu na zobowi\u0105zania do usuni\u0119cia lub zablokowania korzystania z informacji zgodnie z og\u00f3lnymi przepisami prawa. Odpowiedzialno\u015b\u0107 w tym zakresie jest jednak mo\u017cliwa dopiero od momentu, w kt\u00f3rym dowiemy si\u0119 o konkretnym naruszeniu. Gdy tylko dowiemy si\u0119 o takich naruszeniach, natychmiast usuniemy te tre\u015bci.  <\/p><h3>Odpowiedzialno\u015b\u0107 za linki<\/h3><p>Nasza witryna internetowa zawiera \u0142\u0105cza do zewn\u0119trznych witryn internetowych os\u00f3b trzecich, na kt\u00f3rych tre\u015b\u0107 nie mamy wp\u0142ywu. W zwi\u0105zku z tym nie mo\u017cemy ponosi\u0107 \u017cadnej odpowiedzialno\u015bci za tre\u015bci stron trzecich. Odpowiedni dostawca lub operator stron jest zawsze odpowiedzialny za tre\u015b\u0107 stron, do kt\u00f3rych prowadz\u0105 linki. Po\u0142\u0105czone strony zosta\u0142y sprawdzone pod k\u0105tem mo\u017cliwych narusze\u0144 prawa w momencie \u0142\u0105czenia. Nielegalne tre\u015bci nie by\u0142y rozpoznawalne w momencie linkowania.    <\/p><p>Sta\u0142e monitorowanie tre\u015bci stron, do kt\u00f3rych prowadz\u0105 linki, nie jest jednak uzasadnione bez konkretnych dowod\u00f3w naruszenia prawa. Je\u015bli dowiemy si\u0119 o jakichkolwiek naruszeniach prawa, niezw\u0142ocznie usuniemy takie linki. <\/p><h3>Prawa autorskie<\/h3><p>Tre\u015bci i dzie\u0142a stworzone przez operator\u00f3w witryn na tych stronach podlegaj\u0105 niemieckiemu prawu autorskiemu. Powielanie, przetwarzanie, rozpowszechnianie i wszelkiego rodzaju wykorzystywanie poza granicami prawa autorskiego wymaga pisemnej zgody odpowiedniego autora lub tw\u00f3rcy. Pobieranie i kopiowanie tej strony jest dozwolone wy\u0142\u0105cznie do prywatnego, niekomercyjnego u\u017cytku.  <\/p><p>O ile tre\u015bci na tej stronie nie zosta\u0142y stworzone przez operatora, prawa autorskie os\u00f3b trzecich s\u0105 przestrzegane. W szczeg\u00f3lno\u015bci tre\u015bci os\u00f3b trzecich s\u0105 oznaczone jako takie. Je\u015bli mimo to dowiesz si\u0119 o naruszeniu praw autorskich, poinformuj nas o tym. Je\u015bli dowiemy si\u0119 o jakichkolwiek naruszeniach, niezw\u0142ocznie usuniemy takie tre\u015bci.   <\/p><p><a href=\"https:\/\/www.istockphoto.com\/de\/foto\/hand-schreiben-wir-in-deutscher-sprache-auf-einer-kreidetafel-mieten-sind-gm1096257848-294340725\" target=\"_blank\" rel=\"noopener\">https:\/\/www.istockphoto.com\/de\/foto\/hand-schreiben-wir-in-deutscher-sprache-auf-einer-kreidetafel-mieten-sind-gm1096257848-294340725<\/a><\/p><p><a href=\"https:\/\/www.istockphoto.com\/de\/foto\/installation-eines-unterirdischen-tanks-f%C3%BCr-die-kanalisation-gm1321670986-407845414\" target=\"_blank\" rel=\"noopener\">https:\/\/www.istockphoto.com\/de\/foto\/installation-eines-unterirdischen-tanks-f%C3%BCr-die-kanalisation-gm1321670986-407845414<\/a><\/p><p><a href=\"https:\/\/www.istockphoto.com\/de\/foto\/hdd-horizontale-multidirektionale-drilling-betrieb-gm183810054-16020795\" target=\"_blank\" rel=\"noopener\">https:\/\/www.istockphoto.com\/de\/foto\/hdd-horizontale-multidirektionale-drilling-betrieb-gm183810054-16020795<\/a><\/p><p><a href=\"https:\/\/www.istockphoto.com\/de\/foto\/stra%C3%9Fenbaustelle-f%C3%BCr-gas-wasser-und-strominfrastruktur-in-deutschland-gm1297050459-390292034\" target=\"_blank\" rel=\"noopener\">https:\/\/www.istockphoto.com\/de\/foto\/stra%C3%9Fenbaustelle-f%C3%BCr-gas-wasser-und-strominfrastruktur-in-deutschland-gm1297050459-390292034<\/a><\/p><p><a href=\"https:\/\/www.istockphoto.com\/de\/foto\/installation-von-warmwasserleitungen-zur-beheizung-von-wohnungen-isolierte-rohre-gm1333542674-416000475\" target=\"_blank\" rel=\"noopener\">https:\/\/www.istockphoto.com\/de\/foto\/installation-von-warmwasserleitungen-zur-beheizung-von-wohnungen-isolierte-rohre-gm1333542674-416000475<\/a><\/p><p><a href=\"https:\/\/www.istockphoto.com\/de\/foto\/arbeitnehmer-bauchlage-pvc-pipes-at-the-ditch-unten-gm501299063-43489280\" target=\"_blank\" rel=\"noopener\">https:\/\/www.istockphoto.com\/de\/foto\/arbeitnehmer-bauchlage-pvc-pipes-at-the-ditch-unten-gm501299063-43489280<\/a><\/p><p><a href=\"https:\/\/www.istockphoto.com\/de\/foto\/baustelle-mit-rohren-gm1227422690-362002607\" target=\"_blank\" rel=\"noopener\">https:\/\/www.istockphoto.com\/de\/foto\/baustelle-mit-rohren-gm1227422690-362002607<\/a><\/p><p><a href=\"https:\/\/www.istockphoto.com\/de\/foto\/industrieroboter-station-mit-prisma-pole-fels-gm95700223-10310602\" target=\"_blank\" rel=\"noopener\">https:\/\/www.istockphoto.com\/de\/foto\/industrieroboter-station-mit-prisma-pole-fels-gm95700223-10310602<\/a><\/p><p><a href=\"https:\/\/www.istockphoto.com\/de\/foto\/das-hochspannungs-elektrokabel-wird-in-einem-graben-gm1189329619-336718958\" target=\"_blank\" rel=\"noopener\">https:\/\/www.istockphoto.com\/de\/foto\/das-hochspannungs-elektrokabel-wird-in-einem-graben-gm1189329619-336718958<\/a><\/p><p><a href=\"https:\/\/www.istockphoto.com\/de\/foto\/elektrizierungstechniker-der-spannung-und-strom-der-elektrischen-stromleitung-in-der-gm1150199550-311273942\" target=\"_blank\" rel=\"noopener\">https:\/\/www.istockphoto.com\/de\/foto\/elektrizierungstechniker-der-spannung-und-strom-der-elektrischen-stromleitung-in-der-gm1150199550-311273942<\/a><\/p><p><a href=\"https:\/\/www.istockphoto.com\/de\/foto\/mann-mit-rechner-berechnung-der-kosten-wirtschaftliche-rechnungen-mit-geldstapel-gm1163111044-319266475\" target=\"_blank\" rel=\"noopener\">https:\/\/www.istockphoto.com\/de\/foto\/mann-mit-rechner-berechnung-der-kosten-wirtschaftliche-rechnungen-mit-geldstapel-gm1163111044-319266475<\/a><\/p><p><a href=\"https:\/\/www.shutterstock.com\/de\/image-illustration\/modern-bright-bath-bathtub-shower-two-275594438\" target=\"_blank\" rel=\"noopener\">https:\/\/www.shutterstock.com\/de\/image-illustration\/modern-bright-bath-bathtub-shower-two-275594438<\/a><\/p><p><a href=\"https:\/\/www.shutterstock.com\/de\/image-photo\/cropped-image-male-electrician-examining-fusebox-198664457\" target=\"_blank\" rel=\"noopener\">https:\/\/www.shutterstock.com\/de\/image-photo\/cropped-image-male-electrician-examining-fusebox-198664457<\/a><\/p><p><a href=\"https:\/\/www.shutterstock.com\/de\/image-photo\/man-electrical-technician-working-switchboard-fuses-1569179599\" target=\"_blank\" rel=\"noopener\">https:\/\/www.shutterstock.com\/de\/image-photo\/man-electrical-technician-working-switchboard-fuses-1569179599<\/a><\/p><p><a href=\"https:\/\/www.istockphoto.com\/de\/foto\/badezimmer-mit-keramik-badewanne-unter-fenster-gm1097403966-294691475\" target=\"_blank\" rel=\"noopener\">https:\/\/www.istockphoto.com\/de\/foto\/badezimmer-mit-keramik-badewanne-unter-fenster-gm1097403966-294691475<\/a><\/p><p class=\"p1\"><a href=\"https:\/\/www.shutterstock.com\/de\/image-photo\/group-warehouse-workers-wearing-hardhats-reflective-682632409\">https:\/\/www.shutterstock.com\/de\/image-photo\/group-warehouse-workers-wearing-hardhats-reflective-682632409<\/a><\/p><p class=\"p3\"><a href=\"https:\/\/www.shutterstock.com\/de\/image-photo\/repair-engineagricultural-enginemachine-part-steel-gear-536737459\">https:\/\/www.shutterstock.com\/de\/image-photo\/repair-engineagricultural-enginemachine-part-steel-gear-536737459<\/a><\/p><p class=\"p3\"><a href=\"https:\/\/www.shutterstock.com\/de\/image-photo\/close-business-people-hands-pen-explaining-2169929439\">https:\/\/www.shutterstock.com\/de\/image-photo\/close-business-people-hands-pen-explaining-2169929439<\/a><\/p><p class=\"p3\"><a href=\"https:\/\/www.shutterstock.com\/image-photo\/engineer-his-coworker-creating-technical-drawing-1942212232\" target=\"_blank\" rel=\"noopener\">https:\/\/www.shutterstock.com\/image-photo\/engineer-his-coworker-creating-technical-drawing-1942212232<\/a><\/p>\t\t\t\t\t\t\t\t<\/div>\n\t\t\t\t<\/div>\n\t\t\t\t<div class=\"elementor-element elementor-element-949ed5c elementor-widget elementor-widget-spacer\" data-id=\"949ed5c\" data-element_type=\"widget\" data-widget_type=\"spacer.default\">\n\t\t\t\t<div class=\"elementor-widget-container\">\n\t\t\t\t\t\t\t<div class=\"elementor-spacer\">\n\t\t\t<div class=\"elementor-spacer-inner\"><\/div>\n\t\t<\/div>\n\t\t\t\t\t\t<\/div>\n\t\t\t\t<\/div>\n\t\t\t\t\t<\/div>\n\t\t<\/div>\n\t\t\t\t\t<\/div>\n\t\t<\/section>\n\t\t\t\t<\/div>\n\t\t","protected":false},"excerpt":{"rendered":"<p>Nadruk Informacje zgodnie z \u00a7 5 TMG Clemens Osterhus GmbH &amp; Co. Leitungsbau KGIndustriestrasse 1549696 Molbergen Rejestr handlowy: HRA 150118S\u0105d rejestrowy: S\u0105d lokalny w Oldenburgu Reprezentowany przez:Clemens Osterhus GmbH Reprezentowany przez:Clemens Osterhus Cornelia Osterhus Rejestr handlowy: HRB 150024S\u0105d rejestrowy: S\u0105d lokalny w Oldenburgu Skontaktuj si\u0119 z nami Telefon: +49 4475 940-0Faks: +49 4475 940-50E-mail: info@osterhus.de [&hellip;]<\/p>\n","protected":false},"author":1,"featured_media":0,"parent":0,"menu_order":0,"comment_status":"closed","ping_status":"closed","template":"elementor_header_footer","meta":{"footnotes":""},"class_list":["post-6287","page","type-page","status-publish","hentry"],"yoast_head":"<!-- This site is optimized with the Yoast SEO plugin v25.1 - https:\/\/yoast.com\/wordpress\/plugins\/seo\/ -->\n<title>Nadruk | Osterhus<\/title>\n<meta name=\"description\" content=\"W naszej nocie prawnej znajdziesz wszystkie niezb\u0119dne informacje na temat tre\u015bci i szczeg\u00f3\u0142\u00f3w prawnych. Przeczytaj tutaj.\" \/>\n<meta name=\"robots\" content=\"index, follow, max-snippet:-1, max-image-preview:large, max-video-preview:-1\" \/>\n<link rel=\"canonical\" href=\"https:\/\/osterhus.testserver-seitlicht.de\/pl\/nadruk\/\" \/>\n<meta property=\"og:locale\" content=\"pl_PL\" \/>\n<meta property=\"og:type\" content=\"article\" \/>\n<meta property=\"og:title\" content=\"Nadruk | Osterhus\" \/>\n<meta property=\"og:description\" content=\"W naszej nocie prawnej znajdziesz wszystkie niezb\u0119dne informacje na temat tre\u015bci i szczeg\u00f3\u0142\u00f3w prawnych. Przeczytaj tutaj.\" \/>\n<meta property=\"og:url\" content=\"https:\/\/osterhus.testserver-seitlicht.de\/pl\/nadruk\/\" \/>\n<meta property=\"og:site_name\" content=\"Clemens Osterhus GmbH &amp; Co. KG\" \/>\n<meta property=\"article:modified_time\" content=\"2025-06-24T09:09:22+00:00\" \/>\n<meta name=\"twitter:card\" content=\"summary_large_image\" \/>\n<meta name=\"twitter:label1\" content=\"Szacowany czas czytania\" \/>\n\t<meta name=\"twitter:data1\" content=\"3 minuty\" \/>\n<script type=\"application\/ld+json\" class=\"yoast-schema-graph\">{\"@context\":\"https:\/\/schema.org\",\"@graph\":[{\"@type\":\"WebPage\",\"@id\":\"https:\/\/osterhus.testserver-seitlicht.de\/pl\/nadruk\/\",\"url\":\"https:\/\/osterhus.testserver-seitlicht.de\/pl\/nadruk\/\",\"name\":\"Nadruk | Osterhus\",\"isPartOf\":{\"@id\":\"https:\/\/osterhus.testserver-seitlicht.de\/pl\/#website\"},\"datePublished\":\"2020-11-25T07:48:18+00:00\",\"dateModified\":\"2025-06-24T09:09:22+00:00\",\"description\":\"W naszej nocie prawnej znajdziesz wszystkie niezb\u0119dne informacje na temat tre\u015bci i szczeg\u00f3\u0142\u00f3w prawnych. Przeczytaj tutaj.\",\"breadcrumb\":{\"@id\":\"https:\/\/osterhus.testserver-seitlicht.de\/pl\/nadruk\/#breadcrumb\"},\"inLanguage\":\"pl-PL\",\"potentialAction\":[{\"@type\":\"ReadAction\",\"target\":[\"https:\/\/osterhus.testserver-seitlicht.de\/pl\/nadruk\/\"]}]},{\"@type\":\"BreadcrumbList\",\"@id\":\"https:\/\/osterhus.testserver-seitlicht.de\/pl\/nadruk\/#breadcrumb\",\"itemListElement\":[{\"@type\":\"ListItem\",\"position\":1,\"name\":\"Startseite\",\"item\":\"https:\/\/osterhus.testserver-seitlicht.de\/pl\/strona-glowna\/\"},{\"@type\":\"ListItem\",\"position\":2,\"name\":\"Nadruk\"}]},{\"@type\":\"WebSite\",\"@id\":\"https:\/\/osterhus.testserver-seitlicht.de\/pl\/#website\",\"url\":\"https:\/\/osterhus.testserver-seitlicht.de\/pl\/\",\"name\":\"Clemens Osterhus GmbH &amp; Co. KG\",\"description\":\"Clemens Osterhus GmbH &amp; Co. KG\",\"publisher\":{\"@id\":\"https:\/\/osterhus.testserver-seitlicht.de\/pl\/#organization\"},\"potentialAction\":[{\"@type\":\"SearchAction\",\"target\":{\"@type\":\"EntryPoint\",\"urlTemplate\":\"https:\/\/osterhus.testserver-seitlicht.de\/pl\/?s={search_term_string}\"},\"query-input\":{\"@type\":\"PropertyValueSpecification\",\"valueRequired\":true,\"valueName\":\"search_term_string\"}}],\"inLanguage\":\"pl-PL\"},{\"@type\":\"Organization\",\"@id\":\"https:\/\/osterhus.testserver-seitlicht.de\/pl\/#organization\",\"name\":\"Clemens Osterhus GmbH &amp; Co. KG\",\"url\":\"https:\/\/osterhus.testserver-seitlicht.de\/pl\/\",\"logo\":{\"@type\":\"ImageObject\",\"inLanguage\":\"pl-PL\",\"@id\":\"https:\/\/osterhus.testserver-seitlicht.de\/pl\/#\/schema\/logo\/image\/\",\"url\":\"https:\/\/www.osterhus.de\/wp-content\/uploads\/2022\/04\/Osterhus_MolbLogo_2022-03-14-1.svg\",\"contentUrl\":\"https:\/\/www.osterhus.de\/wp-content\/uploads\/2022\/04\/Osterhus_MolbLogo_2022-03-14-1.svg\",\"width\":14649,\"height\":7049,\"caption\":\"Clemens Osterhus GmbH &amp; Co. KG\"},\"image\":{\"@id\":\"https:\/\/osterhus.testserver-seitlicht.de\/pl\/#\/schema\/logo\/image\/\"}}]}<\/script>\n<!-- \/ Yoast SEO plugin. -->","yoast_head_json":{"title":"Nadruk | Osterhus","description":"W naszej nocie prawnej znajdziesz wszystkie niezb\u0119dne informacje na temat tre\u015bci i szczeg\u00f3\u0142\u00f3w prawnych. Przeczytaj tutaj.","robots":{"index":"index","follow":"follow","max-snippet":"max-snippet:-1","max-image-preview":"max-image-preview:large","max-video-preview":"max-video-preview:-1"},"canonical":"https:\/\/osterhus.testserver-seitlicht.de\/pl\/nadruk\/","og_locale":"pl_PL","og_type":"article","og_title":"Nadruk | Osterhus","og_description":"W naszej nocie prawnej znajdziesz wszystkie niezb\u0119dne informacje na temat tre\u015bci i szczeg\u00f3\u0142\u00f3w prawnych. Przeczytaj tutaj.","og_url":"https:\/\/osterhus.testserver-seitlicht.de\/pl\/nadruk\/","og_site_name":"Clemens Osterhus GmbH &amp; Co. KG","article_modified_time":"2025-06-24T09:09:22+00:00","twitter_card":"summary_large_image","twitter_misc":{"Szacowany czas czytania":"3 minuty"},"schema":{"@context":"https:\/\/schema.org","@graph":[{"@type":"WebPage","@id":"https:\/\/osterhus.testserver-seitlicht.de\/pl\/nadruk\/","url":"https:\/\/osterhus.testserver-seitlicht.de\/pl\/nadruk\/","name":"Nadruk | Osterhus","isPartOf":{"@id":"https:\/\/osterhus.testserver-seitlicht.de\/pl\/#website"},"datePublished":"2020-11-25T07:48:18+00:00","dateModified":"2025-06-24T09:09:22+00:00","description":"W naszej nocie prawnej znajdziesz wszystkie niezb\u0119dne informacje na temat tre\u015bci i szczeg\u00f3\u0142\u00f3w prawnych. Przeczytaj tutaj.","breadcrumb":{"@id":"https:\/\/osterhus.testserver-seitlicht.de\/pl\/nadruk\/#breadcrumb"},"inLanguage":"pl-PL","potentialAction":[{"@type":"ReadAction","target":["https:\/\/osterhus.testserver-seitlicht.de\/pl\/nadruk\/"]}]},{"@type":"BreadcrumbList","@id":"https:\/\/osterhus.testserver-seitlicht.de\/pl\/nadruk\/#breadcrumb","itemListElement":[{"@type":"ListItem","position":1,"name":"Startseite","item":"https:\/\/osterhus.testserver-seitlicht.de\/pl\/strona-glowna\/"},{"@type":"ListItem","position":2,"name":"Nadruk"}]},{"@type":"WebSite","@id":"https:\/\/osterhus.testserver-seitlicht.de\/pl\/#website","url":"https:\/\/osterhus.testserver-seitlicht.de\/pl\/","name":"Clemens Osterhus GmbH &amp; Co. KG","description":"Clemens Osterhus GmbH &amp; Co. KG","publisher":{"@id":"https:\/\/osterhus.testserver-seitlicht.de\/pl\/#organization"},"potentialAction":[{"@type":"SearchAction","target":{"@type":"EntryPoint","urlTemplate":"https:\/\/osterhus.testserver-seitlicht.de\/pl\/?s={search_term_string}"},"query-input":{"@type":"PropertyValueSpecification","valueRequired":true,"valueName":"search_term_string"}}],"inLanguage":"pl-PL"},{"@type":"Organization","@id":"https:\/\/osterhus.testserver-seitlicht.de\/pl\/#organization","name":"Clemens Osterhus GmbH &amp; Co. KG","url":"https:\/\/osterhus.testserver-seitlicht.de\/pl\/","logo":{"@type":"ImageObject","inLanguage":"pl-PL","@id":"https:\/\/osterhus.testserver-seitlicht.de\/pl\/#\/schema\/logo\/image\/","url":"https:\/\/www.osterhus.de\/wp-content\/uploads\/2022\/04\/Osterhus_MolbLogo_2022-03-14-1.svg","contentUrl":"https:\/\/www.osterhus.de\/wp-content\/uploads\/2022\/04\/Osterhus_MolbLogo_2022-03-14-1.svg","width":14649,"height":7049,"caption":"Clemens Osterhus GmbH &amp; Co. KG"},"image":{"@id":"https:\/\/osterhus.testserver-seitlicht.de\/pl\/#\/schema\/logo\/image\/"}}]}},"_links":{"self":[{"href":"https:\/\/osterhus.testserver-seitlicht.de\/pl\/wp-json\/wp\/v2\/pages\/6287","targetHints":{"allow":["GET"]}}],"collection":[{"href":"https:\/\/osterhus.testserver-seitlicht.de\/pl\/wp-json\/wp\/v2\/pages"}],"about":[{"href":"https:\/\/osterhus.testserver-seitlicht.de\/pl\/wp-json\/wp\/v2\/types\/page"}],"author":[{"embeddable":true,"href":"https:\/\/osterhus.testserver-seitlicht.de\/pl\/wp-json\/wp\/v2\/users\/1"}],"replies":[{"embeddable":true,"href":"https:\/\/osterhus.testserver-seitlicht.de\/pl\/wp-json\/wp\/v2\/comments?post=6287"}],"version-history":[{"count":7,"href":"https:\/\/osterhus.testserver-seitlicht.de\/pl\/wp-json\/wp\/v2\/pages\/6287\/revisions"}],"predecessor-version":[{"id":7831,"href":"https:\/\/osterhus.testserver-seitlicht.de\/pl\/wp-json\/wp\/v2\/pages\/6287\/revisions\/7831"}],"wp:attachment":[{"href":"https:\/\/osterhus.testserver-seitlicht.de\/pl\/wp-json\/wp\/v2\/media?parent=6287"}],"curies":[{"name":"wp","href":"https:\/\/api.w.org\/{rel}","templated":true}]}}