{"id":5957,"date":"2023-02-02T16:26:31","date_gmt":"2023-02-02T15:26:31","guid":{"rendered":"https:\/\/osterhus.testserver-seitlicht.de\/gtc\/"},"modified":"2025-05-23T10:59:01","modified_gmt":"2025-05-23T08:59:01","slug":"gtc","status":"publish","type":"page","link":"https:\/\/osterhus.testserver-seitlicht.de\/ro\/gtc\/","title":{"rendered":"GTC"},"content":{"rendered":"\t\t<div data-elementor-type=\"wp-page\" data-elementor-id=\"5957\" class=\"elementor elementor-5957 elementor-3884\" data-elementor-post-type=\"page\">\n\t\t\t\t\t\t<section class=\"elementor-section elementor-top-section elementor-element elementor-element-7403e4d elementor-section-boxed elementor-section-height-default elementor-section-height-default\" data-id=\"7403e4d\" data-element_type=\"section\">\n\t\t\t\t\t\t<div class=\"elementor-container elementor-column-gap-wide\">\n\t\t\t\t\t<div class=\"elementor-column elementor-col-100 elementor-top-column elementor-element elementor-element-59c7a68\" data-id=\"59c7a68\" data-element_type=\"column\">\n\t\t\t<div class=\"elementor-widget-wrap elementor-element-populated\">\n\t\t\t\t\t\t<div class=\"elementor-element elementor-element-fb31e0b elementor-widget elementor-widget-spacer\" data-id=\"fb31e0b\" data-element_type=\"widget\" data-widget_type=\"spacer.default\">\n\t\t\t\t<div class=\"elementor-widget-container\">\n\t\t\t\t\t\t\t<div class=\"elementor-spacer\">\n\t\t\t<div class=\"elementor-spacer-inner\"><\/div>\n\t\t<\/div>\n\t\t\t\t\t\t<\/div>\n\t\t\t\t<\/div>\n\t\t\t\t<div class=\"elementor-element elementor-element-5b4987c elementor-widget elementor-widget-text-editor\" data-id=\"5b4987c\" data-element_type=\"widget\" data-widget_type=\"text-editor.default\">\n\t\t\t\t<div class=\"elementor-widget-container\">\n\t\t\t\t\t\t\t\t\t<h2 class=\"elementor-heading-title elementor-size-default elementor-inline-editing pen\" contenteditable=\"true\" data-elementor-setting-key=\"title\" data-pen-placeholder=\"Eingabe hier...\">Termeni \u0219i condi\u021bii generale<\/h2>\n<h4>Condi\u021bii de v\u00e2nzare \u0219i de plat\u0103.<\/h4>\n<h4>Condi\u021bii de plat\u0103<\/h4>\nCu excep\u021bia cazului \u00een care se convine \u00een mod expres altfel, plata facturilor noastre este datorat\u0103 f\u0103r\u0103 deducere \u00een termen de 4 s\u0103pt\u0103m\u00e2ni de la data facturii. \u00cen cazul \u00een care plata nu este primit\u0103 la timp, ne rezerv\u0103m dreptul de a percepe dob\u00e2nzi de \u00eent\u00e2rziere la rata de actualizare a b\u0103ncii centrale na\u021bionale respective.\n\u00cen cazul \u00een care sunt convenite rate, ratele trebuie pl\u0103tite la timp. \u00cen cazul \u00een care cump\u0103r\u0103torul nu pl\u0103te\u0219te o rat\u0103, \u00eentregul pre\u021b de achizi\u021bie r\u0103mas trebuie pl\u0103tit imediat.\n\u00cen cazul finan\u021b\u0103rii prin cambie, costurile aferente cambiei sunt suportate de c\u0103tre cump\u0103r\u0103tor.  \n<h4>P\u0103strarea titlului<\/h4>\nToate obiectele achizi\u021biei r\u0103m\u00e2n proprietatea v\u00e2nz\u0103torului p\u00e2n\u0103 c\u00e2nd toate obliga\u021biile cump\u0103r\u0103torului care decurg din contractul de cump\u0103rare au fost achitate integral.\n<h4>Locul de \u00eendeplinire<\/h4>\nLocul de executare pentru ambele p\u0103r\u021bi \u0219i locul de jurisdic\u021bie pentru ambele p\u0103r\u021bi este Cloppenburg \u00een toate cazurile, indiferent de locul de plat\u0103.\n<h4>Indica\u021bie<\/h4>\nPrin prezenta v\u0103 atragem aten\u021bia asupra obliga\u021biei de re\u021binere pe doi ani pentru beneficiarii de servicii care nu sunt \u00eentreprinz\u0103tori, \u00een conformitate cu articolul 14b alineatul (1) din Legea german\u0103 privind taxa pe valoarea ad\u0103ugat\u0103. \t\t\t\t\t\t\t\t<\/div>\n\t\t\t\t<\/div>\n\t\t\t\t<div class=\"elementor-element elementor-element-d9d1c39 elementor-widget elementor-widget-spacer\" data-id=\"d9d1c39\" data-element_type=\"widget\" data-widget_type=\"spacer.default\">\n\t\t\t\t<div class=\"elementor-widget-container\">\n\t\t\t\t\t\t\t<div class=\"elementor-spacer\">\n\t\t\t<div class=\"elementor-spacer-inner\"><\/div>\n\t\t<\/div>\n\t\t\t\t\t\t<\/div>\n\t\t\t\t<\/div>\n\t\t\t\t\t<\/div>\n\t\t<\/div>\n\t\t\t\t\t<\/div>\n\t\t<\/section>\n\t\t\t\t<\/div>\n\t\t","protected":false},"excerpt":{"rendered":"<p>Termeni \u0219i condi\u021bii generale Condi\u021bii de v\u00e2nzare \u0219i de plat\u0103. Condi\u021bii de plat\u0103 Cu excep\u021bia cazului \u00een care se convine \u00een mod expres altfel, plata facturilor noastre este datorat\u0103 f\u0103r\u0103 deducere \u00een termen de 4 s\u0103pt\u0103m\u00e2ni de la data facturii. \u00cen cazul \u00een care plata nu este primit\u0103 la timp, ne rezerv\u0103m dreptul de a [&hellip;]<\/p>\n","protected":false},"author":1,"featured_media":0,"parent":0,"menu_order":0,"comment_status":"closed","ping_status":"closed","template":"","meta":{"footnotes":""},"class_list":["post-5957","page","type-page","status-publish","hentry"],"yoast_head":"<!-- This site is optimized with the Yoast SEO plugin v25.1 - https:\/\/yoast.com\/wordpress\/plugins\/seo\/ -->\n<title>GTC - Clemens Osterhus GmbH &amp; Co. KG<\/title>\n<meta name=\"robots\" content=\"index, follow, max-snippet:-1, max-image-preview:large, max-video-preview:-1\" \/>\n<link rel=\"canonical\" href=\"https:\/\/osterhus.testserver-seitlicht.de\/ro\/gtc\/\" \/>\n<meta property=\"og:locale\" content=\"ro_RO\" \/>\n<meta property=\"og:type\" content=\"article\" \/>\n<meta property=\"og:title\" content=\"GTC - Clemens Osterhus GmbH &amp; Co. KG\" \/>\n<meta property=\"og:description\" content=\"Termeni \u0219i condi\u021bii generale Condi\u021bii de v\u00e2nzare \u0219i de plat\u0103. Condi\u021bii de plat\u0103 Cu excep\u021bia cazului \u00een care se convine \u00een mod expres altfel, plata facturilor noastre este datorat\u0103 f\u0103r\u0103 deducere \u00een termen de 4 s\u0103pt\u0103m\u00e2ni de la data facturii. \u00cen cazul \u00een care plata nu este primit\u0103 la timp, ne rezerv\u0103m dreptul de a [&hellip;]\" \/>\n<meta property=\"og:url\" content=\"https:\/\/osterhus.testserver-seitlicht.de\/ro\/gtc\/\" \/>\n<meta property=\"og:site_name\" content=\"Clemens Osterhus GmbH &amp; Co. KG\" \/>\n<meta property=\"article:modified_time\" content=\"2025-05-23T08:59:01+00:00\" \/>\n<meta name=\"twitter:card\" content=\"summary_large_image\" \/>\n<meta name=\"twitter:label1\" content=\"Timp estimat pentru citire\" \/>\n\t<meta name=\"twitter:data1\" content=\"1 minut\" \/>\n<script type=\"application\/ld+json\" class=\"yoast-schema-graph\">{\"@context\":\"https:\/\/schema.org\",\"@graph\":[{\"@type\":\"WebPage\",\"@id\":\"https:\/\/osterhus.testserver-seitlicht.de\/ro\/gtc\/\",\"url\":\"https:\/\/osterhus.testserver-seitlicht.de\/ro\/gtc\/\",\"name\":\"GTC - Clemens Osterhus GmbH &amp; Co. KG\",\"isPartOf\":{\"@id\":\"https:\/\/osterhus.testserver-seitlicht.de\/ro\/#website\"},\"datePublished\":\"2023-02-02T15:26:31+00:00\",\"dateModified\":\"2025-05-23T08:59:01+00:00\",\"breadcrumb\":{\"@id\":\"https:\/\/osterhus.testserver-seitlicht.de\/ro\/gtc\/#breadcrumb\"},\"inLanguage\":\"ro-RO\",\"potentialAction\":[{\"@type\":\"ReadAction\",\"target\":[\"https:\/\/osterhus.testserver-seitlicht.de\/ro\/gtc\/\"]}]},{\"@type\":\"BreadcrumbList\",\"@id\":\"https:\/\/osterhus.testserver-seitlicht.de\/ro\/gtc\/#breadcrumb\",\"itemListElement\":[{\"@type\":\"ListItem\",\"position\":1,\"name\":\"Startseite\",\"item\":\"https:\/\/osterhus.testserver-seitlicht.de\/ro\/pagina-de-pornire\/\"},{\"@type\":\"ListItem\",\"position\":2,\"name\":\"GTC\"}]},{\"@type\":\"WebSite\",\"@id\":\"https:\/\/osterhus.testserver-seitlicht.de\/ro\/#website\",\"url\":\"https:\/\/osterhus.testserver-seitlicht.de\/ro\/\",\"name\":\"Clemens Osterhus GmbH &amp; Co. KG\",\"description\":\"Clemens Osterhus GmbH &amp; Co. KG\",\"publisher\":{\"@id\":\"https:\/\/osterhus.testserver-seitlicht.de\/ro\/#organization\"},\"potentialAction\":[{\"@type\":\"SearchAction\",\"target\":{\"@type\":\"EntryPoint\",\"urlTemplate\":\"https:\/\/osterhus.testserver-seitlicht.de\/ro\/?s={search_term_string}\"},\"query-input\":{\"@type\":\"PropertyValueSpecification\",\"valueRequired\":true,\"valueName\":\"search_term_string\"}}],\"inLanguage\":\"ro-RO\"},{\"@type\":\"Organization\",\"@id\":\"https:\/\/osterhus.testserver-seitlicht.de\/ro\/#organization\",\"name\":\"Clemens Osterhus GmbH &amp; Co. KG\",\"url\":\"https:\/\/osterhus.testserver-seitlicht.de\/ro\/\",\"logo\":{\"@type\":\"ImageObject\",\"inLanguage\":\"ro-RO\",\"@id\":\"https:\/\/osterhus.testserver-seitlicht.de\/ro\/#\/schema\/logo\/image\/\",\"url\":\"https:\/\/www.osterhus.de\/wp-content\/uploads\/2022\/04\/Osterhus_MolbLogo_2022-03-14-1.svg\",\"contentUrl\":\"https:\/\/www.osterhus.de\/wp-content\/uploads\/2022\/04\/Osterhus_MolbLogo_2022-03-14-1.svg\",\"width\":14649,\"height\":7049,\"caption\":\"Clemens Osterhus GmbH &amp; Co. KG\"},\"image\":{\"@id\":\"https:\/\/osterhus.testserver-seitlicht.de\/ro\/#\/schema\/logo\/image\/\"}}]}<\/script>\n<!-- \/ Yoast SEO plugin. -->","yoast_head_json":{"title":"GTC - Clemens Osterhus GmbH &amp; Co. KG","robots":{"index":"index","follow":"follow","max-snippet":"max-snippet:-1","max-image-preview":"max-image-preview:large","max-video-preview":"max-video-preview:-1"},"canonical":"https:\/\/osterhus.testserver-seitlicht.de\/ro\/gtc\/","og_locale":"ro_RO","og_type":"article","og_title":"GTC - Clemens Osterhus GmbH &amp; Co. KG","og_description":"Termeni \u0219i condi\u021bii generale Condi\u021bii de v\u00e2nzare \u0219i de plat\u0103. Condi\u021bii de plat\u0103 Cu excep\u021bia cazului \u00een care se convine \u00een mod expres altfel, plata facturilor noastre este datorat\u0103 f\u0103r\u0103 deducere \u00een termen de 4 s\u0103pt\u0103m\u00e2ni de la data facturii. \u00cen cazul \u00een care plata nu este primit\u0103 la timp, ne rezerv\u0103m dreptul de a [&hellip;]","og_url":"https:\/\/osterhus.testserver-seitlicht.de\/ro\/gtc\/","og_site_name":"Clemens Osterhus GmbH &amp; Co. KG","article_modified_time":"2025-05-23T08:59:01+00:00","twitter_card":"summary_large_image","twitter_misc":{"Timp estimat pentru citire":"1 minut"},"schema":{"@context":"https:\/\/schema.org","@graph":[{"@type":"WebPage","@id":"https:\/\/osterhus.testserver-seitlicht.de\/ro\/gtc\/","url":"https:\/\/osterhus.testserver-seitlicht.de\/ro\/gtc\/","name":"GTC - Clemens Osterhus GmbH &amp; Co. KG","isPartOf":{"@id":"https:\/\/osterhus.testserver-seitlicht.de\/ro\/#website"},"datePublished":"2023-02-02T15:26:31+00:00","dateModified":"2025-05-23T08:59:01+00:00","breadcrumb":{"@id":"https:\/\/osterhus.testserver-seitlicht.de\/ro\/gtc\/#breadcrumb"},"inLanguage":"ro-RO","potentialAction":[{"@type":"ReadAction","target":["https:\/\/osterhus.testserver-seitlicht.de\/ro\/gtc\/"]}]},{"@type":"BreadcrumbList","@id":"https:\/\/osterhus.testserver-seitlicht.de\/ro\/gtc\/#breadcrumb","itemListElement":[{"@type":"ListItem","position":1,"name":"Startseite","item":"https:\/\/osterhus.testserver-seitlicht.de\/ro\/pagina-de-pornire\/"},{"@type":"ListItem","position":2,"name":"GTC"}]},{"@type":"WebSite","@id":"https:\/\/osterhus.testserver-seitlicht.de\/ro\/#website","url":"https:\/\/osterhus.testserver-seitlicht.de\/ro\/","name":"Clemens Osterhus GmbH &amp; Co. KG","description":"Clemens Osterhus GmbH &amp; Co. KG","publisher":{"@id":"https:\/\/osterhus.testserver-seitlicht.de\/ro\/#organization"},"potentialAction":[{"@type":"SearchAction","target":{"@type":"EntryPoint","urlTemplate":"https:\/\/osterhus.testserver-seitlicht.de\/ro\/?s={search_term_string}"},"query-input":{"@type":"PropertyValueSpecification","valueRequired":true,"valueName":"search_term_string"}}],"inLanguage":"ro-RO"},{"@type":"Organization","@id":"https:\/\/osterhus.testserver-seitlicht.de\/ro\/#organization","name":"Clemens Osterhus GmbH &amp; Co. KG","url":"https:\/\/osterhus.testserver-seitlicht.de\/ro\/","logo":{"@type":"ImageObject","inLanguage":"ro-RO","@id":"https:\/\/osterhus.testserver-seitlicht.de\/ro\/#\/schema\/logo\/image\/","url":"https:\/\/www.osterhus.de\/wp-content\/uploads\/2022\/04\/Osterhus_MolbLogo_2022-03-14-1.svg","contentUrl":"https:\/\/www.osterhus.de\/wp-content\/uploads\/2022\/04\/Osterhus_MolbLogo_2022-03-14-1.svg","width":14649,"height":7049,"caption":"Clemens Osterhus GmbH &amp; Co. KG"},"image":{"@id":"https:\/\/osterhus.testserver-seitlicht.de\/ro\/#\/schema\/logo\/image\/"}}]}},"_links":{"self":[{"href":"https:\/\/osterhus.testserver-seitlicht.de\/ro\/wp-json\/wp\/v2\/pages\/5957","targetHints":{"allow":["GET"]}}],"collection":[{"href":"https:\/\/osterhus.testserver-seitlicht.de\/ro\/wp-json\/wp\/v2\/pages"}],"about":[{"href":"https:\/\/osterhus.testserver-seitlicht.de\/ro\/wp-json\/wp\/v2\/types\/page"}],"author":[{"embeddable":true,"href":"https:\/\/osterhus.testserver-seitlicht.de\/ro\/wp-json\/wp\/v2\/users\/1"}],"replies":[{"embeddable":true,"href":"https:\/\/osterhus.testserver-seitlicht.de\/ro\/wp-json\/wp\/v2\/comments?post=5957"}],"version-history":[{"count":1,"href":"https:\/\/osterhus.testserver-seitlicht.de\/ro\/wp-json\/wp\/v2\/pages\/5957\/revisions"}],"predecessor-version":[{"id":5958,"href":"https:\/\/osterhus.testserver-seitlicht.de\/ro\/wp-json\/wp\/v2\/pages\/5957\/revisions\/5958"}],"wp:attachment":[{"href":"https:\/\/osterhus.testserver-seitlicht.de\/ro\/wp-json\/wp\/v2\/media?parent=5957"}],"curies":[{"name":"wp","href":"https:\/\/api.w.org\/{rel}","templated":true}]}}