{"id":6003,"date":"2020-11-25T08:47:38","date_gmt":"2020-11-25T07:47:38","guid":{"rendered":"https:\/\/osterhus.testserver-seitlicht.de\/compania\/istoric\/"},"modified":"2025-06-18T16:23:09","modified_gmt":"2025-06-18T14:23:09","slug":"istoric","status":"publish","type":"page","link":"https:\/\/osterhus.testserver-seitlicht.de\/ro\/compania\/istoric\/","title":{"rendered":"Istoric"},"content":{"rendered":"\t\t<div data-elementor-type=\"wp-page\" data-elementor-id=\"6003\" class=\"elementor elementor-6003 elementor-46\" data-elementor-post-type=\"page\">\n\t\t\t\t\t\t<section class=\"elementor-section elementor-top-section elementor-element elementor-element-131c1fb6 elementor-section-height-min-height elementor-section-boxed elementor-section-height-default elementor-section-items-middle\" data-id=\"131c1fb6\" data-element_type=\"section\" data-settings=\"{&quot;background_background&quot;:&quot;classic&quot;}\">\n\t\t\t\t\t\t\t<div class=\"elementor-background-overlay\"><\/div>\n\t\t\t\t\t\t\t<div class=\"elementor-container elementor-column-gap-default\">\n\t\t\t\t\t<div class=\"elementor-column elementor-col-100 elementor-top-column elementor-element elementor-element-4e33135e\" data-id=\"4e33135e\" data-element_type=\"column\">\n\t\t\t<div class=\"elementor-widget-wrap elementor-element-populated\">\n\t\t\t\t\t\t<div class=\"elementor-element elementor-element-4231d470 elementor-widget elementor-widget-heading\" data-id=\"4231d470\" data-element_type=\"widget\" data-widget_type=\"heading.default\">\n\t\t\t\t<div class=\"elementor-widget-container\">\n\t\t\t\t\t<h2 class=\"elementor-heading-title elementor-size-default\">Istoric<\/h2>\t\t\t\t<\/div>\n\t\t\t\t<\/div>\n\t\t\t\t\t<\/div>\n\t\t<\/div>\n\t\t\t\t\t<\/div>\n\t\t<\/section>\n\t\t\t\t<section class=\"elementor-section elementor-top-section elementor-element elementor-element-20ff2857 elementor-section-boxed elementor-section-height-default elementor-section-height-default\" data-id=\"20ff2857\" data-element_type=\"section\">\n\t\t\t\t\t\t<div class=\"elementor-container elementor-column-gap-wide\">\n\t\t\t\t\t<div class=\"elementor-column elementor-col-50 elementor-top-column elementor-element elementor-element-7011d571\" data-id=\"7011d571\" data-element_type=\"column\">\n\t\t\t<div class=\"elementor-widget-wrap elementor-element-populated\">\n\t\t\t\t\t\t<div class=\"elementor-element elementor-element-78d3cb30 elementor-widget elementor-widget-spacer\" data-id=\"78d3cb30\" data-element_type=\"widget\" data-widget_type=\"spacer.default\">\n\t\t\t\t<div class=\"elementor-widget-container\">\n\t\t\t\t\t\t\t<div class=\"elementor-spacer\">\n\t\t\t<div class=\"elementor-spacer-inner\"><\/div>\n\t\t<\/div>\n\t\t\t\t\t\t<\/div>\n\t\t\t\t<\/div>\n\t\t\t\t<div class=\"elementor-element elementor-element-1e8f3838 elementor-widget elementor-widget-text-editor\" data-id=\"1e8f3838\" data-element_type=\"widget\" data-widget_type=\"text-editor.default\">\n\t\t\t\t<div class=\"elementor-widget-container\">\n\t\t\t\t\t\t\t\t\t<p>La 1 septembrie 1952, compania de instala\u021bii electrice Clemens Osterhus a fost \u00eenfiin\u021bat\u0103 \u00een Molbergen. Dup\u0103 construirea noii cl\u0103diri de birouri \u00een 1956, gama de servicii a fost extins\u0103 pentru a include tehnologia electric\u0103, radio \u0219i televiziune, instala\u021biile de gaz \u0219i ap\u0103 \u0219i construc\u021bia de linii aeriene. Activitatea \u00een domeniul cablurilor a fost demarat\u0103 \u00een 1962, iar biroul de desen \u0219i-a \u00eenceput activitatea \u00een 1987.  <br><br>Principala sarcin\u0103 a exploat\u0103rii conductelor este instalarea \u0219i \u00eentre\u021binerea re\u021belelor de conducte \u00een numele diferi\u021bilor clien\u021bi (de exemplu, furnizorii de energie). Regulamentele relevante aplicabile, de exemplu DVGW, sunt fundamentale pentru aceast\u0103 activitate. <\/p>\t\t\t\t\t\t\t\t<\/div>\n\t\t\t\t<\/div>\n\t\t\t\t<div class=\"elementor-element elementor-element-45c13ff elementor-hidden-tablet elementor-hidden-mobile elementor-widget elementor-widget-image\" data-id=\"45c13ff\" data-element_type=\"widget\" data-widget_type=\"image.default\">\n\t\t\t\t<div class=\"elementor-widget-container\">\n\t\t\t\t\t\t\t\t\t\t\t\t\t\t\t<img fetchpriority=\"high\" decoding=\"async\" width=\"789\" height=\"354\" src=\"https:\/\/osterhus.testserver-seitlicht.de\/wp-content\/uploads\/2020\/12\/co_historie_b02.gif\" class=\"attachment-large size-large wp-image-5086\" alt=\"\" \/>\t\t\t\t\t\t\t\t\t\t\t\t\t\t\t<\/div>\n\t\t\t\t<\/div>\n\t\t\t\t\t<\/div>\n\t\t<\/div>\n\t\t\t\t<div class=\"elementor-column elementor-col-50 elementor-top-column elementor-element elementor-element-5c1233d8\" data-id=\"5c1233d8\" data-element_type=\"column\">\n\t\t\t<div class=\"elementor-widget-wrap elementor-element-populated\">\n\t\t\t\t\t\t<div class=\"elementor-element elementor-element-6adfbbd elementor-widget elementor-widget-spacer\" data-id=\"6adfbbd\" data-element_type=\"widget\" data-widget_type=\"spacer.default\">\n\t\t\t\t<div class=\"elementor-widget-container\">\n\t\t\t\t\t\t\t<div class=\"elementor-spacer\">\n\t\t\t<div class=\"elementor-spacer-inner\"><\/div>\n\t\t<\/div>\n\t\t\t\t\t\t<\/div>\n\t\t\t\t<\/div>\n\t\t\t\t<div class=\"elementor-element elementor-element-7147451e elementor-widget elementor-widget-image\" data-id=\"7147451e\" data-element_type=\"widget\" data-widget_type=\"image.default\">\n\t\t\t\t<div class=\"elementor-widget-container\">\n\t\t\t\t\t\t\t\t\t\t\t\t\t\t\t<img decoding=\"async\" width=\"409\" height=\"490\" src=\"https:\/\/osterhus.testserver-seitlicht.de\/wp-content\/uploads\/2020\/12\/co_historie_b01-2.gif\" class=\"attachment-large size-large wp-image-5081\" alt=\"\" \/>\t\t\t\t\t\t\t\t\t\t\t\t\t\t\t<\/div>\n\t\t\t\t<\/div>\n\t\t\t\t<div class=\"elementor-element elementor-element-3f420bf elementor-hidden-desktop elementor-widget elementor-widget-image\" data-id=\"3f420bf\" data-element_type=\"widget\" data-widget_type=\"image.default\">\n\t\t\t\t<div class=\"elementor-widget-container\">\n\t\t\t\t\t\t\t\t\t\t\t\t\t\t\t<img fetchpriority=\"high\" decoding=\"async\" width=\"789\" height=\"354\" src=\"https:\/\/osterhus.testserver-seitlicht.de\/wp-content\/uploads\/2020\/12\/co_historie_b02.gif\" class=\"attachment-large size-large wp-image-5086\" alt=\"\" \/>\t\t\t\t\t\t\t\t\t\t\t\t\t\t\t<\/div>\n\t\t\t\t<\/div>\n\t\t\t\t<div class=\"elementor-element elementor-element-1651eea6 elementor-widget elementor-widget-spacer\" data-id=\"1651eea6\" data-element_type=\"widget\" data-widget_type=\"spacer.default\">\n\t\t\t\t<div class=\"elementor-widget-container\">\n\t\t\t\t\t\t\t<div class=\"elementor-spacer\">\n\t\t\t<div class=\"elementor-spacer-inner\"><\/div>\n\t\t<\/div>\n\t\t\t\t\t\t<\/div>\n\t\t\t\t<\/div>\n\t\t\t\t\t<\/div>\n\t\t<\/div>\n\t\t\t\t\t<\/div>\n\t\t<\/section>\n\t\t\t\t<section class=\"elementor-section elementor-top-section elementor-element elementor-element-20fd96ff elementor-section-boxed elementor-section-height-default elementor-section-height-default\" data-id=\"20fd96ff\" data-element_type=\"section\">\n\t\t\t\t\t\t<div class=\"elementor-container elementor-column-gap-default\">\n\t\t\t\t\t<div class=\"elementor-column elementor-col-100 elementor-top-column elementor-element elementor-element-4ab85851\" data-id=\"4ab85851\" data-element_type=\"column\">\n\t\t\t<div class=\"elementor-widget-wrap elementor-element-populated\">\n\t\t\t\t\t\t<div class=\"elementor-element elementor-element-3979b824 elementor-widget elementor-widget-spacer\" data-id=\"3979b824\" data-element_type=\"widget\" data-widget_type=\"spacer.default\">\n\t\t\t\t<div class=\"elementor-widget-container\">\n\t\t\t\t\t\t\t<div class=\"elementor-spacer\">\n\t\t\t<div class=\"elementor-spacer-inner\"><\/div>\n\t\t<\/div>\n\t\t\t\t\t\t<\/div>\n\t\t\t\t<\/div>\n\t\t\t\t\t<\/div>\n\t\t<\/div>\n\t\t\t\t\t<\/div>\n\t\t<\/section>\n\t\t\t\t<section class=\"elementor-section elementor-top-section elementor-element elementor-element-76b3c87f elementor-section-boxed elementor-section-height-default elementor-section-height-default\" data-id=\"76b3c87f\" data-element_type=\"section\" data-settings=\"{&quot;background_background&quot;:&quot;classic&quot;}\">\n\t\t\t\t\t\t<div class=\"elementor-container elementor-column-gap-default\">\n\t\t\t\t\t<div class=\"elementor-column elementor-col-100 elementor-top-column elementor-element elementor-element-435f1178\" data-id=\"435f1178\" data-element_type=\"column\">\n\t\t\t<div class=\"elementor-widget-wrap elementor-element-populated\">\n\t\t\t\t\t\t<div class=\"elementor-element elementor-element-4586d2bd elementor-widget elementor-widget-spacer\" data-id=\"4586d2bd\" data-element_type=\"widget\" data-widget_type=\"spacer.default\">\n\t\t\t\t<div class=\"elementor-widget-container\">\n\t\t\t\t\t\t\t<div class=\"elementor-spacer\">\n\t\t\t<div class=\"elementor-spacer-inner\"><\/div>\n\t\t<\/div>\n\t\t\t\t\t\t<\/div>\n\t\t\t\t<\/div>\n\t\t\t\t<div class=\"elementor-element elementor-element-6ab2076e elementor-widget elementor-widget-heading\" data-id=\"6ab2076e\" data-element_type=\"widget\" data-widget_type=\"heading.default\">\n\t\t\t\t<div class=\"elementor-widget-container\">\n\t\t\t\t\t<h2 class=\"elementor-heading-title elementor-size-default\">Vom fi bucuro\u0219i s\u0103 v\u0103 sf\u0103tuim!<\/h2>\t\t\t\t<\/div>\n\t\t\t\t<\/div>\n\t\t\t\t<div class=\"elementor-element elementor-element-3f3605a2 elementor-hidden-mobile elementor-widget elementor-widget-spacer\" data-id=\"3f3605a2\" data-element_type=\"widget\" data-widget_type=\"spacer.default\">\n\t\t\t\t<div class=\"elementor-widget-container\">\n\t\t\t\t\t\t\t<div class=\"elementor-spacer\">\n\t\t\t<div class=\"elementor-spacer-inner\"><\/div>\n\t\t<\/div>\n\t\t\t\t\t\t<\/div>\n\t\t\t\t<\/div>\n\t\t\t\t<div class=\"elementor-element elementor-element-63f6166 elementor-align-center elementor-widget elementor-widget-button\" data-id=\"63f6166\" data-element_type=\"widget\" data-widget_type=\"button.default\">\n\t\t\t\t<div class=\"elementor-widget-container\">\n\t\t\t\t\t\t\t\t\t<div class=\"elementor-button-wrapper\">\n\t\t\t\t\t<a class=\"elementor-button elementor-button-link elementor-size-sm elementor-animation-grow\" href=\"mailto:info@osterhus.de\">\n\t\t\t\t\t\t<span class=\"elementor-button-content-wrapper\">\n\t\t\t\t\t\t\t\t\t<span class=\"elementor-button-text\">Contacta\u021bi-ne acum<\/span>\n\t\t\t\t\t<\/span>\n\t\t\t\t\t<\/a>\n\t\t\t\t<\/div>\n\t\t\t\t\t\t\t\t<\/div>\n\t\t\t\t<\/div>\n\t\t\t\t<div class=\"elementor-element elementor-element-4d79df13 elementor-widget elementor-widget-spacer\" data-id=\"4d79df13\" data-element_type=\"widget\" data-widget_type=\"spacer.default\">\n\t\t\t\t<div class=\"elementor-widget-container\">\n\t\t\t\t\t\t\t<div class=\"elementor-spacer\">\n\t\t\t<div class=\"elementor-spacer-inner\"><\/div>\n\t\t<\/div>\n\t\t\t\t\t\t<\/div>\n\t\t\t\t<\/div>\n\t\t\t\t\t<\/div>\n\t\t<\/div>\n\t\t\t\t\t<\/div>\n\t\t<\/section>\n\t\t\t\t<section class=\"elementor-section elementor-top-section elementor-element elementor-element-2509cdf8 elementor-section-boxed elementor-section-height-default elementor-section-height-default\" data-id=\"2509cdf8\" data-element_type=\"section\">\n\t\t\t\t\t\t<div class=\"elementor-container elementor-column-gap-default\">\n\t\t\t\t\t<div class=\"elementor-column elementor-col-100 elementor-top-column elementor-element elementor-element-6fc95bc0\" data-id=\"6fc95bc0\" data-element_type=\"column\">\n\t\t\t<div class=\"elementor-widget-wrap elementor-element-populated\">\n\t\t\t\t\t\t<div class=\"elementor-element elementor-element-638d84bc elementor-widget elementor-widget-spacer\" data-id=\"638d84bc\" data-element_type=\"widget\" data-widget_type=\"spacer.default\">\n\t\t\t\t<div class=\"elementor-widget-container\">\n\t\t\t\t\t\t\t<div class=\"elementor-spacer\">\n\t\t\t<div class=\"elementor-spacer-inner\"><\/div>\n\t\t<\/div>\n\t\t\t\t\t\t<\/div>\n\t\t\t\t<\/div>\n\t\t\t\t<div class=\"elementor-element elementor-element-15e2db22 elementor-widget elementor-widget-heading\" data-id=\"15e2db22\" data-element_type=\"widget\" data-widget_type=\"heading.default\">\n\t\t\t\t<div class=\"elementor-widget-container\">\n\t\t\t\t\t<h2 class=\"elementor-heading-title elementor-size-default\">Clemens Osterhus GmbH &amp; Co. Leitungsbau KG<\/h2>\t\t\t\t<\/div>\n\t\t\t\t<\/div>\n\t\t\t\t<div class=\"elementor-element elementor-element-44fcd862 elementor-align-center elementor-icon-list--layout-traditional elementor-list-item-link-full_width elementor-widget elementor-widget-icon-list\" data-id=\"44fcd862\" data-element_type=\"widget\" data-widget_type=\"icon-list.default\">\n\t\t\t\t<div class=\"elementor-widget-container\">\n\t\t\t\t\t\t\t<ul class=\"elementor-icon-list-items\">\n\t\t\t\t\t\t\t<li class=\"elementor-icon-list-item\">\n\t\t\t\t\t\t\t\t\t\t<span class=\"elementor-icon-list-text\">Industriestr. 15<\/span>\n\t\t\t\t\t\t\t\t\t<\/li>\n\t\t\t\t\t\t\t\t<li class=\"elementor-icon-list-item\">\n\t\t\t\t\t\t\t\t\t\t<span class=\"elementor-icon-list-text\">49696 Molbergen<\/span>\n\t\t\t\t\t\t\t\t\t<\/li>\n\t\t\t\t\t\t\t\t<li class=\"elementor-icon-list-item\">\n\t\t\t\t\t\t\t\t\t\t\t<span class=\"elementor-icon-list-icon\">\n\t\t\t\t\t\t\t<i aria-hidden=\"true\" class=\"fas fa-phone-alt\"><\/i>\t\t\t\t\t\t<\/span>\n\t\t\t\t\t\t\t\t\t\t<span class=\"elementor-icon-list-text\">04475 940-0<\/span>\n\t\t\t\t\t\t\t\t\t<\/li>\n\t\t\t\t\t\t\t\t<li class=\"elementor-icon-list-item\">\n\t\t\t\t\t\t\t\t\t\t\t<span class=\"elementor-icon-list-icon\">\n\t\t\t\t\t\t\t<i aria-hidden=\"true\" class=\"far fa-envelope\"><\/i>\t\t\t\t\t\t<\/span>\n\t\t\t\t\t\t\t\t\t\t<span class=\"elementor-icon-list-text\">info@osterhus.de<\/span>\n\t\t\t\t\t\t\t\t\t<\/li>\n\t\t\t\t\t\t<\/ul>\n\t\t\t\t\t\t<\/div>\n\t\t\t\t<\/div>\n\t\t\t\t<div class=\"elementor-element elementor-element-737a5f57 elementor-widget elementor-widget-spacer\" data-id=\"737a5f57\" data-element_type=\"widget\" data-widget_type=\"spacer.default\">\n\t\t\t\t<div class=\"elementor-widget-container\">\n\t\t\t\t\t\t\t<div class=\"elementor-spacer\">\n\t\t\t<div class=\"elementor-spacer-inner\"><\/div>\n\t\t<\/div>\n\t\t\t\t\t\t<\/div>\n\t\t\t\t<\/div>\n\t\t\t\t\t<\/div>\n\t\t<\/div>\n\t\t\t\t\t<\/div>\n\t\t<\/section>\n\t\t\t\t<\/div>\n\t\t","protected":false},"excerpt":{"rendered":"<p>Istoric La 1 septembrie 1952, compania de instala\u021bii electrice Clemens Osterhus a fost \u00eenfiin\u021bat\u0103 \u00een Molbergen. Dup\u0103 construirea noii cl\u0103diri de birouri \u00een 1956, gama de servicii a fost extins\u0103 pentru a include tehnologia electric\u0103, radio \u0219i televiziune, instala\u021biile de gaz \u0219i ap\u0103 \u0219i construc\u021bia de linii aeriene. Activitatea \u00een domeniul cablurilor a fost demarat\u0103 [&hellip;]<\/p>\n","protected":false},"author":1,"featured_media":0,"parent":5986,"menu_order":0,"comment_status":"closed","ping_status":"closed","template":"elementor_header_footer","meta":{"footnotes":""},"class_list":["post-6003","page","type-page","status-publish","hentry"],"yoast_head":"<!-- This site is optimized with the Yoast SEO plugin v25.1 - https:\/\/yoast.com\/wordpress\/plugins\/seo\/ -->\n<title>Istoric | Mai mult de 50 de ani de expertiz\u0103 | Osterhus<\/title>\n<meta name=\"description\" content=\"Istoric | Expertiz\u0103 \u0219i experien\u021b\u0103 \u00een domeniul instala\u021biilor electrice | Afla\u021bi mai multe acum pe osterhus.de | Vom fi bucuro\u0219i s\u0103 v\u0103 consiliem\" \/>\n<meta name=\"robots\" content=\"index, follow, max-snippet:-1, max-image-preview:large, max-video-preview:-1\" \/>\n<link rel=\"canonical\" href=\"https:\/\/osterhus.testserver-seitlicht.de\/ro\/compania\/istoric\/\" \/>\n<meta property=\"og:locale\" content=\"ro_RO\" \/>\n<meta property=\"og:type\" content=\"article\" \/>\n<meta property=\"og:title\" content=\"Istoric | Mai mult de 50 de ani de expertiz\u0103 | Osterhus\" \/>\n<meta property=\"og:description\" content=\"Istoric | Expertiz\u0103 \u0219i experien\u021b\u0103 \u00een domeniul instala\u021biilor electrice | Afla\u021bi mai multe acum pe osterhus.de | Vom fi bucuro\u0219i s\u0103 v\u0103 consiliem\" \/>\n<meta property=\"og:url\" content=\"https:\/\/osterhus.testserver-seitlicht.de\/ro\/compania\/istoric\/\" \/>\n<meta property=\"og:site_name\" content=\"Clemens Osterhus GmbH &amp; Co. KG\" \/>\n<meta property=\"article:modified_time\" content=\"2025-06-18T14:23:09+00:00\" \/>\n<meta property=\"og:image\" content=\"https:\/\/osterhus.testserver-seitlicht.de\/wp-content\/uploads\/2020\/12\/co_historie_b02.gif\" \/>\n\t<meta property=\"og:image:width\" content=\"789\" \/>\n\t<meta property=\"og:image:height\" content=\"354\" \/>\n\t<meta property=\"og:image:type\" content=\"image\/gif\" \/>\n<meta name=\"twitter:card\" content=\"summary_large_image\" \/>\n<meta name=\"twitter:label1\" content=\"Timp estimat pentru citire\" \/>\n\t<meta name=\"twitter:data1\" content=\"1 minut\" \/>\n<script type=\"application\/ld+json\" class=\"yoast-schema-graph\">{\"@context\":\"https:\/\/schema.org\",\"@graph\":[{\"@type\":\"WebPage\",\"@id\":\"https:\/\/osterhus.testserver-seitlicht.de\/ro\/compania\/istoric\/\",\"url\":\"https:\/\/osterhus.testserver-seitlicht.de\/ro\/compania\/istoric\/\",\"name\":\"Istoric | Mai mult de 50 de ani de expertiz\u0103 | Osterhus\",\"isPartOf\":{\"@id\":\"https:\/\/osterhus.testserver-seitlicht.de\/ro\/#website\"},\"primaryImageOfPage\":{\"@id\":\"https:\/\/osterhus.testserver-seitlicht.de\/ro\/compania\/istoric\/#primaryimage\"},\"image\":{\"@id\":\"https:\/\/osterhus.testserver-seitlicht.de\/ro\/compania\/istoric\/#primaryimage\"},\"thumbnailUrl\":\"https:\/\/osterhus.testserver-seitlicht.de\/wp-content\/uploads\/2020\/12\/co_historie_b02.gif\",\"datePublished\":\"2020-11-25T07:47:38+00:00\",\"dateModified\":\"2025-06-18T14:23:09+00:00\",\"description\":\"Istoric | Expertiz\u0103 \u0219i experien\u021b\u0103 \u00een domeniul instala\u021biilor electrice | Afla\u021bi mai multe acum pe osterhus.de | Vom fi bucuro\u0219i s\u0103 v\u0103 consiliem\",\"breadcrumb\":{\"@id\":\"https:\/\/osterhus.testserver-seitlicht.de\/ro\/compania\/istoric\/#breadcrumb\"},\"inLanguage\":\"ro-RO\",\"potentialAction\":[{\"@type\":\"ReadAction\",\"target\":[\"https:\/\/osterhus.testserver-seitlicht.de\/ro\/compania\/istoric\/\"]}]},{\"@type\":\"ImageObject\",\"inLanguage\":\"ro-RO\",\"@id\":\"https:\/\/osterhus.testserver-seitlicht.de\/ro\/compania\/istoric\/#primaryimage\",\"url\":\"https:\/\/osterhus.testserver-seitlicht.de\/wp-content\/uploads\/2020\/12\/co_historie_b02.gif\",\"contentUrl\":\"https:\/\/osterhus.testserver-seitlicht.de\/wp-content\/uploads\/2020\/12\/co_historie_b02.gif\"},{\"@type\":\"BreadcrumbList\",\"@id\":\"https:\/\/osterhus.testserver-seitlicht.de\/ro\/compania\/istoric\/#breadcrumb\",\"itemListElement\":[{\"@type\":\"ListItem\",\"position\":1,\"name\":\"Startseite\",\"item\":\"https:\/\/osterhus.testserver-seitlicht.de\/ro\/pagina-de-pornire\/\"},{\"@type\":\"ListItem\",\"position\":2,\"name\":\"Compania\",\"item\":\"https:\/\/osterhus.testserver-seitlicht.de\/ro\/compania\/\"},{\"@type\":\"ListItem\",\"position\":3,\"name\":\"Istoric\"}]},{\"@type\":\"WebSite\",\"@id\":\"https:\/\/osterhus.testserver-seitlicht.de\/ro\/#website\",\"url\":\"https:\/\/osterhus.testserver-seitlicht.de\/ro\/\",\"name\":\"Clemens Osterhus GmbH &amp; Co. KG\",\"description\":\"Clemens Osterhus GmbH &amp; Co. KG\",\"publisher\":{\"@id\":\"https:\/\/osterhus.testserver-seitlicht.de\/ro\/#organization\"},\"potentialAction\":[{\"@type\":\"SearchAction\",\"target\":{\"@type\":\"EntryPoint\",\"urlTemplate\":\"https:\/\/osterhus.testserver-seitlicht.de\/ro\/?s={search_term_string}\"},\"query-input\":{\"@type\":\"PropertyValueSpecification\",\"valueRequired\":true,\"valueName\":\"search_term_string\"}}],\"inLanguage\":\"ro-RO\"},{\"@type\":\"Organization\",\"@id\":\"https:\/\/osterhus.testserver-seitlicht.de\/ro\/#organization\",\"name\":\"Clemens Osterhus GmbH &amp; Co. KG\",\"url\":\"https:\/\/osterhus.testserver-seitlicht.de\/ro\/\",\"logo\":{\"@type\":\"ImageObject\",\"inLanguage\":\"ro-RO\",\"@id\":\"https:\/\/osterhus.testserver-seitlicht.de\/ro\/#\/schema\/logo\/image\/\",\"url\":\"https:\/\/www.osterhus.de\/wp-content\/uploads\/2022\/04\/Osterhus_MolbLogo_2022-03-14-1.svg\",\"contentUrl\":\"https:\/\/www.osterhus.de\/wp-content\/uploads\/2022\/04\/Osterhus_MolbLogo_2022-03-14-1.svg\",\"width\":14649,\"height\":7049,\"caption\":\"Clemens Osterhus GmbH &amp; Co. KG\"},\"image\":{\"@id\":\"https:\/\/osterhus.testserver-seitlicht.de\/ro\/#\/schema\/logo\/image\/\"}}]}<\/script>\n<!-- \/ Yoast SEO plugin. -->","yoast_head_json":{"title":"Istoric | Mai mult de 50 de ani de expertiz\u0103 | Osterhus","description":"Istoric | Expertiz\u0103 \u0219i experien\u021b\u0103 \u00een domeniul instala\u021biilor electrice | Afla\u021bi mai multe acum pe osterhus.de | Vom fi bucuro\u0219i s\u0103 v\u0103 consiliem","robots":{"index":"index","follow":"follow","max-snippet":"max-snippet:-1","max-image-preview":"max-image-preview:large","max-video-preview":"max-video-preview:-1"},"canonical":"https:\/\/osterhus.testserver-seitlicht.de\/ro\/compania\/istoric\/","og_locale":"ro_RO","og_type":"article","og_title":"Istoric | Mai mult de 50 de ani de expertiz\u0103 | Osterhus","og_description":"Istoric | Expertiz\u0103 \u0219i experien\u021b\u0103 \u00een domeniul instala\u021biilor electrice | Afla\u021bi mai multe acum pe osterhus.de | Vom fi bucuro\u0219i s\u0103 v\u0103 consiliem","og_url":"https:\/\/osterhus.testserver-seitlicht.de\/ro\/compania\/istoric\/","og_site_name":"Clemens Osterhus GmbH &amp; Co. KG","article_modified_time":"2025-06-18T14:23:09+00:00","og_image":[{"width":789,"height":354,"url":"https:\/\/osterhus.testserver-seitlicht.de\/wp-content\/uploads\/2020\/12\/co_historie_b02.gif","type":"image\/gif"}],"twitter_card":"summary_large_image","twitter_misc":{"Timp estimat pentru citire":"1 minut"},"schema":{"@context":"https:\/\/schema.org","@graph":[{"@type":"WebPage","@id":"https:\/\/osterhus.testserver-seitlicht.de\/ro\/compania\/istoric\/","url":"https:\/\/osterhus.testserver-seitlicht.de\/ro\/compania\/istoric\/","name":"Istoric | Mai mult de 50 de ani de expertiz\u0103 | Osterhus","isPartOf":{"@id":"https:\/\/osterhus.testserver-seitlicht.de\/ro\/#website"},"primaryImageOfPage":{"@id":"https:\/\/osterhus.testserver-seitlicht.de\/ro\/compania\/istoric\/#primaryimage"},"image":{"@id":"https:\/\/osterhus.testserver-seitlicht.de\/ro\/compania\/istoric\/#primaryimage"},"thumbnailUrl":"https:\/\/osterhus.testserver-seitlicht.de\/wp-content\/uploads\/2020\/12\/co_historie_b02.gif","datePublished":"2020-11-25T07:47:38+00:00","dateModified":"2025-06-18T14:23:09+00:00","description":"Istoric | Expertiz\u0103 \u0219i experien\u021b\u0103 \u00een domeniul instala\u021biilor electrice | Afla\u021bi mai multe acum pe osterhus.de | Vom fi bucuro\u0219i s\u0103 v\u0103 consiliem","breadcrumb":{"@id":"https:\/\/osterhus.testserver-seitlicht.de\/ro\/compania\/istoric\/#breadcrumb"},"inLanguage":"ro-RO","potentialAction":[{"@type":"ReadAction","target":["https:\/\/osterhus.testserver-seitlicht.de\/ro\/compania\/istoric\/"]}]},{"@type":"ImageObject","inLanguage":"ro-RO","@id":"https:\/\/osterhus.testserver-seitlicht.de\/ro\/compania\/istoric\/#primaryimage","url":"https:\/\/osterhus.testserver-seitlicht.de\/wp-content\/uploads\/2020\/12\/co_historie_b02.gif","contentUrl":"https:\/\/osterhus.testserver-seitlicht.de\/wp-content\/uploads\/2020\/12\/co_historie_b02.gif"},{"@type":"BreadcrumbList","@id":"https:\/\/osterhus.testserver-seitlicht.de\/ro\/compania\/istoric\/#breadcrumb","itemListElement":[{"@type":"ListItem","position":1,"name":"Startseite","item":"https:\/\/osterhus.testserver-seitlicht.de\/ro\/pagina-de-pornire\/"},{"@type":"ListItem","position":2,"name":"Compania","item":"https:\/\/osterhus.testserver-seitlicht.de\/ro\/compania\/"},{"@type":"ListItem","position":3,"name":"Istoric"}]},{"@type":"WebSite","@id":"https:\/\/osterhus.testserver-seitlicht.de\/ro\/#website","url":"https:\/\/osterhus.testserver-seitlicht.de\/ro\/","name":"Clemens Osterhus GmbH &amp; Co. KG","description":"Clemens Osterhus GmbH &amp; Co. KG","publisher":{"@id":"https:\/\/osterhus.testserver-seitlicht.de\/ro\/#organization"},"potentialAction":[{"@type":"SearchAction","target":{"@type":"EntryPoint","urlTemplate":"https:\/\/osterhus.testserver-seitlicht.de\/ro\/?s={search_term_string}"},"query-input":{"@type":"PropertyValueSpecification","valueRequired":true,"valueName":"search_term_string"}}],"inLanguage":"ro-RO"},{"@type":"Organization","@id":"https:\/\/osterhus.testserver-seitlicht.de\/ro\/#organization","name":"Clemens Osterhus GmbH &amp; Co. KG","url":"https:\/\/osterhus.testserver-seitlicht.de\/ro\/","logo":{"@type":"ImageObject","inLanguage":"ro-RO","@id":"https:\/\/osterhus.testserver-seitlicht.de\/ro\/#\/schema\/logo\/image\/","url":"https:\/\/www.osterhus.de\/wp-content\/uploads\/2022\/04\/Osterhus_MolbLogo_2022-03-14-1.svg","contentUrl":"https:\/\/www.osterhus.de\/wp-content\/uploads\/2022\/04\/Osterhus_MolbLogo_2022-03-14-1.svg","width":14649,"height":7049,"caption":"Clemens Osterhus GmbH &amp; Co. KG"},"image":{"@id":"https:\/\/osterhus.testserver-seitlicht.de\/ro\/#\/schema\/logo\/image\/"}}]}},"_links":{"self":[{"href":"https:\/\/osterhus.testserver-seitlicht.de\/ro\/wp-json\/wp\/v2\/pages\/6003","targetHints":{"allow":["GET"]}}],"collection":[{"href":"https:\/\/osterhus.testserver-seitlicht.de\/ro\/wp-json\/wp\/v2\/pages"}],"about":[{"href":"https:\/\/osterhus.testserver-seitlicht.de\/ro\/wp-json\/wp\/v2\/types\/page"}],"author":[{"embeddable":true,"href":"https:\/\/osterhus.testserver-seitlicht.de\/ro\/wp-json\/wp\/v2\/users\/1"}],"replies":[{"embeddable":true,"href":"https:\/\/osterhus.testserver-seitlicht.de\/ro\/wp-json\/wp\/v2\/comments?post=6003"}],"version-history":[{"count":9,"href":"https:\/\/osterhus.testserver-seitlicht.de\/ro\/wp-json\/wp\/v2\/pages\/6003\/revisions"}],"predecessor-version":[{"id":7552,"href":"https:\/\/osterhus.testserver-seitlicht.de\/ro\/wp-json\/wp\/v2\/pages\/6003\/revisions\/7552"}],"up":[{"embeddable":true,"href":"https:\/\/osterhus.testserver-seitlicht.de\/ro\/wp-json\/wp\/v2\/pages\/5986"}],"wp:attachment":[{"href":"https:\/\/osterhus.testserver-seitlicht.de\/ro\/wp-json\/wp\/v2\/media?parent=6003"}],"curies":[{"name":"wp","href":"https:\/\/api.w.org\/{rel}","templated":true}]}}