{"id":6028,"date":"2021-03-01T12:23:35","date_gmt":"2021-03-01T11:23:35","guid":{"rendered":"https:\/\/osterhus.testserver-seitlicht.de\/conexiuni-in-casa\/"},"modified":"2025-06-18T16:23:28","modified_gmt":"2025-06-18T14:23:28","slug":"conexiuni-in-casa","status":"publish","type":"page","link":"https:\/\/osterhus.testserver-seitlicht.de\/ro\/conexiuni-in-casa\/","title":{"rendered":"Conexiuni \u00een cas\u0103"},"content":{"rendered":"\t\t<div data-elementor-type=\"wp-page\" data-elementor-id=\"6028\" class=\"elementor elementor-6028 elementor-881\" data-elementor-post-type=\"page\">\n\t\t\t\t\t\t<section class=\"elementor-section elementor-top-section elementor-element elementor-element-50d59a39 elementor-section-height-min-height elementor-section-boxed elementor-section-height-default elementor-section-items-middle\" data-id=\"50d59a39\" data-element_type=\"section\" data-settings=\"{&quot;background_background&quot;:&quot;classic&quot;}\">\n\t\t\t\t\t\t\t<div class=\"elementor-background-overlay\"><\/div>\n\t\t\t\t\t\t\t<div class=\"elementor-container elementor-column-gap-default\">\n\t\t\t\t\t<div class=\"elementor-column elementor-col-100 elementor-top-column elementor-element elementor-element-1cef6ad7\" data-id=\"1cef6ad7\" data-element_type=\"column\">\n\t\t\t<div class=\"elementor-widget-wrap elementor-element-populated\">\n\t\t\t\t\t\t<div class=\"elementor-element elementor-element-69dcc23a elementor-widget elementor-widget-heading\" data-id=\"69dcc23a\" data-element_type=\"widget\" data-widget_type=\"heading.default\">\n\t\t\t\t<div class=\"elementor-widget-container\">\n\t\t\t\t\t<h2 class=\"elementor-heading-title elementor-size-default\">Conexiuni \u00een cas\u0103<\/h2>\t\t\t\t<\/div>\n\t\t\t\t<\/div>\n\t\t\t\t\t<\/div>\n\t\t<\/div>\n\t\t\t\t\t<\/div>\n\t\t<\/section>\n\t\t\t\t<section class=\"elementor-section elementor-top-section elementor-element elementor-element-3b6a6db3 elementor-section-boxed elementor-section-height-default elementor-section-height-default\" data-id=\"3b6a6db3\" data-element_type=\"section\">\n\t\t\t\t\t\t<div class=\"elementor-container elementor-column-gap-default\">\n\t\t\t\t\t<div class=\"elementor-column elementor-col-100 elementor-top-column elementor-element elementor-element-349abc08\" data-id=\"349abc08\" data-element_type=\"column\">\n\t\t\t<div class=\"elementor-widget-wrap elementor-element-populated\">\n\t\t\t\t\t\t<div class=\"elementor-element elementor-element-2168bc09 elementor-widget elementor-widget-spacer\" data-id=\"2168bc09\" data-element_type=\"widget\" data-widget_type=\"spacer.default\">\n\t\t\t\t<div class=\"elementor-widget-container\">\n\t\t\t\t\t\t\t<div class=\"elementor-spacer\">\n\t\t\t<div class=\"elementor-spacer-inner\"><\/div>\n\t\t<\/div>\n\t\t\t\t\t\t<\/div>\n\t\t\t\t<\/div>\n\t\t\t\t\t<\/div>\n\t\t<\/div>\n\t\t\t\t\t<\/div>\n\t\t<\/section>\n\t\t\t\t<section class=\"elementor-section elementor-top-section elementor-element elementor-element-1836e6a5 elementor-reverse-mobile elementor-section-boxed elementor-section-height-default elementor-section-height-default\" data-id=\"1836e6a5\" data-element_type=\"section\">\n\t\t\t\t\t\t<div class=\"elementor-container elementor-column-gap-default\">\n\t\t\t\t\t<div class=\"elementor-column elementor-col-50 elementor-top-column elementor-element elementor-element-4ae6bc4e\" data-id=\"4ae6bc4e\" data-element_type=\"column\">\n\t\t\t<div class=\"elementor-widget-wrap elementor-element-populated\">\n\t\t\t\t\t\t<div class=\"elementor-element elementor-element-1316b946 elementor-widget elementor-widget-image\" data-id=\"1316b946\" data-element_type=\"widget\" data-widget_type=\"image.default\">\n\t\t\t\t<div class=\"elementor-widget-container\">\n\t\t\t\t\t\t\t\t\t\t\t\t\t\t\t<img fetchpriority=\"high\" decoding=\"async\" width=\"800\" height=\"532\" src=\"https:\/\/osterhus.testserver-seitlicht.de\/wp-content\/uploads\/2021\/07\/DSC_6877-1024x681.jpg\" class=\"attachment-large size-large wp-image-5196\" alt=\"\" srcset=\"https:\/\/osterhus.testserver-seitlicht.de\/wp-content\/uploads\/2021\/07\/DSC_6877-1024x681.jpg 1024w, https:\/\/osterhus.testserver-seitlicht.de\/wp-content\/uploads\/2021\/07\/DSC_6877-300x200.jpg 300w, https:\/\/osterhus.testserver-seitlicht.de\/wp-content\/uploads\/2021\/07\/DSC_6877-768x511.jpg 768w, https:\/\/osterhus.testserver-seitlicht.de\/wp-content\/uploads\/2021\/07\/DSC_6877-1536x1022.jpg 1536w, https:\/\/osterhus.testserver-seitlicht.de\/wp-content\/uploads\/2021\/07\/DSC_6877-2048x1363.jpg 2048w\" sizes=\"(max-width: 800px) 100vw, 800px\" \/>\t\t\t\t\t\t\t\t\t\t\t\t\t\t\t<\/div>\n\t\t\t\t<\/div>\n\t\t\t\t<div class=\"elementor-element elementor-element-3e071b5d elementor-widget elementor-widget-spacer\" data-id=\"3e071b5d\" data-element_type=\"widget\" data-widget_type=\"spacer.default\">\n\t\t\t\t<div class=\"elementor-widget-container\">\n\t\t\t\t\t\t\t<div class=\"elementor-spacer\">\n\t\t\t<div class=\"elementor-spacer-inner\"><\/div>\n\t\t<\/div>\n\t\t\t\t\t\t<\/div>\n\t\t\t\t<\/div>\n\t\t\t\t\t<\/div>\n\t\t<\/div>\n\t\t\t\t<div class=\"elementor-column elementor-col-50 elementor-top-column elementor-element elementor-element-4b037900\" data-id=\"4b037900\" data-element_type=\"column\">\n\t\t\t<div class=\"elementor-widget-wrap elementor-element-populated\">\n\t\t\t\t\t\t<div class=\"elementor-element elementor-element-375cb889 elementor-widget elementor-widget-heading\" data-id=\"375cb889\" data-element_type=\"widget\" data-widget_type=\"heading.default\">\n\t\t\t\t<div class=\"elementor-widget-container\">\n\t\t\t\t\t<h2 class=\"elementor-heading-title elementor-size-default\">Instalarea de conexiuni de electricitate, gaz, ap\u0103, telefon, fibr\u0103 optic\u0103 \u0219i internet pentru uz casnic  <\/h2>\t\t\t\t<\/div>\n\t\t\t\t<\/div>\n\t\t\t\t<div class=\"elementor-element elementor-element-14aaa7c elementor-widget elementor-widget-text-editor\" data-id=\"14aaa7c\" data-element_type=\"widget\" data-widget_type=\"text-editor.default\">\n\t\t\t\t<div class=\"elementor-widget-container\">\n\t\t\t\t\t\t\t\t\t<p>Adapt\u00e2ndu-ne la condi\u021biile locale ale fiec\u0103rui \u0219antier, select\u0103m \u00een mod individual o metod\u0103 de instalare adecvat\u0103; de la metoda clasic\u0103 de construc\u021bie la instalarea controlat\u0103<\/p>\t\t\t\t\t\t\t\t<\/div>\n\t\t\t\t<\/div>\n\t\t\t\t<div class=\"elementor-element elementor-element-784e6053 elementor-hidden-mobile elementor-widget elementor-widget-spacer\" data-id=\"784e6053\" data-element_type=\"widget\" data-widget_type=\"spacer.default\">\n\t\t\t\t<div class=\"elementor-widget-container\">\n\t\t\t\t\t\t\t<div class=\"elementor-spacer\">\n\t\t\t<div class=\"elementor-spacer-inner\"><\/div>\n\t\t<\/div>\n\t\t\t\t\t\t<\/div>\n\t\t\t\t<\/div>\n\t\t\t\t\t<\/div>\n\t\t<\/div>\n\t\t\t\t\t<\/div>\n\t\t<\/section>\n\t\t\t\t<section class=\"elementor-section elementor-top-section elementor-element elementor-element-09fd4d2 elementor-section-boxed elementor-section-height-default elementor-section-height-default\" data-id=\"09fd4d2\" data-element_type=\"section\" data-settings=\"{&quot;background_background&quot;:&quot;classic&quot;}\">\n\t\t\t\t\t\t<div class=\"elementor-container elementor-column-gap-default\">\n\t\t\t\t\t<div class=\"elementor-column elementor-col-100 elementor-top-column elementor-element elementor-element-3204241\" data-id=\"3204241\" data-element_type=\"column\">\n\t\t\t<div class=\"elementor-widget-wrap elementor-element-populated\">\n\t\t\t\t\t\t<div class=\"elementor-element elementor-element-f8a8958 elementor-widget elementor-widget-spacer\" data-id=\"f8a8958\" data-element_type=\"widget\" data-widget_type=\"spacer.default\">\n\t\t\t\t<div class=\"elementor-widget-container\">\n\t\t\t\t\t\t\t<div class=\"elementor-spacer\">\n\t\t\t<div class=\"elementor-spacer-inner\"><\/div>\n\t\t<\/div>\n\t\t\t\t\t\t<\/div>\n\t\t\t\t<\/div>\n\t\t\t\t<div class=\"elementor-element elementor-element-61fd755 elementor-widget elementor-widget-heading\" data-id=\"61fd755\" data-element_type=\"widget\" data-widget_type=\"heading.default\">\n\t\t\t\t<div class=\"elementor-widget-container\">\n\t\t\t\t\t<h2 class=\"elementor-heading-title elementor-size-default\">Vom fi bucuro\u0219i s\u0103 v\u0103 sf\u0103tuim!<\/h2>\t\t\t\t<\/div>\n\t\t\t\t<\/div>\n\t\t\t\t<div class=\"elementor-element elementor-element-de54da8 elementor-hidden-mobile elementor-widget elementor-widget-spacer\" data-id=\"de54da8\" data-element_type=\"widget\" data-widget_type=\"spacer.default\">\n\t\t\t\t<div class=\"elementor-widget-container\">\n\t\t\t\t\t\t\t<div class=\"elementor-spacer\">\n\t\t\t<div class=\"elementor-spacer-inner\"><\/div>\n\t\t<\/div>\n\t\t\t\t\t\t<\/div>\n\t\t\t\t<\/div>\n\t\t\t\t<div class=\"elementor-element elementor-element-d57172d elementor-align-center elementor-widget elementor-widget-button\" data-id=\"d57172d\" data-element_type=\"widget\" data-widget_type=\"button.default\">\n\t\t\t\t<div class=\"elementor-widget-container\">\n\t\t\t\t\t\t\t\t\t<div class=\"elementor-button-wrapper\">\n\t\t\t\t\t<a class=\"elementor-button elementor-button-link elementor-size-sm elementor-animation-grow\" href=\"mailto:info@osterhus.de\">\n\t\t\t\t\t\t<span class=\"elementor-button-content-wrapper\">\n\t\t\t\t\t\t\t\t\t<span class=\"elementor-button-text\">Contacta\u021bi-ne acum<\/span>\n\t\t\t\t\t<\/span>\n\t\t\t\t\t<\/a>\n\t\t\t\t<\/div>\n\t\t\t\t\t\t\t\t<\/div>\n\t\t\t\t<\/div>\n\t\t\t\t<div class=\"elementor-element elementor-element-5e2008a elementor-widget elementor-widget-spacer\" data-id=\"5e2008a\" data-element_type=\"widget\" data-widget_type=\"spacer.default\">\n\t\t\t\t<div class=\"elementor-widget-container\">\n\t\t\t\t\t\t\t<div class=\"elementor-spacer\">\n\t\t\t<div class=\"elementor-spacer-inner\"><\/div>\n\t\t<\/div>\n\t\t\t\t\t\t<\/div>\n\t\t\t\t<\/div>\n\t\t\t\t\t<\/div>\n\t\t<\/div>\n\t\t\t\t\t<\/div>\n\t\t<\/section>\n\t\t\t\t<section class=\"elementor-section elementor-top-section elementor-element elementor-element-47cbc86d elementor-section-boxed elementor-section-height-default elementor-section-height-default\" data-id=\"47cbc86d\" data-element_type=\"section\">\n\t\t\t\t\t\t<div class=\"elementor-container elementor-column-gap-default\">\n\t\t\t\t\t<div class=\"elementor-column elementor-col-100 elementor-top-column elementor-element elementor-element-8c5e2e9\" data-id=\"8c5e2e9\" data-element_type=\"column\">\n\t\t\t<div class=\"elementor-widget-wrap elementor-element-populated\">\n\t\t\t\t\t\t<div class=\"elementor-element elementor-element-3327ead5 elementor-widget elementor-widget-spacer\" data-id=\"3327ead5\" data-element_type=\"widget\" data-widget_type=\"spacer.default\">\n\t\t\t\t<div class=\"elementor-widget-container\">\n\t\t\t\t\t\t\t<div class=\"elementor-spacer\">\n\t\t\t<div class=\"elementor-spacer-inner\"><\/div>\n\t\t<\/div>\n\t\t\t\t\t\t<\/div>\n\t\t\t\t<\/div>\n\t\t\t\t<div class=\"elementor-element elementor-element-354fbabb elementor-widget elementor-widget-heading\" data-id=\"354fbabb\" data-element_type=\"widget\" data-widget_type=\"heading.default\">\n\t\t\t\t<div class=\"elementor-widget-container\">\n\t\t\t\t\t<h2 class=\"elementor-heading-title elementor-size-default\">Clemens Osterhus GmbH &amp; Co. Leitungsbau KG<\/h2>\t\t\t\t<\/div>\n\t\t\t\t<\/div>\n\t\t\t\t<div class=\"elementor-element elementor-element-682eaffb elementor-align-center elementor-icon-list--layout-traditional elementor-list-item-link-full_width elementor-widget elementor-widget-icon-list\" data-id=\"682eaffb\" data-element_type=\"widget\" data-widget_type=\"icon-list.default\">\n\t\t\t\t<div class=\"elementor-widget-container\">\n\t\t\t\t\t\t\t<ul class=\"elementor-icon-list-items\">\n\t\t\t\t\t\t\t<li class=\"elementor-icon-list-item\">\n\t\t\t\t\t\t\t\t\t\t<span class=\"elementor-icon-list-text\">Industriestr. 15<\/span>\n\t\t\t\t\t\t\t\t\t<\/li>\n\t\t\t\t\t\t\t\t<li class=\"elementor-icon-list-item\">\n\t\t\t\t\t\t\t\t\t\t<span class=\"elementor-icon-list-text\">49696 Molbergen<\/span>\n\t\t\t\t\t\t\t\t\t<\/li>\n\t\t\t\t\t\t\t\t<li class=\"elementor-icon-list-item\">\n\t\t\t\t\t\t\t\t\t\t\t<a href=\"tel:+4944759400\">\n\n\t\t\t\t\t\t\t\t\t\t\t\t<span class=\"elementor-icon-list-icon\">\n\t\t\t\t\t\t\t<i aria-hidden=\"true\" class=\"fas fa-phone-alt\"><\/i>\t\t\t\t\t\t<\/span>\n\t\t\t\t\t\t\t\t\t\t<span class=\"elementor-icon-list-text\">04475 940-0<\/span>\n\t\t\t\t\t\t\t\t\t\t\t<\/a>\n\t\t\t\t\t\t\t\t\t<\/li>\n\t\t\t\t\t\t\t\t<li class=\"elementor-icon-list-item\">\n\t\t\t\t\t\t\t\t\t\t\t<a href=\"mailto:info@osterhus.de\">\n\n\t\t\t\t\t\t\t\t\t\t\t\t<span class=\"elementor-icon-list-icon\">\n\t\t\t\t\t\t\t<i aria-hidden=\"true\" class=\"far fa-envelope\"><\/i>\t\t\t\t\t\t<\/span>\n\t\t\t\t\t\t\t\t\t\t<span class=\"elementor-icon-list-text\">info@osterhus.de<\/span>\n\t\t\t\t\t\t\t\t\t\t\t<\/a>\n\t\t\t\t\t\t\t\t\t<\/li>\n\t\t\t\t\t\t<\/ul>\n\t\t\t\t\t\t<\/div>\n\t\t\t\t<\/div>\n\t\t\t\t<div class=\"elementor-element elementor-element-26fe16a4 elementor-widget elementor-widget-spacer\" data-id=\"26fe16a4\" data-element_type=\"widget\" data-widget_type=\"spacer.default\">\n\t\t\t\t<div class=\"elementor-widget-container\">\n\t\t\t\t\t\t\t<div class=\"elementor-spacer\">\n\t\t\t<div class=\"elementor-spacer-inner\"><\/div>\n\t\t<\/div>\n\t\t\t\t\t\t<\/div>\n\t\t\t\t<\/div>\n\t\t\t\t\t<\/div>\n\t\t<\/div>\n\t\t\t\t\t<\/div>\n\t\t<\/section>\n\t\t\t\t<\/div>\n\t\t","protected":false},"excerpt":{"rendered":"<p>Conexiuni \u00een cas\u0103 Instalarea de conexiuni de electricitate, gaz, ap\u0103, telefon, fibr\u0103 optic\u0103 \u0219i internet pentru uz casnic Adapt\u00e2ndu-ne la condi\u021biile locale ale fiec\u0103rui \u0219antier, select\u0103m \u00een mod individual o metod\u0103 de instalare adecvat\u0103; de la metoda clasic\u0103 de construc\u021bie la instalarea controlat\u0103 Vom fi bucuro\u0219i s\u0103 v\u0103 sf\u0103tuim! Contacta\u021bi-ne acum Clemens Osterhus GmbH &amp; [&hellip;]<\/p>\n","protected":false},"author":1,"featured_media":0,"parent":0,"menu_order":0,"comment_status":"closed","ping_status":"closed","template":"elementor_header_footer","meta":{"footnotes":""},"class_list":["post-6028","page","type-page","status-publish","hentry"],"yoast_head":"<!-- This site is optimized with the Yoast SEO plugin v25.1 - https:\/\/yoast.com\/wordpress\/plugins\/seo\/ -->\n<title>Conexiuni la cas\u0103 | Gaz, ap\u0103, electricitate \u0219i telefon | Osterhus<\/title>\n<meta name=\"description\" content=\"Racorduri la cas\u0103 \u2713 Instalarea personalizat\u0103 a conductelor de gaz, ap\u0103 sau electricitate, \u00een func\u021bie de circumstan\u021be \u2713 Suntem bucuro\u0219i s\u0103 v\u0103 sf\u0103tuim!\" \/>\n<meta name=\"robots\" content=\"index, follow, max-snippet:-1, max-image-preview:large, max-video-preview:-1\" \/>\n<link rel=\"canonical\" href=\"https:\/\/osterhus.testserver-seitlicht.de\/ro\/conexiuni-in-casa\/\" \/>\n<meta property=\"og:locale\" content=\"ro_RO\" \/>\n<meta property=\"og:type\" content=\"article\" \/>\n<meta property=\"og:title\" content=\"Conexiuni la cas\u0103 | Gaz, ap\u0103, electricitate \u0219i telefon | Osterhus\" \/>\n<meta property=\"og:description\" content=\"Racorduri la cas\u0103 \u2713 Instalarea personalizat\u0103 a conductelor de gaz, ap\u0103 sau electricitate, \u00een func\u021bie de circumstan\u021be \u2713 Suntem bucuro\u0219i s\u0103 v\u0103 sf\u0103tuim!\" \/>\n<meta property=\"og:url\" content=\"https:\/\/osterhus.testserver-seitlicht.de\/ro\/conexiuni-in-casa\/\" \/>\n<meta property=\"og:site_name\" content=\"Clemens Osterhus GmbH &amp; Co. KG\" \/>\n<meta property=\"article:modified_time\" content=\"2025-06-18T14:23:28+00:00\" \/>\n<meta property=\"og:image\" content=\"https:\/\/osterhus.testserver-seitlicht.de\/wp-content\/uploads\/2021\/07\/DSC_6877-scaled.jpg\" \/>\n\t<meta property=\"og:image:width\" content=\"2560\" \/>\n\t<meta property=\"og:image:height\" content=\"1703\" \/>\n\t<meta property=\"og:image:type\" content=\"image\/jpeg\" \/>\n<meta name=\"twitter:card\" content=\"summary_large_image\" \/>\n<script type=\"application\/ld+json\" class=\"yoast-schema-graph\">{\"@context\":\"https:\/\/schema.org\",\"@graph\":[{\"@type\":\"WebPage\",\"@id\":\"https:\/\/osterhus.testserver-seitlicht.de\/ro\/conexiuni-in-casa\/\",\"url\":\"https:\/\/osterhus.testserver-seitlicht.de\/ro\/conexiuni-in-casa\/\",\"name\":\"Conexiuni la cas\u0103 | Gaz, ap\u0103, electricitate \u0219i telefon | Osterhus\",\"isPartOf\":{\"@id\":\"https:\/\/osterhus.testserver-seitlicht.de\/ro\/#website\"},\"primaryImageOfPage\":{\"@id\":\"https:\/\/osterhus.testserver-seitlicht.de\/ro\/conexiuni-in-casa\/#primaryimage\"},\"image\":{\"@id\":\"https:\/\/osterhus.testserver-seitlicht.de\/ro\/conexiuni-in-casa\/#primaryimage\"},\"thumbnailUrl\":\"https:\/\/osterhus.testserver-seitlicht.de\/wp-content\/uploads\/2021\/07\/DSC_6877-1024x681.jpg\",\"datePublished\":\"2021-03-01T11:23:35+00:00\",\"dateModified\":\"2025-06-18T14:23:28+00:00\",\"description\":\"Racorduri la cas\u0103 \u2713 Instalarea personalizat\u0103 a conductelor de gaz, ap\u0103 sau electricitate, \u00een func\u021bie de circumstan\u021be \u2713 Suntem bucuro\u0219i s\u0103 v\u0103 sf\u0103tuim!\",\"breadcrumb\":{\"@id\":\"https:\/\/osterhus.testserver-seitlicht.de\/ro\/conexiuni-in-casa\/#breadcrumb\"},\"inLanguage\":\"ro-RO\",\"potentialAction\":[{\"@type\":\"ReadAction\",\"target\":[\"https:\/\/osterhus.testserver-seitlicht.de\/ro\/conexiuni-in-casa\/\"]}]},{\"@type\":\"ImageObject\",\"inLanguage\":\"ro-RO\",\"@id\":\"https:\/\/osterhus.testserver-seitlicht.de\/ro\/conexiuni-in-casa\/#primaryimage\",\"url\":\"https:\/\/osterhus.testserver-seitlicht.de\/wp-content\/uploads\/2021\/07\/DSC_6877-1024x681.jpg\",\"contentUrl\":\"https:\/\/osterhus.testserver-seitlicht.de\/wp-content\/uploads\/2021\/07\/DSC_6877-1024x681.jpg\"},{\"@type\":\"BreadcrumbList\",\"@id\":\"https:\/\/osterhus.testserver-seitlicht.de\/ro\/conexiuni-in-casa\/#breadcrumb\",\"itemListElement\":[{\"@type\":\"ListItem\",\"position\":1,\"name\":\"Startseite\",\"item\":\"https:\/\/osterhus.testserver-seitlicht.de\/ro\/pagina-de-pornire\/\"},{\"@type\":\"ListItem\",\"position\":2,\"name\":\"Conexiuni \u00een cas\u0103\"}]},{\"@type\":\"WebSite\",\"@id\":\"https:\/\/osterhus.testserver-seitlicht.de\/ro\/#website\",\"url\":\"https:\/\/osterhus.testserver-seitlicht.de\/ro\/\",\"name\":\"Clemens Osterhus GmbH &amp; Co. KG\",\"description\":\"Clemens Osterhus GmbH &amp; Co. KG\",\"publisher\":{\"@id\":\"https:\/\/osterhus.testserver-seitlicht.de\/ro\/#organization\"},\"potentialAction\":[{\"@type\":\"SearchAction\",\"target\":{\"@type\":\"EntryPoint\",\"urlTemplate\":\"https:\/\/osterhus.testserver-seitlicht.de\/ro\/?s={search_term_string}\"},\"query-input\":{\"@type\":\"PropertyValueSpecification\",\"valueRequired\":true,\"valueName\":\"search_term_string\"}}],\"inLanguage\":\"ro-RO\"},{\"@type\":\"Organization\",\"@id\":\"https:\/\/osterhus.testserver-seitlicht.de\/ro\/#organization\",\"name\":\"Clemens Osterhus GmbH &amp; Co. KG\",\"url\":\"https:\/\/osterhus.testserver-seitlicht.de\/ro\/\",\"logo\":{\"@type\":\"ImageObject\",\"inLanguage\":\"ro-RO\",\"@id\":\"https:\/\/osterhus.testserver-seitlicht.de\/ro\/#\/schema\/logo\/image\/\",\"url\":\"https:\/\/www.osterhus.de\/wp-content\/uploads\/2022\/04\/Osterhus_MolbLogo_2022-03-14-1.svg\",\"contentUrl\":\"https:\/\/www.osterhus.de\/wp-content\/uploads\/2022\/04\/Osterhus_MolbLogo_2022-03-14-1.svg\",\"width\":14649,\"height\":7049,\"caption\":\"Clemens Osterhus GmbH &amp; Co. KG\"},\"image\":{\"@id\":\"https:\/\/osterhus.testserver-seitlicht.de\/ro\/#\/schema\/logo\/image\/\"}}]}<\/script>\n<!-- \/ Yoast SEO plugin. -->","yoast_head_json":{"title":"Conexiuni la cas\u0103 | Gaz, ap\u0103, electricitate \u0219i telefon | Osterhus","description":"Racorduri la cas\u0103 \u2713 Instalarea personalizat\u0103 a conductelor de gaz, ap\u0103 sau electricitate, \u00een func\u021bie de circumstan\u021be \u2713 Suntem bucuro\u0219i s\u0103 v\u0103 sf\u0103tuim!","robots":{"index":"index","follow":"follow","max-snippet":"max-snippet:-1","max-image-preview":"max-image-preview:large","max-video-preview":"max-video-preview:-1"},"canonical":"https:\/\/osterhus.testserver-seitlicht.de\/ro\/conexiuni-in-casa\/","og_locale":"ro_RO","og_type":"article","og_title":"Conexiuni la cas\u0103 | Gaz, ap\u0103, electricitate \u0219i telefon | Osterhus","og_description":"Racorduri la cas\u0103 \u2713 Instalarea personalizat\u0103 a conductelor de gaz, ap\u0103 sau electricitate, \u00een func\u021bie de circumstan\u021be \u2713 Suntem bucuro\u0219i s\u0103 v\u0103 sf\u0103tuim!","og_url":"https:\/\/osterhus.testserver-seitlicht.de\/ro\/conexiuni-in-casa\/","og_site_name":"Clemens Osterhus GmbH &amp; Co. KG","article_modified_time":"2025-06-18T14:23:28+00:00","og_image":[{"width":2560,"height":1703,"url":"https:\/\/osterhus.testserver-seitlicht.de\/wp-content\/uploads\/2021\/07\/DSC_6877-scaled.jpg","type":"image\/jpeg"}],"twitter_card":"summary_large_image","schema":{"@context":"https:\/\/schema.org","@graph":[{"@type":"WebPage","@id":"https:\/\/osterhus.testserver-seitlicht.de\/ro\/conexiuni-in-casa\/","url":"https:\/\/osterhus.testserver-seitlicht.de\/ro\/conexiuni-in-casa\/","name":"Conexiuni la cas\u0103 | Gaz, ap\u0103, electricitate \u0219i telefon | Osterhus","isPartOf":{"@id":"https:\/\/osterhus.testserver-seitlicht.de\/ro\/#website"},"primaryImageOfPage":{"@id":"https:\/\/osterhus.testserver-seitlicht.de\/ro\/conexiuni-in-casa\/#primaryimage"},"image":{"@id":"https:\/\/osterhus.testserver-seitlicht.de\/ro\/conexiuni-in-casa\/#primaryimage"},"thumbnailUrl":"https:\/\/osterhus.testserver-seitlicht.de\/wp-content\/uploads\/2021\/07\/DSC_6877-1024x681.jpg","datePublished":"2021-03-01T11:23:35+00:00","dateModified":"2025-06-18T14:23:28+00:00","description":"Racorduri la cas\u0103 \u2713 Instalarea personalizat\u0103 a conductelor de gaz, ap\u0103 sau electricitate, \u00een func\u021bie de circumstan\u021be \u2713 Suntem bucuro\u0219i s\u0103 v\u0103 sf\u0103tuim!","breadcrumb":{"@id":"https:\/\/osterhus.testserver-seitlicht.de\/ro\/conexiuni-in-casa\/#breadcrumb"},"inLanguage":"ro-RO","potentialAction":[{"@type":"ReadAction","target":["https:\/\/osterhus.testserver-seitlicht.de\/ro\/conexiuni-in-casa\/"]}]},{"@type":"ImageObject","inLanguage":"ro-RO","@id":"https:\/\/osterhus.testserver-seitlicht.de\/ro\/conexiuni-in-casa\/#primaryimage","url":"https:\/\/osterhus.testserver-seitlicht.de\/wp-content\/uploads\/2021\/07\/DSC_6877-1024x681.jpg","contentUrl":"https:\/\/osterhus.testserver-seitlicht.de\/wp-content\/uploads\/2021\/07\/DSC_6877-1024x681.jpg"},{"@type":"BreadcrumbList","@id":"https:\/\/osterhus.testserver-seitlicht.de\/ro\/conexiuni-in-casa\/#breadcrumb","itemListElement":[{"@type":"ListItem","position":1,"name":"Startseite","item":"https:\/\/osterhus.testserver-seitlicht.de\/ro\/pagina-de-pornire\/"},{"@type":"ListItem","position":2,"name":"Conexiuni \u00een cas\u0103"}]},{"@type":"WebSite","@id":"https:\/\/osterhus.testserver-seitlicht.de\/ro\/#website","url":"https:\/\/osterhus.testserver-seitlicht.de\/ro\/","name":"Clemens Osterhus GmbH &amp; Co. KG","description":"Clemens Osterhus GmbH &amp; Co. KG","publisher":{"@id":"https:\/\/osterhus.testserver-seitlicht.de\/ro\/#organization"},"potentialAction":[{"@type":"SearchAction","target":{"@type":"EntryPoint","urlTemplate":"https:\/\/osterhus.testserver-seitlicht.de\/ro\/?s={search_term_string}"},"query-input":{"@type":"PropertyValueSpecification","valueRequired":true,"valueName":"search_term_string"}}],"inLanguage":"ro-RO"},{"@type":"Organization","@id":"https:\/\/osterhus.testserver-seitlicht.de\/ro\/#organization","name":"Clemens Osterhus GmbH &amp; Co. KG","url":"https:\/\/osterhus.testserver-seitlicht.de\/ro\/","logo":{"@type":"ImageObject","inLanguage":"ro-RO","@id":"https:\/\/osterhus.testserver-seitlicht.de\/ro\/#\/schema\/logo\/image\/","url":"https:\/\/www.osterhus.de\/wp-content\/uploads\/2022\/04\/Osterhus_MolbLogo_2022-03-14-1.svg","contentUrl":"https:\/\/www.osterhus.de\/wp-content\/uploads\/2022\/04\/Osterhus_MolbLogo_2022-03-14-1.svg","width":14649,"height":7049,"caption":"Clemens Osterhus GmbH &amp; Co. KG"},"image":{"@id":"https:\/\/osterhus.testserver-seitlicht.de\/ro\/#\/schema\/logo\/image\/"}}]}},"_links":{"self":[{"href":"https:\/\/osterhus.testserver-seitlicht.de\/ro\/wp-json\/wp\/v2\/pages\/6028","targetHints":{"allow":["GET"]}}],"collection":[{"href":"https:\/\/osterhus.testserver-seitlicht.de\/ro\/wp-json\/wp\/v2\/pages"}],"about":[{"href":"https:\/\/osterhus.testserver-seitlicht.de\/ro\/wp-json\/wp\/v2\/types\/page"}],"author":[{"embeddable":true,"href":"https:\/\/osterhus.testserver-seitlicht.de\/ro\/wp-json\/wp\/v2\/users\/1"}],"replies":[{"embeddable":true,"href":"https:\/\/osterhus.testserver-seitlicht.de\/ro\/wp-json\/wp\/v2\/comments?post=6028"}],"version-history":[{"count":9,"href":"https:\/\/osterhus.testserver-seitlicht.de\/ro\/wp-json\/wp\/v2\/pages\/6028\/revisions"}],"predecessor-version":[{"id":7594,"href":"https:\/\/osterhus.testserver-seitlicht.de\/ro\/wp-json\/wp\/v2\/pages\/6028\/revisions\/7594"}],"wp:attachment":[{"href":"https:\/\/osterhus.testserver-seitlicht.de\/ro\/wp-json\/wp\/v2\/media?parent=6028"}],"curies":[{"name":"wp","href":"https:\/\/api.w.org\/{rel}","templated":true}]}}