{"id":6111,"date":"2020-11-25T08:45:08","date_gmt":"2020-11-25T07:45:08","guid":{"rendered":"https:\/\/osterhus.testserver-seitlicht.de\/servicii-pentru-cladiri\/sanitar\/"},"modified":"2025-06-18T16:17:34","modified_gmt":"2025-06-18T14:17:34","slug":"sanitar","status":"publish","type":"page","link":"https:\/\/osterhus.testserver-seitlicht.de\/ro\/servicii-pentru-cladiri\/sanitar\/","title":{"rendered":"Sanitar"},"content":{"rendered":"\t\t<div data-elementor-type=\"wp-page\" data-elementor-id=\"6111\" class=\"elementor elementor-6111 elementor-24\" data-elementor-post-type=\"page\">\n\t\t\t\t\t\t<section class=\"elementor-section elementor-top-section elementor-element elementor-element-3b5013c1 elementor-section-height-min-height elementor-section-boxed elementor-section-height-default elementor-section-items-middle\" data-id=\"3b5013c1\" data-element_type=\"section\" data-settings=\"{&quot;background_background&quot;:&quot;classic&quot;}\">\n\t\t\t\t\t\t\t<div class=\"elementor-background-overlay\"><\/div>\n\t\t\t\t\t\t\t<div class=\"elementor-container elementor-column-gap-default\">\n\t\t\t\t\t<div class=\"elementor-column elementor-col-100 elementor-top-column elementor-element elementor-element-2ed4e7db\" data-id=\"2ed4e7db\" data-element_type=\"column\">\n\t\t\t<div class=\"elementor-widget-wrap elementor-element-populated\">\n\t\t\t\t\t\t<div class=\"elementor-element elementor-element-4ffb0995 elementor-widget elementor-widget-heading\" data-id=\"4ffb0995\" data-element_type=\"widget\" data-widget_type=\"heading.default\">\n\t\t\t\t<div class=\"elementor-widget-container\">\n\t\t\t\t\t<h2 class=\"elementor-heading-title elementor-size-default\">Zona sanitar\u0103<\/h2>\t\t\t\t<\/div>\n\t\t\t\t<\/div>\n\t\t\t\t\t<\/div>\n\t\t<\/div>\n\t\t\t\t\t<\/div>\n\t\t<\/section>\n\t\t\t\t<section class=\"elementor-section elementor-top-section elementor-element elementor-element-1cbb577 elementor-section-boxed elementor-section-height-default elementor-section-height-default\" data-id=\"1cbb577\" data-element_type=\"section\">\n\t\t\t\t\t\t<div class=\"elementor-container elementor-column-gap-default\">\n\t\t\t\t\t<div class=\"elementor-column elementor-col-100 elementor-top-column elementor-element elementor-element-f7ee97f\" data-id=\"f7ee97f\" data-element_type=\"column\">\n\t\t\t<div class=\"elementor-widget-wrap elementor-element-populated\">\n\t\t\t\t\t\t<div class=\"elementor-element elementor-element-303f07f elementor-widget elementor-widget-spacer\" data-id=\"303f07f\" data-element_type=\"widget\" data-widget_type=\"spacer.default\">\n\t\t\t\t<div class=\"elementor-widget-container\">\n\t\t\t\t\t\t\t<div class=\"elementor-spacer\">\n\t\t\t<div class=\"elementor-spacer-inner\"><\/div>\n\t\t<\/div>\n\t\t\t\t\t\t<\/div>\n\t\t\t\t<\/div>\n\t\t\t\t\t<\/div>\n\t\t<\/div>\n\t\t\t\t\t<\/div>\n\t\t<\/section>\n\t\t\t\t<section class=\"elementor-section elementor-top-section elementor-element elementor-element-38b67f6 elementor-section-boxed elementor-section-height-default elementor-section-height-default\" data-id=\"38b67f6\" data-element_type=\"section\">\n\t\t\t\t\t\t<div class=\"elementor-container elementor-column-gap-default\">\n\t\t\t\t\t<div class=\"elementor-column elementor-col-50 elementor-top-column elementor-element elementor-element-5bb9b1fe\" data-id=\"5bb9b1fe\" data-element_type=\"column\">\n\t\t\t<div class=\"elementor-widget-wrap elementor-element-populated\">\n\t\t\t\t\t\t<div class=\"elementor-element elementor-element-14b3e2 elementor-widget elementor-widget-image\" data-id=\"14b3e2\" data-element_type=\"widget\" data-widget_type=\"image.default\">\n\t\t\t\t<div class=\"elementor-widget-container\">\n\t\t\t\t\t\t\t\t\t\t\t\t\t\t\t<img fetchpriority=\"high\" decoding=\"async\" width=\"800\" height=\"534\" src=\"https:\/\/osterhus.testserver-seitlicht.de\/wp-content\/uploads\/2021\/07\/shutterstock_275594438-1024x683.jpg\" class=\"attachment-large size-large wp-image-5211\" alt=\"\" srcset=\"https:\/\/osterhus.testserver-seitlicht.de\/wp-content\/uploads\/2021\/07\/shutterstock_275594438-1024x683.jpg 1024w, https:\/\/osterhus.testserver-seitlicht.de\/wp-content\/uploads\/2021\/07\/shutterstock_275594438-300x200.jpg 300w, https:\/\/osterhus.testserver-seitlicht.de\/wp-content\/uploads\/2021\/07\/shutterstock_275594438-768x512.jpg 768w, https:\/\/osterhus.testserver-seitlicht.de\/wp-content\/uploads\/2021\/07\/shutterstock_275594438-1536x1024.jpg 1536w, https:\/\/osterhus.testserver-seitlicht.de\/wp-content\/uploads\/2021\/07\/shutterstock_275594438-2048x1365.jpg 2048w\" sizes=\"(max-width: 800px) 100vw, 800px\" \/>\t\t\t\t\t\t\t\t\t\t\t\t\t\t\t<\/div>\n\t\t\t\t<\/div>\n\t\t\t\t<div class=\"elementor-element elementor-element-7f7a16fd elementor-widget elementor-widget-spacer\" data-id=\"7f7a16fd\" data-element_type=\"widget\" data-widget_type=\"spacer.default\">\n\t\t\t\t<div class=\"elementor-widget-container\">\n\t\t\t\t\t\t\t<div class=\"elementor-spacer\">\n\t\t\t<div class=\"elementor-spacer-inner\"><\/div>\n\t\t<\/div>\n\t\t\t\t\t\t<\/div>\n\t\t\t\t<\/div>\n\t\t\t\t\t<\/div>\n\t\t<\/div>\n\t\t\t\t<div class=\"elementor-column elementor-col-50 elementor-top-column elementor-element elementor-element-228507e0\" data-id=\"228507e0\" data-element_type=\"column\">\n\t\t\t<div class=\"elementor-widget-wrap elementor-element-populated\">\n\t\t\t\t\t\t<div class=\"elementor-element elementor-element-44fc9ff2 elementor-widget elementor-widget-text-editor\" data-id=\"44fc9ff2\" data-element_type=\"widget\" data-widget_type=\"text-editor.default\">\n\t\t\t\t<div class=\"elementor-widget-container\">\n\t\t\t\t\t\t\t\t\t<p>De la WC-uri pentru oaspe\u021bi la b\u0103i wellness: Furniz\u0103m toate materialele \u0219i instal\u0103m toate produsele de care ave\u021bi nevoie pentru instalarea b\u0103ii \u0219i a WC-urilor. Vom construi \u00eenc\u0103perile \u00een \u00eentregime conform ideilor dvs. <\/p><p>Gama noastr\u0103 de produse include tot ceea ce este legat de echipamente pentru baie, WC \u0219i toalete. De la b\u0103i, lavoare \u0219i cabine de du\u0219 p\u00e2n\u0103 la accesorii \u0219i fitinguri pentru WC.   <\/p>\t\t\t\t\t\t\t\t<\/div>\n\t\t\t\t<\/div>\n\t\t\t\t<div class=\"elementor-element elementor-element-75f7194c elementor-widget elementor-widget-spacer\" data-id=\"75f7194c\" data-element_type=\"widget\" data-widget_type=\"spacer.default\">\n\t\t\t\t<div class=\"elementor-widget-container\">\n\t\t\t\t\t\t\t<div class=\"elementor-spacer\">\n\t\t\t<div class=\"elementor-spacer-inner\"><\/div>\n\t\t<\/div>\n\t\t\t\t\t\t<\/div>\n\t\t\t\t<\/div>\n\t\t\t\t\t<\/div>\n\t\t<\/div>\n\t\t\t\t\t<\/div>\n\t\t<\/section>\n\t\t\t\t<section class=\"elementor-section elementor-top-section elementor-element elementor-element-56d0fb6 elementor-section-boxed elementor-section-height-default elementor-section-height-default\" data-id=\"56d0fb6\" data-element_type=\"section\" data-settings=\"{&quot;background_background&quot;:&quot;classic&quot;}\">\n\t\t\t\t\t\t<div class=\"elementor-container elementor-column-gap-default\">\n\t\t\t\t\t<div class=\"elementor-column elementor-col-100 elementor-top-column elementor-element elementor-element-f58df04\" data-id=\"f58df04\" data-element_type=\"column\">\n\t\t\t<div class=\"elementor-widget-wrap elementor-element-populated\">\n\t\t\t\t\t\t<div class=\"elementor-element elementor-element-c03b52c elementor-widget elementor-widget-spacer\" data-id=\"c03b52c\" data-element_type=\"widget\" data-widget_type=\"spacer.default\">\n\t\t\t\t<div class=\"elementor-widget-container\">\n\t\t\t\t\t\t\t<div class=\"elementor-spacer\">\n\t\t\t<div class=\"elementor-spacer-inner\"><\/div>\n\t\t<\/div>\n\t\t\t\t\t\t<\/div>\n\t\t\t\t<\/div>\n\t\t\t\t<div class=\"elementor-element elementor-element-1cafec5 elementor-widget elementor-widget-heading\" data-id=\"1cafec5\" data-element_type=\"widget\" data-widget_type=\"heading.default\">\n\t\t\t\t<div class=\"elementor-widget-container\">\n\t\t\t\t\t<h2 class=\"elementor-heading-title elementor-size-default\">Vom fi bucuro\u0219i s\u0103 v\u0103 sf\u0103tuim!<\/h2>\t\t\t\t<\/div>\n\t\t\t\t<\/div>\n\t\t\t\t<div class=\"elementor-element elementor-element-6278877 elementor-widget elementor-widget-spacer\" data-id=\"6278877\" data-element_type=\"widget\" data-widget_type=\"spacer.default\">\n\t\t\t\t<div class=\"elementor-widget-container\">\n\t\t\t\t\t\t\t<div class=\"elementor-spacer\">\n\t\t\t<div class=\"elementor-spacer-inner\"><\/div>\n\t\t<\/div>\n\t\t\t\t\t\t<\/div>\n\t\t\t\t<\/div>\n\t\t\t\t<div class=\"elementor-element elementor-element-7723501 elementor-align-center elementor-widget elementor-widget-button\" data-id=\"7723501\" data-element_type=\"widget\" data-widget_type=\"button.default\">\n\t\t\t\t<div class=\"elementor-widget-container\">\n\t\t\t\t\t\t\t\t\t<div class=\"elementor-button-wrapper\">\n\t\t\t\t\t<a class=\"elementor-button elementor-button-link elementor-size-sm elementor-animation-grow\" href=\"mailto:info@osterhus.de\">\n\t\t\t\t\t\t<span class=\"elementor-button-content-wrapper\">\n\t\t\t\t\t\t\t\t\t<span class=\"elementor-button-text\">Contacta\u021bi-ne acum<\/span>\n\t\t\t\t\t<\/span>\n\t\t\t\t\t<\/a>\n\t\t\t\t<\/div>\n\t\t\t\t\t\t\t\t<\/div>\n\t\t\t\t<\/div>\n\t\t\t\t<div class=\"elementor-element elementor-element-cc1453b elementor-widget elementor-widget-spacer\" data-id=\"cc1453b\" data-element_type=\"widget\" data-widget_type=\"spacer.default\">\n\t\t\t\t<div class=\"elementor-widget-container\">\n\t\t\t\t\t\t\t<div class=\"elementor-spacer\">\n\t\t\t<div class=\"elementor-spacer-inner\"><\/div>\n\t\t<\/div>\n\t\t\t\t\t\t<\/div>\n\t\t\t\t<\/div>\n\t\t\t\t\t<\/div>\n\t\t<\/div>\n\t\t\t\t\t<\/div>\n\t\t<\/section>\n\t\t\t\t<section class=\"elementor-section elementor-top-section elementor-element elementor-element-6e1f2bf5 elementor-section-boxed elementor-section-height-default elementor-section-height-default\" data-id=\"6e1f2bf5\" data-element_type=\"section\">\n\t\t\t\t\t\t<div class=\"elementor-container elementor-column-gap-default\">\n\t\t\t\t\t<div class=\"elementor-column elementor-col-100 elementor-top-column elementor-element elementor-element-5ea1b182\" data-id=\"5ea1b182\" data-element_type=\"column\">\n\t\t\t<div class=\"elementor-widget-wrap elementor-element-populated\">\n\t\t\t\t\t\t<div class=\"elementor-element elementor-element-290fd690 elementor-widget elementor-widget-spacer\" data-id=\"290fd690\" data-element_type=\"widget\" data-widget_type=\"spacer.default\">\n\t\t\t\t<div class=\"elementor-widget-container\">\n\t\t\t\t\t\t\t<div class=\"elementor-spacer\">\n\t\t\t<div class=\"elementor-spacer-inner\"><\/div>\n\t\t<\/div>\n\t\t\t\t\t\t<\/div>\n\t\t\t\t<\/div>\n\t\t\t\t<div class=\"elementor-element elementor-element-68fcd931 elementor-widget elementor-widget-heading\" data-id=\"68fcd931\" data-element_type=\"widget\" data-widget_type=\"heading.default\">\n\t\t\t\t<div class=\"elementor-widget-container\">\n\t\t\t\t\t<h2 class=\"elementor-heading-title elementor-size-default\">Clemens Osterhus GmbH &amp; Co. Leitungsbau KG<\/h2>\t\t\t\t<\/div>\n\t\t\t\t<\/div>\n\t\t\t\t<div class=\"elementor-element elementor-element-34bb1ee4 elementor-align-center elementor-icon-list--layout-traditional elementor-list-item-link-full_width elementor-widget elementor-widget-icon-list\" data-id=\"34bb1ee4\" data-element_type=\"widget\" data-widget_type=\"icon-list.default\">\n\t\t\t\t<div class=\"elementor-widget-container\">\n\t\t\t\t\t\t\t<ul class=\"elementor-icon-list-items\">\n\t\t\t\t\t\t\t<li class=\"elementor-icon-list-item\">\n\t\t\t\t\t\t\t\t\t\t<span class=\"elementor-icon-list-text\">Industriestr. 15<\/span>\n\t\t\t\t\t\t\t\t\t<\/li>\n\t\t\t\t\t\t\t\t<li class=\"elementor-icon-list-item\">\n\t\t\t\t\t\t\t\t\t\t<span class=\"elementor-icon-list-text\">49696 Molbergen<\/span>\n\t\t\t\t\t\t\t\t\t<\/li>\n\t\t\t\t\t\t\t\t<li class=\"elementor-icon-list-item\">\n\t\t\t\t\t\t\t\t\t\t\t<a href=\"tel:+4944759400\">\n\n\t\t\t\t\t\t\t\t\t\t\t\t<span class=\"elementor-icon-list-icon\">\n\t\t\t\t\t\t\t<i aria-hidden=\"true\" class=\"fas fa-phone-alt\"><\/i>\t\t\t\t\t\t<\/span>\n\t\t\t\t\t\t\t\t\t\t<span class=\"elementor-icon-list-text\">04475 940-0<\/span>\n\t\t\t\t\t\t\t\t\t\t\t<\/a>\n\t\t\t\t\t\t\t\t\t<\/li>\n\t\t\t\t\t\t\t\t<li class=\"elementor-icon-list-item\">\n\t\t\t\t\t\t\t\t\t\t\t<a href=\"mailto:info@osterhus.de\">\n\n\t\t\t\t\t\t\t\t\t\t\t\t<span class=\"elementor-icon-list-icon\">\n\t\t\t\t\t\t\t<i aria-hidden=\"true\" class=\"far fa-envelope\"><\/i>\t\t\t\t\t\t<\/span>\n\t\t\t\t\t\t\t\t\t\t<span class=\"elementor-icon-list-text\">info@osterhus.de<\/span>\n\t\t\t\t\t\t\t\t\t\t\t<\/a>\n\t\t\t\t\t\t\t\t\t<\/li>\n\t\t\t\t\t\t<\/ul>\n\t\t\t\t\t\t<\/div>\n\t\t\t\t<\/div>\n\t\t\t\t<div class=\"elementor-element elementor-element-58f34c37 elementor-widget elementor-widget-spacer\" data-id=\"58f34c37\" data-element_type=\"widget\" data-widget_type=\"spacer.default\">\n\t\t\t\t<div class=\"elementor-widget-container\">\n\t\t\t\t\t\t\t<div class=\"elementor-spacer\">\n\t\t\t<div class=\"elementor-spacer-inner\"><\/div>\n\t\t<\/div>\n\t\t\t\t\t\t<\/div>\n\t\t\t\t<\/div>\n\t\t\t\t\t<\/div>\n\t\t<\/div>\n\t\t\t\t\t<\/div>\n\t\t<\/section>\n\t\t\t\t<\/div>\n\t\t","protected":false},"excerpt":{"rendered":"<p>Zona sanitar\u0103 De la WC-uri pentru oaspe\u021bi la b\u0103i wellness: Furniz\u0103m toate materialele \u0219i instal\u0103m toate produsele de care ave\u021bi nevoie pentru instalarea b\u0103ii \u0219i a WC-urilor. Vom construi \u00eenc\u0103perile \u00een \u00eentregime conform ideilor dvs. Gama noastr\u0103 de produse include tot ceea ce este legat de echipamente pentru baie, WC \u0219i toalete. De la b\u0103i, [&hellip;]<\/p>\n","protected":false},"author":1,"featured_media":0,"parent":6090,"menu_order":0,"comment_status":"closed","ping_status":"closed","template":"elementor_header_footer","meta":{"footnotes":""},"class_list":["post-6111","page","type-page","status-publish","hentry"],"yoast_head":"<!-- This site is optimized with the Yoast SEO plugin v25.1 - https:\/\/yoast.com\/wordpress\/plugins\/seo\/ -->\n<title>Instala\u021bie sanitar\u0103 | Tehnologie \u0219i instalare | Osterhus<\/title>\n<meta name=\"description\" content=\"Instala\u021bii sanitare pentru WC-uri pentru oaspe\u021bi sau b\u0103i wellness \u2713 B\u0103i personalizate \u00een func\u021bie de nevoile dumneavoastr\u0103 \u2713 V\u0103 vom consilia cu pl\u0103cere!\" \/>\n<meta name=\"robots\" content=\"index, follow, max-snippet:-1, max-image-preview:large, max-video-preview:-1\" \/>\n<link rel=\"canonical\" href=\"https:\/\/osterhus.testserver-seitlicht.de\/ro\/servicii-pentru-cladiri\/sanitar\/\" \/>\n<meta property=\"og:locale\" content=\"ro_RO\" \/>\n<meta property=\"og:type\" content=\"article\" \/>\n<meta property=\"og:title\" content=\"Instala\u021bie sanitar\u0103 | Tehnologie \u0219i instalare | Osterhus\" \/>\n<meta property=\"og:description\" content=\"Instala\u021bii sanitare pentru WC-uri pentru oaspe\u021bi sau b\u0103i wellness \u2713 B\u0103i personalizate \u00een func\u021bie de nevoile dumneavoastr\u0103 \u2713 V\u0103 vom consilia cu pl\u0103cere!\" \/>\n<meta property=\"og:url\" content=\"https:\/\/osterhus.testserver-seitlicht.de\/ro\/servicii-pentru-cladiri\/sanitar\/\" \/>\n<meta property=\"og:site_name\" content=\"Clemens Osterhus GmbH &amp; Co. KG\" \/>\n<meta property=\"article:modified_time\" content=\"2025-06-18T14:17:34+00:00\" \/>\n<meta property=\"og:image\" content=\"https:\/\/osterhus.testserver-seitlicht.de\/wp-content\/uploads\/2021\/07\/shutterstock_275594438-scaled.jpg\" \/>\n\t<meta property=\"og:image:width\" content=\"2560\" \/>\n\t<meta property=\"og:image:height\" content=\"1706\" \/>\n\t<meta property=\"og:image:type\" content=\"image\/jpeg\" \/>\n<meta name=\"twitter:card\" content=\"summary_large_image\" \/>\n<meta name=\"twitter:label1\" content=\"Timp estimat pentru citire\" \/>\n\t<meta name=\"twitter:data1\" content=\"1 minut\" \/>\n<script type=\"application\/ld+json\" class=\"yoast-schema-graph\">{\"@context\":\"https:\/\/schema.org\",\"@graph\":[{\"@type\":\"WebPage\",\"@id\":\"https:\/\/osterhus.testserver-seitlicht.de\/ro\/servicii-pentru-cladiri\/sanitar\/\",\"url\":\"https:\/\/osterhus.testserver-seitlicht.de\/ro\/servicii-pentru-cladiri\/sanitar\/\",\"name\":\"Instala\u021bie sanitar\u0103 | Tehnologie \u0219i instalare | Osterhus\",\"isPartOf\":{\"@id\":\"https:\/\/osterhus.testserver-seitlicht.de\/ro\/#website\"},\"primaryImageOfPage\":{\"@id\":\"https:\/\/osterhus.testserver-seitlicht.de\/ro\/servicii-pentru-cladiri\/sanitar\/#primaryimage\"},\"image\":{\"@id\":\"https:\/\/osterhus.testserver-seitlicht.de\/ro\/servicii-pentru-cladiri\/sanitar\/#primaryimage\"},\"thumbnailUrl\":\"https:\/\/osterhus.testserver-seitlicht.de\/wp-content\/uploads\/2021\/07\/shutterstock_275594438-1024x683.jpg\",\"datePublished\":\"2020-11-25T07:45:08+00:00\",\"dateModified\":\"2025-06-18T14:17:34+00:00\",\"description\":\"Instala\u021bii sanitare pentru WC-uri pentru oaspe\u021bi sau b\u0103i wellness \u2713 B\u0103i personalizate \u00een func\u021bie de nevoile dumneavoastr\u0103 \u2713 V\u0103 vom consilia cu pl\u0103cere!\",\"breadcrumb\":{\"@id\":\"https:\/\/osterhus.testserver-seitlicht.de\/ro\/servicii-pentru-cladiri\/sanitar\/#breadcrumb\"},\"inLanguage\":\"ro-RO\",\"potentialAction\":[{\"@type\":\"ReadAction\",\"target\":[\"https:\/\/osterhus.testserver-seitlicht.de\/ro\/servicii-pentru-cladiri\/sanitar\/\"]}]},{\"@type\":\"ImageObject\",\"inLanguage\":\"ro-RO\",\"@id\":\"https:\/\/osterhus.testserver-seitlicht.de\/ro\/servicii-pentru-cladiri\/sanitar\/#primaryimage\",\"url\":\"https:\/\/osterhus.testserver-seitlicht.de\/wp-content\/uploads\/2021\/07\/shutterstock_275594438-1024x683.jpg\",\"contentUrl\":\"https:\/\/osterhus.testserver-seitlicht.de\/wp-content\/uploads\/2021\/07\/shutterstock_275594438-1024x683.jpg\"},{\"@type\":\"BreadcrumbList\",\"@id\":\"https:\/\/osterhus.testserver-seitlicht.de\/ro\/servicii-pentru-cladiri\/sanitar\/#breadcrumb\",\"itemListElement\":[{\"@type\":\"ListItem\",\"position\":1,\"name\":\"Startseite\",\"item\":\"https:\/\/osterhus.testserver-seitlicht.de\/ro\/pagina-de-pornire\/\"},{\"@type\":\"ListItem\",\"position\":2,\"name\":\"Servicii pentru cl\u0103diri\",\"item\":\"https:\/\/osterhus.testserver-seitlicht.de\/ro\/servicii-pentru-cladiri\/\"},{\"@type\":\"ListItem\",\"position\":3,\"name\":\"Sanitar\"}]},{\"@type\":\"WebSite\",\"@id\":\"https:\/\/osterhus.testserver-seitlicht.de\/ro\/#website\",\"url\":\"https:\/\/osterhus.testserver-seitlicht.de\/ro\/\",\"name\":\"Clemens Osterhus GmbH &amp; Co. KG\",\"description\":\"Clemens Osterhus GmbH &amp; Co. KG\",\"publisher\":{\"@id\":\"https:\/\/osterhus.testserver-seitlicht.de\/ro\/#organization\"},\"potentialAction\":[{\"@type\":\"SearchAction\",\"target\":{\"@type\":\"EntryPoint\",\"urlTemplate\":\"https:\/\/osterhus.testserver-seitlicht.de\/ro\/?s={search_term_string}\"},\"query-input\":{\"@type\":\"PropertyValueSpecification\",\"valueRequired\":true,\"valueName\":\"search_term_string\"}}],\"inLanguage\":\"ro-RO\"},{\"@type\":\"Organization\",\"@id\":\"https:\/\/osterhus.testserver-seitlicht.de\/ro\/#organization\",\"name\":\"Clemens Osterhus GmbH &amp; Co. KG\",\"url\":\"https:\/\/osterhus.testserver-seitlicht.de\/ro\/\",\"logo\":{\"@type\":\"ImageObject\",\"inLanguage\":\"ro-RO\",\"@id\":\"https:\/\/osterhus.testserver-seitlicht.de\/ro\/#\/schema\/logo\/image\/\",\"url\":\"https:\/\/www.osterhus.de\/wp-content\/uploads\/2022\/04\/Osterhus_MolbLogo_2022-03-14-1.svg\",\"contentUrl\":\"https:\/\/www.osterhus.de\/wp-content\/uploads\/2022\/04\/Osterhus_MolbLogo_2022-03-14-1.svg\",\"width\":14649,\"height\":7049,\"caption\":\"Clemens Osterhus GmbH &amp; Co. KG\"},\"image\":{\"@id\":\"https:\/\/osterhus.testserver-seitlicht.de\/ro\/#\/schema\/logo\/image\/\"}}]}<\/script>\n<!-- \/ Yoast SEO plugin. -->","yoast_head_json":{"title":"Instala\u021bie sanitar\u0103 | Tehnologie \u0219i instalare | Osterhus","description":"Instala\u021bii sanitare pentru WC-uri pentru oaspe\u021bi sau b\u0103i wellness \u2713 B\u0103i personalizate \u00een func\u021bie de nevoile dumneavoastr\u0103 \u2713 V\u0103 vom consilia cu pl\u0103cere!","robots":{"index":"index","follow":"follow","max-snippet":"max-snippet:-1","max-image-preview":"max-image-preview:large","max-video-preview":"max-video-preview:-1"},"canonical":"https:\/\/osterhus.testserver-seitlicht.de\/ro\/servicii-pentru-cladiri\/sanitar\/","og_locale":"ro_RO","og_type":"article","og_title":"Instala\u021bie sanitar\u0103 | Tehnologie \u0219i instalare | Osterhus","og_description":"Instala\u021bii sanitare pentru WC-uri pentru oaspe\u021bi sau b\u0103i wellness \u2713 B\u0103i personalizate \u00een func\u021bie de nevoile dumneavoastr\u0103 \u2713 V\u0103 vom consilia cu pl\u0103cere!","og_url":"https:\/\/osterhus.testserver-seitlicht.de\/ro\/servicii-pentru-cladiri\/sanitar\/","og_site_name":"Clemens Osterhus GmbH &amp; Co. KG","article_modified_time":"2025-06-18T14:17:34+00:00","og_image":[{"width":2560,"height":1706,"url":"https:\/\/osterhus.testserver-seitlicht.de\/wp-content\/uploads\/2021\/07\/shutterstock_275594438-scaled.jpg","type":"image\/jpeg"}],"twitter_card":"summary_large_image","twitter_misc":{"Timp estimat pentru citire":"1 minut"},"schema":{"@context":"https:\/\/schema.org","@graph":[{"@type":"WebPage","@id":"https:\/\/osterhus.testserver-seitlicht.de\/ro\/servicii-pentru-cladiri\/sanitar\/","url":"https:\/\/osterhus.testserver-seitlicht.de\/ro\/servicii-pentru-cladiri\/sanitar\/","name":"Instala\u021bie sanitar\u0103 | Tehnologie \u0219i instalare | Osterhus","isPartOf":{"@id":"https:\/\/osterhus.testserver-seitlicht.de\/ro\/#website"},"primaryImageOfPage":{"@id":"https:\/\/osterhus.testserver-seitlicht.de\/ro\/servicii-pentru-cladiri\/sanitar\/#primaryimage"},"image":{"@id":"https:\/\/osterhus.testserver-seitlicht.de\/ro\/servicii-pentru-cladiri\/sanitar\/#primaryimage"},"thumbnailUrl":"https:\/\/osterhus.testserver-seitlicht.de\/wp-content\/uploads\/2021\/07\/shutterstock_275594438-1024x683.jpg","datePublished":"2020-11-25T07:45:08+00:00","dateModified":"2025-06-18T14:17:34+00:00","description":"Instala\u021bii sanitare pentru WC-uri pentru oaspe\u021bi sau b\u0103i wellness \u2713 B\u0103i personalizate \u00een func\u021bie de nevoile dumneavoastr\u0103 \u2713 V\u0103 vom consilia cu pl\u0103cere!","breadcrumb":{"@id":"https:\/\/osterhus.testserver-seitlicht.de\/ro\/servicii-pentru-cladiri\/sanitar\/#breadcrumb"},"inLanguage":"ro-RO","potentialAction":[{"@type":"ReadAction","target":["https:\/\/osterhus.testserver-seitlicht.de\/ro\/servicii-pentru-cladiri\/sanitar\/"]}]},{"@type":"ImageObject","inLanguage":"ro-RO","@id":"https:\/\/osterhus.testserver-seitlicht.de\/ro\/servicii-pentru-cladiri\/sanitar\/#primaryimage","url":"https:\/\/osterhus.testserver-seitlicht.de\/wp-content\/uploads\/2021\/07\/shutterstock_275594438-1024x683.jpg","contentUrl":"https:\/\/osterhus.testserver-seitlicht.de\/wp-content\/uploads\/2021\/07\/shutterstock_275594438-1024x683.jpg"},{"@type":"BreadcrumbList","@id":"https:\/\/osterhus.testserver-seitlicht.de\/ro\/servicii-pentru-cladiri\/sanitar\/#breadcrumb","itemListElement":[{"@type":"ListItem","position":1,"name":"Startseite","item":"https:\/\/osterhus.testserver-seitlicht.de\/ro\/pagina-de-pornire\/"},{"@type":"ListItem","position":2,"name":"Servicii pentru cl\u0103diri","item":"https:\/\/osterhus.testserver-seitlicht.de\/ro\/servicii-pentru-cladiri\/"},{"@type":"ListItem","position":3,"name":"Sanitar"}]},{"@type":"WebSite","@id":"https:\/\/osterhus.testserver-seitlicht.de\/ro\/#website","url":"https:\/\/osterhus.testserver-seitlicht.de\/ro\/","name":"Clemens Osterhus GmbH &amp; Co. KG","description":"Clemens Osterhus GmbH &amp; Co. KG","publisher":{"@id":"https:\/\/osterhus.testserver-seitlicht.de\/ro\/#organization"},"potentialAction":[{"@type":"SearchAction","target":{"@type":"EntryPoint","urlTemplate":"https:\/\/osterhus.testserver-seitlicht.de\/ro\/?s={search_term_string}"},"query-input":{"@type":"PropertyValueSpecification","valueRequired":true,"valueName":"search_term_string"}}],"inLanguage":"ro-RO"},{"@type":"Organization","@id":"https:\/\/osterhus.testserver-seitlicht.de\/ro\/#organization","name":"Clemens Osterhus GmbH &amp; Co. KG","url":"https:\/\/osterhus.testserver-seitlicht.de\/ro\/","logo":{"@type":"ImageObject","inLanguage":"ro-RO","@id":"https:\/\/osterhus.testserver-seitlicht.de\/ro\/#\/schema\/logo\/image\/","url":"https:\/\/www.osterhus.de\/wp-content\/uploads\/2022\/04\/Osterhus_MolbLogo_2022-03-14-1.svg","contentUrl":"https:\/\/www.osterhus.de\/wp-content\/uploads\/2022\/04\/Osterhus_MolbLogo_2022-03-14-1.svg","width":14649,"height":7049,"caption":"Clemens Osterhus GmbH &amp; Co. KG"},"image":{"@id":"https:\/\/osterhus.testserver-seitlicht.de\/ro\/#\/schema\/logo\/image\/"}}]}},"_links":{"self":[{"href":"https:\/\/osterhus.testserver-seitlicht.de\/ro\/wp-json\/wp\/v2\/pages\/6111","targetHints":{"allow":["GET"]}}],"collection":[{"href":"https:\/\/osterhus.testserver-seitlicht.de\/ro\/wp-json\/wp\/v2\/pages"}],"about":[{"href":"https:\/\/osterhus.testserver-seitlicht.de\/ro\/wp-json\/wp\/v2\/types\/page"}],"author":[{"embeddable":true,"href":"https:\/\/osterhus.testserver-seitlicht.de\/ro\/wp-json\/wp\/v2\/users\/1"}],"replies":[{"embeddable":true,"href":"https:\/\/osterhus.testserver-seitlicht.de\/ro\/wp-json\/wp\/v2\/comments?post=6111"}],"version-history":[{"count":9,"href":"https:\/\/osterhus.testserver-seitlicht.de\/ro\/wp-json\/wp\/v2\/pages\/6111\/revisions"}],"predecessor-version":[{"id":7474,"href":"https:\/\/osterhus.testserver-seitlicht.de\/ro\/wp-json\/wp\/v2\/pages\/6111\/revisions\/7474"}],"up":[{"embeddable":true,"href":"https:\/\/osterhus.testserver-seitlicht.de\/ro\/wp-json\/wp\/v2\/pages\/6090"}],"wp:attachment":[{"href":"https:\/\/osterhus.testserver-seitlicht.de\/ro\/wp-json\/wp\/v2\/media?parent=6111"}],"curies":[{"name":"wp","href":"https:\/\/api.w.org\/{rel}","templated":true}]}}