{"id":6283,"date":"2020-11-25T08:48:18","date_gmt":"2020-11-25T07:48:18","guid":{"rendered":"https:\/\/osterhus.testserver-seitlicht.de\/imprint\/"},"modified":"2025-06-24T11:09:23","modified_gmt":"2025-06-24T09:09:23","slug":"imprint","status":"publish","type":"page","link":"https:\/\/osterhus.testserver-seitlicht.de\/ro\/imprint\/","title":{"rendered":"Imprint"},"content":{"rendered":"\t\t<div data-elementor-type=\"wp-page\" data-elementor-id=\"6283\" class=\"elementor elementor-6283 elementor-52\" data-elementor-post-type=\"page\">\n\t\t\t\t\t\t<section class=\"elementor-section elementor-top-section elementor-element elementor-element-36c1a4e elementor-section-boxed elementor-section-height-default elementor-section-height-default\" data-id=\"36c1a4e\" data-element_type=\"section\">\n\t\t\t\t\t\t<div class=\"elementor-container elementor-column-gap-wide\">\n\t\t\t\t\t<div class=\"elementor-column elementor-col-100 elementor-top-column elementor-element elementor-element-285819d\" data-id=\"285819d\" data-element_type=\"column\">\n\t\t\t<div class=\"elementor-widget-wrap elementor-element-populated\">\n\t\t\t\t\t\t<div class=\"elementor-element elementor-element-f599603 elementor-widget elementor-widget-spacer\" data-id=\"f599603\" data-element_type=\"widget\" data-widget_type=\"spacer.default\">\n\t\t\t\t<div class=\"elementor-widget-container\">\n\t\t\t\t\t\t\t<div class=\"elementor-spacer\">\n\t\t\t<div class=\"elementor-spacer-inner\"><\/div>\n\t\t<\/div>\n\t\t\t\t\t\t<\/div>\n\t\t\t\t<\/div>\n\t\t\t\t<div class=\"elementor-element elementor-element-22f2dfe elementor-widget elementor-widget-text-editor\" data-id=\"22f2dfe\" data-element_type=\"widget\" data-widget_type=\"text-editor.default\">\n\t\t\t\t<div class=\"elementor-widget-container\">\n\t\t\t\t\t\t\t\t\t<h1>Imprint<\/h1><h2>Informa\u021bii \u00een conformitate cu \u00a7 5 TMG<\/h2><p>Clemens Osterhus GmbH &amp; Co. Leitungsbau KG<br>Industriestrasse 15<br>49696 Molbergen<\/p><p>Registrul comer\u021bului: HRA 150118<br>Tribunalul registrului: Tribunalul local din Oldenburg<\/p><p><strong>Reprezentat de:<\/strong><br>Clemens Osterhus GmbH<\/p><p>Reprezentat de:<br>Clemens Osterhus<br> Cornelia Osterhus<\/p><p>Registrul comer\u021bului: HRB 150024<br>Curtea de \u00eenregistrare: Tribunalul local Oldenburg<\/p><h2>Contacta\u021bi-ne<\/h2><p>Telefon: +49 4475 940-0<br>Fax: +49 4475 940-50<br>E-mail: info@osterhus.de<\/p><h2>ID-ul taxei de v\u00e2nzare<\/h2><p>Num\u0103rul de identificare fiscal\u0103 a v\u00e2nz\u0103rilor \u00een conformitate cu \u00a7 27 a din Legea privind impozitul pe v\u00e2nz\u0103ri:<br>DE 117106900<\/p><h2>Solu\u021bionarea litigiilor \u00een cadrul UE<\/h2><p>Comisia European\u0103 pune la dispozi\u021bie o platform\u0103 pentru solu\u021bionarea online a litigiilor (OS): <a href=\"https:\/\/ec.europa.eu\/consumers\/odr\/\" target=\"_blank\" rel=\"noopener noreferrer\">https:\/\/ec.europa.eu\/consumers\/odr\/.<\/a><br>Adresa noastr\u0103 de e-mail se reg\u0103se\u0219te \u00een avizul juridic de mai sus.<\/p><h2>Solu\u021bionarea litigiilor \u00een materie de consum\/centrul universal de arbitraj<\/h2><p>Nu suntem dispu\u0219i sau obliga\u021bi s\u0103 particip\u0103m la procedurile de solu\u021bionare a litigiilor \u00een fa\u021ba unei comisii de arbitraj a consumatorilor.<\/p><h3>R\u0103spunderea pentru con\u021binut<\/h3><p>\u00cen calitate de furnizor de servicii, suntem responsabili pentru propriul nostru con\u021binut de pe aceste pagini, \u00een conformitate cu articolul 7 alineatul (1) din TMG (Legea german\u0103 privind telemedia) \u0219i cu legisla\u021bia general\u0103. Cu toate acestea, \u00een conformitate cu \u00a7\u00a7 8-10 TMG, noi, \u00een calitate de furnizor de servicii, nu suntem obliga\u021bi s\u0103 monitoriz\u0103m informa\u021biile transmise sau stocate de ter\u021bi sau s\u0103 investig\u0103m circumstan\u021bele care indic\u0103 o activitate ilegal\u0103.  <\/p><p>Obliga\u021biile de a elimina sau de a bloca utilizarea informa\u021biilor \u00een conformitate cu legisla\u021bia general\u0103 r\u0103m\u00e2n neafectate de aceasta. Cu toate acestea, r\u0103spunderea \u00een aceast\u0103 privin\u021b\u0103 este posibil\u0103 numai din momentul \u00een care lu\u0103m cuno\u0219tin\u021b\u0103 de o \u00eenc\u0103lcare specific\u0103. De \u00eendat\u0103 ce devenim con\u0219tien\u021bi de astfel de \u00eenc\u0103lc\u0103ri, vom elimina imediat acest con\u021binut.  <\/p><h3>R\u0103spunderea pentru linkuri<\/h3><p>Site-ul nostru web con\u021bine linkuri c\u0103tre site-uri externe ale unor ter\u021be p\u0103r\u021bi asupra con\u021binutului c\u0103rora nu avem nicio influen\u021b\u0103. Prin urmare, nu putem accepta nicio r\u0103spundere pentru acest con\u021binut al ter\u021bilor. Furnizorul sau operatorul respectiv al paginilor este \u00eentotdeauna responsabil pentru con\u021binutul paginilor legate. Paginile conectate au fost verificate \u00een momentul conect\u0103rii pentru eventuale \u00eenc\u0103lc\u0103ri ale legii. Con\u021binuturile ilegale nu au fost recunoscute la momentul conect\u0103rii.    <\/p><p>Cu toate acestea, monitorizarea permanent\u0103 a con\u021binutului paginilor legate nu este rezonabil\u0103 f\u0103r\u0103 dovezi concrete ale unei \u00eenc\u0103lc\u0103ri. \u00cen cazul \u00een care lu\u0103m cuno\u0219tin\u021b\u0103 de orice \u00eenc\u0103lcare a legii, vom elimina imediat aceste linkuri. <\/p><h3>Drepturi de autor<\/h3><p>Con\u021binutul \u0219i lucr\u0103rile create de operatorii site-ului pe aceste pagini sunt supuse legisla\u021biei germane privind drepturile de autor. Copierea, prelucrarea, distribuirea \u0219i orice tip de utilizare \u00een afara limitelor legii drepturilor de autor necesit\u0103 acordul scris al autorului sau creatorului respectiv. Desc\u0103rc\u0103rile \u0219i copiile de pe acest site sunt permise numai pentru uz privat, necomercial.  <\/p><p>\u00cen m\u0103sura \u00een care con\u021binutul de pe acest site nu a fost creat de operator, sunt respectate drepturile de autor ale p\u0103r\u021bilor ter\u021be. \u00cen special, con\u021binutul ter\u021bilor este etichetat ca atare. \u00cen cazul \u00een care, cu toate acestea, lua\u021bi cuno\u0219tin\u021b\u0103 de o \u00eenc\u0103lcare a drepturilor de autor, v\u0103 rug\u0103m s\u0103 ne informa\u021bi \u00een consecin\u021b\u0103. Dac\u0103 lu\u0103m cuno\u0219tin\u021b\u0103 de orice \u00eenc\u0103lcare, vom elimina imediat con\u021binutul respectiv.   <\/p><p><a href=\"https:\/\/www.istockphoto.com\/de\/foto\/hand-schreiben-wir-in-deutscher-sprache-auf-einer-kreidetafel-mieten-sind-gm1096257848-294340725\" target=\"_blank\" rel=\"noopener\">https:\/\/www.istockphoto.com\/de\/foto\/hand-schreiben-wir-in-deutscher-sprache-auf-einer-kreidetafel-mieten-sind-gm1096257848-294340725<\/a><\/p><p><a href=\"https:\/\/www.istockphoto.com\/de\/foto\/installation-eines-unterirdischen-tanks-f%C3%BCr-die-kanalisation-gm1321670986-407845414\" target=\"_blank\" rel=\"noopener\">https:\/\/www.istockphoto.com\/de\/foto\/installation-eines-unterirdischen-tanks-f%C3%BCr-die-kanalisation-gm1321670986-407845414<\/a><\/p><p><a href=\"https:\/\/www.istockphoto.com\/de\/foto\/hdd-horizontale-multidirektionale-drilling-betrieb-gm183810054-16020795\" target=\"_blank\" rel=\"noopener\">https:\/\/www.istockphoto.com\/de\/foto\/hdd-horizontale-multidirektionale-drilling-betrieb-gm183810054-16020795<\/a><\/p><p><a href=\"https:\/\/www.istockphoto.com\/de\/foto\/stra%C3%9Fenbaustelle-f%C3%BCr-gas-wasser-und-strominfrastruktur-in-deutschland-gm1297050459-390292034\" target=\"_blank\" rel=\"noopener\">https:\/\/www.istockphoto.com\/de\/foto\/stra%C3%9Fenbaustelle-f%C3%BCr-gas-wasser-und-strominfrastruktur-in-deutschland-gm1297050459-390292034<\/a><\/p><p><a href=\"https:\/\/www.istockphoto.com\/de\/foto\/installation-von-warmwasserleitungen-zur-beheizung-von-wohnungen-isolierte-rohre-gm1333542674-416000475\" target=\"_blank\" rel=\"noopener\">https:\/\/www.istockphoto.com\/de\/foto\/installation-von-warmwasserleitungen-zur-beheizung-von-wohnungen-isolierte-rohre-gm1333542674-416000475<\/a><\/p><p><a href=\"https:\/\/www.istockphoto.com\/de\/foto\/arbeitnehmer-bauchlage-pvc-pipes-at-the-ditch-unten-gm501299063-43489280\" target=\"_blank\" rel=\"noopener\">https:\/\/www.istockphoto.com\/de\/foto\/arbeitnehmer-bauchlage-pvc-pipes-at-the-ditch-unten-gm501299063-43489280<\/a><\/p><p><a href=\"https:\/\/www.istockphoto.com\/de\/foto\/baustelle-mit-rohren-gm1227422690-362002607\" target=\"_blank\" rel=\"noopener\">https:\/\/www.istockphoto.com\/de\/foto\/baustelle-mit-rohren-gm1227422690-362002607<\/a><\/p><p><a href=\"https:\/\/www.istockphoto.com\/de\/foto\/industrieroboter-station-mit-prisma-pole-fels-gm95700223-10310602\" target=\"_blank\" rel=\"noopener\">https:\/\/www.istockphoto.com\/de\/foto\/industrieroboter-station-mit-prisma-pole-fels-gm95700223-10310602<\/a><\/p><p><a href=\"https:\/\/www.istockphoto.com\/de\/foto\/das-hochspannungs-elektrokabel-wird-in-einem-graben-gm1189329619-336718958\" target=\"_blank\" rel=\"noopener\">https:\/\/www.istockphoto.com\/de\/foto\/das-hochspannungs-elektrokabel-wird-in-einem-graben-gm1189329619-336718958<\/a><\/p><p><a href=\"https:\/\/www.istockphoto.com\/de\/foto\/elektrizierungstechniker-der-spannung-und-strom-der-elektrischen-stromleitung-in-der-gm1150199550-311273942\" target=\"_blank\" rel=\"noopener\">https:\/\/www.istockphoto.com\/de\/foto\/elektrizierungstechniker-der-spannung-und-strom-der-elektrischen-stromleitung-in-der-gm1150199550-311273942<\/a><\/p><p><a href=\"https:\/\/www.istockphoto.com\/de\/foto\/mann-mit-rechner-berechnung-der-kosten-wirtschaftliche-rechnungen-mit-geldstapel-gm1163111044-319266475\" target=\"_blank\" rel=\"noopener\">https:\/\/www.istockphoto.com\/de\/foto\/mann-mit-rechner-berechnung-der-kosten-wirtschaftliche-rechnungen-mit-geldstapel-gm1163111044-319266475<\/a><\/p><p><a href=\"https:\/\/www.shutterstock.com\/de\/image-illustration\/modern-bright-bath-bathtub-shower-two-275594438\" target=\"_blank\" rel=\"noopener\">https:\/\/www.shutterstock.com\/de\/image-illustration\/modern-bright-bath-bathtub-shower-two-275594438<\/a><\/p><p><a href=\"https:\/\/www.shutterstock.com\/de\/image-photo\/cropped-image-male-electrician-examining-fusebox-198664457\" target=\"_blank\" rel=\"noopener\">https:\/\/www.shutterstock.com\/de\/image-photo\/cropped-image-male-electrician-examining-fusebox-198664457<\/a><\/p><p><a href=\"https:\/\/www.shutterstock.com\/de\/image-photo\/man-electrical-technician-working-switchboard-fuses-1569179599\" target=\"_blank\" rel=\"noopener\">https:\/\/www.shutterstock.com\/de\/image-photo\/man-electrical-technician-working-switchboard-fuses-1569179599<\/a><\/p><p><a href=\"https:\/\/www.istockphoto.com\/de\/foto\/badezimmer-mit-keramik-badewanne-unter-fenster-gm1097403966-294691475\" target=\"_blank\" rel=\"noopener\">https:\/\/www.istockphoto.com\/de\/foto\/badezimmer-mit-keramik-badewanne-unter-fenster-gm1097403966-294691475<\/a><\/p><p class=\"p1\"><a href=\"https:\/\/www.shutterstock.com\/de\/image-photo\/group-warehouse-workers-wearing-hardhats-reflective-682632409\">https:\/\/www.shutterstock.com\/de\/image-photo\/group-warehouse-workers-wearing-hardhats-reflective-682632409<\/a><\/p><p class=\"p3\"><a href=\"https:\/\/www.shutterstock.com\/de\/image-photo\/repair-engineagricultural-enginemachine-part-steel-gear-536737459\">https:\/\/www.shutterstock.com\/de\/image-photo\/repair-engineagricultural-enginemachine-part-steel-gear-536737459<\/a><\/p><p class=\"p3\"><a href=\"https:\/\/www.shutterstock.com\/de\/image-photo\/close-business-people-hands-pen-explaining-2169929439\">https:\/\/www.shutterstock.com\/de\/image-photo\/close-business-people-hands-pen-explaining-2169929439<\/a><\/p><p class=\"p3\"><a href=\"https:\/\/www.shutterstock.com\/image-photo\/engineer-his-coworker-creating-technical-drawing-1942212232\" target=\"_blank\" rel=\"noopener\">https:\/\/www.shutterstock.com\/image-photo\/engineer-his-coworker-creating-technical-drawing-1942212232<\/a><\/p>\t\t\t\t\t\t\t\t<\/div>\n\t\t\t\t<\/div>\n\t\t\t\t<div class=\"elementor-element elementor-element-949ed5c elementor-widget elementor-widget-spacer\" data-id=\"949ed5c\" data-element_type=\"widget\" data-widget_type=\"spacer.default\">\n\t\t\t\t<div class=\"elementor-widget-container\">\n\t\t\t\t\t\t\t<div class=\"elementor-spacer\">\n\t\t\t<div class=\"elementor-spacer-inner\"><\/div>\n\t\t<\/div>\n\t\t\t\t\t\t<\/div>\n\t\t\t\t<\/div>\n\t\t\t\t\t<\/div>\n\t\t<\/div>\n\t\t\t\t\t<\/div>\n\t\t<\/section>\n\t\t\t\t<\/div>\n\t\t","protected":false},"excerpt":{"rendered":"<p>Imprint Informa\u021bii \u00een conformitate cu \u00a7 5 TMG Clemens Osterhus GmbH &amp; Co. Leitungsbau KGIndustriestrasse 1549696 Molbergen Registrul comer\u021bului: HRA 150118Tribunalul registrului: Tribunalul local din Oldenburg Reprezentat de:Clemens Osterhus GmbH Reprezentat de:Clemens Osterhus Cornelia Osterhus Registrul comer\u021bului: HRB 150024Curtea de \u00eenregistrare: Tribunalul local Oldenburg Contacta\u021bi-ne Telefon: +49 4475 940-0Fax: +49 4475 940-50E-mail: info@osterhus.de ID-ul taxei [&hellip;]<\/p>\n","protected":false},"author":1,"featured_media":0,"parent":0,"menu_order":0,"comment_status":"closed","ping_status":"closed","template":"elementor_header_footer","meta":{"footnotes":""},"class_list":["post-6283","page","type-page","status-publish","hentry"],"yoast_head":"<!-- This site is optimized with the Yoast SEO plugin v25.1 - https:\/\/yoast.com\/wordpress\/plugins\/seo\/ -->\n<title>Imprint | Osterhus<\/title>\n<meta name=\"description\" content=\"\u00cen avizul nostru juridic ve\u021bi g\u0103si toate informa\u021biile necesare privind con\u021binutul \u0219i detaliile juridice. Citi\u021bi aici.\" \/>\n<meta name=\"robots\" content=\"index, follow, max-snippet:-1, max-image-preview:large, max-video-preview:-1\" \/>\n<link rel=\"canonical\" href=\"https:\/\/osterhus.testserver-seitlicht.de\/ro\/imprint\/\" \/>\n<meta property=\"og:locale\" content=\"ro_RO\" \/>\n<meta property=\"og:type\" content=\"article\" \/>\n<meta property=\"og:title\" content=\"Imprint | Osterhus\" \/>\n<meta property=\"og:description\" content=\"\u00cen avizul nostru juridic ve\u021bi g\u0103si toate informa\u021biile necesare privind con\u021binutul \u0219i detaliile juridice. Citi\u021bi aici.\" \/>\n<meta property=\"og:url\" content=\"https:\/\/osterhus.testserver-seitlicht.de\/ro\/imprint\/\" \/>\n<meta property=\"og:site_name\" content=\"Clemens Osterhus GmbH &amp; Co. KG\" \/>\n<meta property=\"article:modified_time\" content=\"2025-06-24T09:09:23+00:00\" \/>\n<meta name=\"twitter:card\" content=\"summary_large_image\" \/>\n<meta name=\"twitter:label1\" content=\"Timp estimat pentru citire\" \/>\n\t<meta name=\"twitter:data1\" content=\"4 minute\" \/>\n<script type=\"application\/ld+json\" class=\"yoast-schema-graph\">{\"@context\":\"https:\/\/schema.org\",\"@graph\":[{\"@type\":\"WebPage\",\"@id\":\"https:\/\/osterhus.testserver-seitlicht.de\/ro\/imprint\/\",\"url\":\"https:\/\/osterhus.testserver-seitlicht.de\/ro\/imprint\/\",\"name\":\"Imprint | Osterhus\",\"isPartOf\":{\"@id\":\"https:\/\/osterhus.testserver-seitlicht.de\/ro\/#website\"},\"datePublished\":\"2020-11-25T07:48:18+00:00\",\"dateModified\":\"2025-06-24T09:09:23+00:00\",\"description\":\"\u00cen avizul nostru juridic ve\u021bi g\u0103si toate informa\u021biile necesare privind con\u021binutul \u0219i detaliile juridice. Citi\u021bi aici.\",\"breadcrumb\":{\"@id\":\"https:\/\/osterhus.testserver-seitlicht.de\/ro\/imprint\/#breadcrumb\"},\"inLanguage\":\"ro-RO\",\"potentialAction\":[{\"@type\":\"ReadAction\",\"target\":[\"https:\/\/osterhus.testserver-seitlicht.de\/ro\/imprint\/\"]}]},{\"@type\":\"BreadcrumbList\",\"@id\":\"https:\/\/osterhus.testserver-seitlicht.de\/ro\/imprint\/#breadcrumb\",\"itemListElement\":[{\"@type\":\"ListItem\",\"position\":1,\"name\":\"Startseite\",\"item\":\"https:\/\/osterhus.testserver-seitlicht.de\/ro\/pagina-de-pornire\/\"},{\"@type\":\"ListItem\",\"position\":2,\"name\":\"Imprint\"}]},{\"@type\":\"WebSite\",\"@id\":\"https:\/\/osterhus.testserver-seitlicht.de\/ro\/#website\",\"url\":\"https:\/\/osterhus.testserver-seitlicht.de\/ro\/\",\"name\":\"Clemens Osterhus GmbH &amp; Co. KG\",\"description\":\"Clemens Osterhus GmbH &amp; Co. KG\",\"publisher\":{\"@id\":\"https:\/\/osterhus.testserver-seitlicht.de\/ro\/#organization\"},\"potentialAction\":[{\"@type\":\"SearchAction\",\"target\":{\"@type\":\"EntryPoint\",\"urlTemplate\":\"https:\/\/osterhus.testserver-seitlicht.de\/ro\/?s={search_term_string}\"},\"query-input\":{\"@type\":\"PropertyValueSpecification\",\"valueRequired\":true,\"valueName\":\"search_term_string\"}}],\"inLanguage\":\"ro-RO\"},{\"@type\":\"Organization\",\"@id\":\"https:\/\/osterhus.testserver-seitlicht.de\/ro\/#organization\",\"name\":\"Clemens Osterhus GmbH &amp; Co. KG\",\"url\":\"https:\/\/osterhus.testserver-seitlicht.de\/ro\/\",\"logo\":{\"@type\":\"ImageObject\",\"inLanguage\":\"ro-RO\",\"@id\":\"https:\/\/osterhus.testserver-seitlicht.de\/ro\/#\/schema\/logo\/image\/\",\"url\":\"https:\/\/www.osterhus.de\/wp-content\/uploads\/2022\/04\/Osterhus_MolbLogo_2022-03-14-1.svg\",\"contentUrl\":\"https:\/\/www.osterhus.de\/wp-content\/uploads\/2022\/04\/Osterhus_MolbLogo_2022-03-14-1.svg\",\"width\":14649,\"height\":7049,\"caption\":\"Clemens Osterhus GmbH &amp; Co. KG\"},\"image\":{\"@id\":\"https:\/\/osterhus.testserver-seitlicht.de\/ro\/#\/schema\/logo\/image\/\"}}]}<\/script>\n<!-- \/ Yoast SEO plugin. -->","yoast_head_json":{"title":"Imprint | Osterhus","description":"\u00cen avizul nostru juridic ve\u021bi g\u0103si toate informa\u021biile necesare privind con\u021binutul \u0219i detaliile juridice. Citi\u021bi aici.","robots":{"index":"index","follow":"follow","max-snippet":"max-snippet:-1","max-image-preview":"max-image-preview:large","max-video-preview":"max-video-preview:-1"},"canonical":"https:\/\/osterhus.testserver-seitlicht.de\/ro\/imprint\/","og_locale":"ro_RO","og_type":"article","og_title":"Imprint | Osterhus","og_description":"\u00cen avizul nostru juridic ve\u021bi g\u0103si toate informa\u021biile necesare privind con\u021binutul \u0219i detaliile juridice. Citi\u021bi aici.","og_url":"https:\/\/osterhus.testserver-seitlicht.de\/ro\/imprint\/","og_site_name":"Clemens Osterhus GmbH &amp; Co. KG","article_modified_time":"2025-06-24T09:09:23+00:00","twitter_card":"summary_large_image","twitter_misc":{"Timp estimat pentru citire":"4 minute"},"schema":{"@context":"https:\/\/schema.org","@graph":[{"@type":"WebPage","@id":"https:\/\/osterhus.testserver-seitlicht.de\/ro\/imprint\/","url":"https:\/\/osterhus.testserver-seitlicht.de\/ro\/imprint\/","name":"Imprint | Osterhus","isPartOf":{"@id":"https:\/\/osterhus.testserver-seitlicht.de\/ro\/#website"},"datePublished":"2020-11-25T07:48:18+00:00","dateModified":"2025-06-24T09:09:23+00:00","description":"\u00cen avizul nostru juridic ve\u021bi g\u0103si toate informa\u021biile necesare privind con\u021binutul \u0219i detaliile juridice. Citi\u021bi aici.","breadcrumb":{"@id":"https:\/\/osterhus.testserver-seitlicht.de\/ro\/imprint\/#breadcrumb"},"inLanguage":"ro-RO","potentialAction":[{"@type":"ReadAction","target":["https:\/\/osterhus.testserver-seitlicht.de\/ro\/imprint\/"]}]},{"@type":"BreadcrumbList","@id":"https:\/\/osterhus.testserver-seitlicht.de\/ro\/imprint\/#breadcrumb","itemListElement":[{"@type":"ListItem","position":1,"name":"Startseite","item":"https:\/\/osterhus.testserver-seitlicht.de\/ro\/pagina-de-pornire\/"},{"@type":"ListItem","position":2,"name":"Imprint"}]},{"@type":"WebSite","@id":"https:\/\/osterhus.testserver-seitlicht.de\/ro\/#website","url":"https:\/\/osterhus.testserver-seitlicht.de\/ro\/","name":"Clemens Osterhus GmbH &amp; Co. KG","description":"Clemens Osterhus GmbH &amp; Co. KG","publisher":{"@id":"https:\/\/osterhus.testserver-seitlicht.de\/ro\/#organization"},"potentialAction":[{"@type":"SearchAction","target":{"@type":"EntryPoint","urlTemplate":"https:\/\/osterhus.testserver-seitlicht.de\/ro\/?s={search_term_string}"},"query-input":{"@type":"PropertyValueSpecification","valueRequired":true,"valueName":"search_term_string"}}],"inLanguage":"ro-RO"},{"@type":"Organization","@id":"https:\/\/osterhus.testserver-seitlicht.de\/ro\/#organization","name":"Clemens Osterhus GmbH &amp; Co. KG","url":"https:\/\/osterhus.testserver-seitlicht.de\/ro\/","logo":{"@type":"ImageObject","inLanguage":"ro-RO","@id":"https:\/\/osterhus.testserver-seitlicht.de\/ro\/#\/schema\/logo\/image\/","url":"https:\/\/www.osterhus.de\/wp-content\/uploads\/2022\/04\/Osterhus_MolbLogo_2022-03-14-1.svg","contentUrl":"https:\/\/www.osterhus.de\/wp-content\/uploads\/2022\/04\/Osterhus_MolbLogo_2022-03-14-1.svg","width":14649,"height":7049,"caption":"Clemens Osterhus GmbH &amp; Co. KG"},"image":{"@id":"https:\/\/osterhus.testserver-seitlicht.de\/ro\/#\/schema\/logo\/image\/"}}]}},"_links":{"self":[{"href":"https:\/\/osterhus.testserver-seitlicht.de\/ro\/wp-json\/wp\/v2\/pages\/6283","targetHints":{"allow":["GET"]}}],"collection":[{"href":"https:\/\/osterhus.testserver-seitlicht.de\/ro\/wp-json\/wp\/v2\/pages"}],"about":[{"href":"https:\/\/osterhus.testserver-seitlicht.de\/ro\/wp-json\/wp\/v2\/types\/page"}],"author":[{"embeddable":true,"href":"https:\/\/osterhus.testserver-seitlicht.de\/ro\/wp-json\/wp\/v2\/users\/1"}],"replies":[{"embeddable":true,"href":"https:\/\/osterhus.testserver-seitlicht.de\/ro\/wp-json\/wp\/v2\/comments?post=6283"}],"version-history":[{"count":7,"href":"https:\/\/osterhus.testserver-seitlicht.de\/ro\/wp-json\/wp\/v2\/pages\/6283\/revisions"}],"predecessor-version":[{"id":7835,"href":"https:\/\/osterhus.testserver-seitlicht.de\/ro\/wp-json\/wp\/v2\/pages\/6283\/revisions\/7835"}],"wp:attachment":[{"href":"https:\/\/osterhus.testserver-seitlicht.de\/ro\/wp-json\/wp\/v2\/media?parent=6283"}],"curies":[{"name":"wp","href":"https:\/\/api.w.org\/{rel}","templated":true}]}}